{"id":903,"date":"2010-10-28T10:08:49","date_gmt":"2010-10-28T08:08:49","guid":{"rendered":"http:\/\/www.baglyasalja.hu\/baglyas\/?page_id=903"},"modified":"2011-05-31T17:58:12","modified_gmt":"2011-05-31T15:58:12","slug":"700-eves-baglyasko-vara-salgotarjan-emlekev","status":"publish","type":"page","link":"https:\/\/www.baglyasalja.hu\/baglyas\/?page_id=903","title":{"rendered":"700 \u00e9ves Baglyask\u0151 v\u00e1ra"},"content":{"rendered":"<p style=\"text-align: center;\">\n<p style=\"text-align: center;\"><img decoding=\"async\" class=\"alignnone\" src=\"http:\/\/www.baglyasalja.hu\/baglyas\/wp-content\/gallery\/baglyasko700\/01_700ev.jpg\" alt=\"\" \/><\/p>\n<p style=\"text-align: center;\"><strong>700 \u00e9ves Baglyask\u0151 v\u00e1ra \u2013 Salg\u00f3tarj\u00e1n <\/strong>eml\u00e9k\u00e9vet z\u00e1r\u00f3 koncert<\/p>\n<p style=\"text-align: center;\"><img loading=\"lazy\" decoding=\"async\" class=\"aligncenter\" src=\"http:\/\/www.baglyasalja.hu\/baglyas\/wp-content\/gallery\/baglyasko700\/zarokoncert.jpg\" alt=\"\" width=\"600\" height=\"903\" \/><\/p>\n","protected":false},"excerpt":{"rendered":"<p>700 \u00e9ves Baglyask\u0151 v\u00e1ra \u2013 Salg\u00f3tarj\u00e1n eml\u00e9k\u00e9vet z\u00e1r\u00f3 koncert<\/p>\n","protected":false},"author":1,"featured_media":0,"parent":0,"menu_order":1,"comment_status":"open","ping_status":"open","template":"","meta":{"footnotes":""},"class_list":["post-903","page","type-page","status-publish","hentry"],"_links":{"self":[{"href":"https:\/\/www.baglyasalja.hu\/baglyas\/index.php?rest_route=\/wp\/v2\/pages\/903","targetHints":{"allow":["GET"]}}],"collection":[{"href":"https:\/\/www.baglyasalja.hu\/baglyas\/index.php?rest_route=\/wp\/v2\/pages"}],"about":[{"href":"https:\/\/www.baglyasalja.hu\/baglyas\/index.php?rest_route=\/wp\/v2\/types\/page"}],"author":[{"embeddable":true,"href":"https:\/\/www.baglyasalja.hu\/baglyas\/index.php?rest_route=\/wp\/v2\/users\/1"}],"replies":[{"embeddable":true,"href":"https:\/\/www.baglyasalja.hu\/baglyas\/index.php?rest_route=%2Fwp%2Fv2%2Fcomments&post=903"}],"version-history":[{"count":0,"href":"https:\/\/www.baglyasalja.hu\/baglyas\/index.php?rest_route=\/wp\/v2\/pages\/903\/revisions"}],"wp:attachment":[{"href":"https:\/\/www.baglyasalja.hu\/baglyas\/index.php?rest_route=%2Fwp%2Fv2%2Fmedia&parent=903"}],"curies":[{"name":"wp","href":"https:\/\/api.w.org\/{rel}","templated":true}]}}