{"id":7,"date":"2008-04-23T21:27:19","date_gmt":"2008-04-23T19:27:19","guid":{"rendered":"http:\/\/baglyasalja.hu\/baglyas\/?page_id=8"},"modified":"2008-06-30T16:27:58","modified_gmt":"2008-06-30T14:27:58","slug":"bona-kovacs-karoly","status":"publish","type":"page","link":"https:\/\/www.baglyasalja.hu\/baglyas\/?page_id=7","title":{"rendered":"B\u00f3na Kov\u00e1cs K\u00e1roly"},"content":{"rendered":"<p align=\"center\">&nbsp;<\/p>\n<p align=\"center\"><img loading=\"lazy\" decoding=\"async\" height=\"364\" border=\"0\" width=\"244\" src=\"http:\/\/baglyasalja.hu\/web\/bona\/images\/bona-05.jpg\" alt=\"\" \/><\/p>\n<p style=\"text-align: center;\"><a href=\"http:\/\/baglyasalja.hu\/baglyas\/?page_id=17\"><strong>Czinke Ferenc el\u0151szava<\/strong><\/a><\/p>\n<p style=\"text-align: center;\"><a href=\"http:\/\/baglyasalja.hu\/baglyas\/?page_id=62\"><strong>H. Szilasi &Aacute;gota:<\/strong> <em>&bdquo;&hellip; j&ouml;n az id\u0151, &eacute;s l&eacute;p&eacute;sei alatt elkopnak a gy&ouml;ny&ouml;r\u0171 emberarcok&hellip;&rdquo;<\/em> <br \/>\n<strong>B&Oacute;NA KOV&Aacute;CS K&Aacute;ROLY &Eacute;LETRAJZA<\/strong><\/a><\/p>\n<p style=\"text-align: center;\"><a href=\"http:\/\/baglyasalja.hu\/baglyas\/?page_id=60\"><strong>Csongr&aacute;dy B&eacute;la:<\/strong> <em>Mozaikok B&oacute;na Kov&aacute;cs K&aacute;roly m\u0171v&eacute;szetpedag&oacute;giai munk&aacute;ss&aacute;g&aacute;b&oacute;l<\/em><\/a>  <a href=\"http:\/\/baglyasalja.hu\/baglyas\/?page_id=61\"><\/a><\/p>\n<p style=\"text-align: center;\"><a href=\"http:\/\/baglyasalja.hu\/baglyas\/?page_id=61\"><strong>&Eacute;LETRAJZI KRONOL&Oacute;GIA<\/strong><\/a> <\/p>\n<p style=\"text-align: center;\"><strong>&Iacute;zel&iacute;t\u0151 B&oacute;na Kov&aacute;cs K&aacute;roly munk&aacute;ss&aacute;g&aacute;b&oacute;l<\/strong><\/p>\n","protected":false},"excerpt":{"rendered":"<p>&nbsp; Czinke Ferenc el\u0151szava H. Szilasi &Aacute;gota: &bdquo;&hellip; j&ouml;n az id\u0151, &eacute;s l&eacute;p&eacute;sei alatt elkopnak a gy&ouml;ny&ouml;r\u0171 emberarcok&hellip;&rdquo; B&Oacute;NA KOV&Aacute;CS K&Aacute;ROLY &Eacute;LETRAJZA Csongr&aacute;dy B&eacute;la: Mozaikok B&oacute;na Kov&aacute;cs K&aacute;roly m\u0171v&eacute;szetpedag&oacute;giai munk&aacute;ss&aacute;g&aacute;b&oacute;l &Eacute;LETRAJZI KRONOL&Oacute;GIA &Iacute;zel&iacute;t\u0151 B&oacute;na&#46;&#46;&#46;<\/p>\n","protected":false},"author":1,"featured_media":0,"parent":0,"menu_order":7,"comment_status":"open","ping_status":"open","template":"","meta":{"footnotes":""},"class_list":["post-7","page","type-page","status-publish","hentry"],"_links":{"self":[{"href":"https:\/\/www.baglyasalja.hu\/baglyas\/index.php?rest_route=\/wp\/v2\/pages\/7","targetHints":{"allow":["GET"]}}],"collection":[{"href":"https:\/\/www.baglyasalja.hu\/baglyas\/index.php?rest_route=\/wp\/v2\/pages"}],"about":[{"href":"https:\/\/www.baglyasalja.hu\/baglyas\/index.php?rest_route=\/wp\/v2\/types\/page"}],"author":[{"embeddable":true,"href":"https:\/\/www.baglyasalja.hu\/baglyas\/index.php?rest_route=\/wp\/v2\/users\/1"}],"replies":[{"embeddable":true,"href":"https:\/\/www.baglyasalja.hu\/baglyas\/index.php?rest_route=%2Fwp%2Fv2%2Fcomments&post=7"}],"version-history":[{"count":0,"href":"https:\/\/www.baglyasalja.hu\/baglyas\/index.php?rest_route=\/wp\/v2\/pages\/7\/revisions"}],"wp:attachment":[{"href":"https:\/\/www.baglyasalja.hu\/baglyas\/index.php?rest_route=%2Fwp%2Fv2%2Fmedia&parent=7"}],"curies":[{"name":"wp","href":"https:\/\/api.w.org\/{rel}","templated":true}]}}