{"id":48,"date":"2008-04-24T15:53:05","date_gmt":"2008-04-24T13:53:05","guid":{"rendered":"http:\/\/baglyasalja.hu\/baglyas\/?page_id=54"},"modified":"2008-04-24T15:53:05","modified_gmt":"2008-04-24T13:53:05","slug":"szabo-jeno","status":"publish","type":"page","link":"https:\/\/www.baglyasalja.hu\/baglyas\/?page_id=48","title":{"rendered":"Szab\u00f3 Jen\u0151"},"content":{"rendered":"<p class=\"MsoNormal\" style=\"margin-left: 15px; margin-right: 15px;\" align=\"center\"><a name=\"szaboje\"> <img loading=\"lazy\" decoding=\"async\" src=\"..\/..\/web\/tortenet_elemei\/foto\/emb30.jpg\" border=\"0\" alt=\"\" width=\"361\" height=\"450\" \/><\/a><\/p>\n<p>Ha egy kis id\u0151m akadt, futottam a t\u0171zhelygy\u00e1ri homokb\u00e1ny\u00e1hoz j\u00e1tszani, ahol baglyasi emberek is dolgoztak. Ott tal\u00e1lkoztam Sulyok Andorral, Kiss Istv\u00e1nnal\u2026 Besz\u00e9l\u00adgett\u00fcnk az \u00e9let\u00fckr\u0151l, \u00e9let\u00fcnkr\u0151l \u00e9s k\u00e9s\u0151bb arr\u00f3l is, hogy a rossz sorson v\u00e1ltoztatni is lehet. Apr\u00f3bb munk\u00e1val is meg-meg b\u00edztak. \u00dczeneteket, csomagokat vittem ide-oda. Csak k\u00e9s\u0151bb j\u00f6t\u00adtem r\u00e1, hogy k\u00f6nyveket, r\u00f6pla\u00adpokat takar a pap\u00edrcsomag.<\/p>\n<p>Akkor m\u00e1r vaseszterg\u00e1lyos seg\u00e9d voltam a t\u00fczhelygy\u00e1rban \u00e9s 10-12 \u00f3r\u00e1t dolgoztunk. Az is el\u0151fordult, hogy tizenhat \u00f3r\u00e1t h\u00faztam le a g\u00e9p mellett. Kato\u00adna Balassagyarmaton voltam, s amikor 1943 m\u00e1rcius\u00e1ban leszereltem \u00fajra visszamentem Baglyasra, abba a h\u00e1zba, ahol sz\u00fcleimmel \u00e9lt\u00fcnk. Munka ut\u00e1n le-le j\u00e1rtam a kaszin\u00f3ba, a b\u00e1ny\u00e1sz k\u00f6rbe a fiatalok k\u00f6z\u00e9. Besz\u00e9lgett\u00fcnk, bili\u00e1rdoztunk, sz\u00f3rakoztunk. Meg\u00e9rtett\u00fck egym\u00e1st, j\u00f3 bar\u00e1ts\u00e1gokat k\u00f6t\u00f6tt\u00fcnk. K\u00f6zben a b\u00e1ny\u00e1hoz ker\u00fcltem Zagyvap\u00e1lfalv\u00e1ra, a k\u00f6zponti jav\u00edt\u00f3m\u0171helybe. J\u00f3 sz\u00edvvel fogadtak. Aki legt\u00f6bbet seg\u00edtett abban, hogy megtanuljam a szakma fog\u00e1sait, beilleszkedjek a k\u00f6z\u00f6ss\u00e9gbe, az Cserh\u00e1ti Antal volt. A b\u00e1nya a j\u00f3 szakembereket felmentette a h\u00e1bor\u00fas szolg\u00e1lat al\u00f3l. De 1944 november\u00e9ben a harcok m\u00e1r olyan fordulatot vettek, hogy hatvan\u00e9ves korig valamennyi f\u00e9rfit bevonultattak. A bar\u00e1taimmal, Ponyi Lacival, Kislov\u00e1sz Pityuval, meg Szalatovics B\u00e9l\u00e1val megbesz\u00e9lt\u00fck, hogy egy\u00fctt megy\u00fcnk az ac\u00e9lgy\u00e1ri iskol\u00e1ba a gy\u00fclekez\u0151helyre. A h\u00fa\u00adgomhoz mentem, hogy elb\u00facs\u00fazzak. Gyermeket v\u00e1rt, tal\u00e1n egy h\u00f3nap volt m\u00e9g h\u00e1tra a sz\u00fclet\u00e9s\u00e9ig, f\u00e9rje a fronton volt. S\u00edrva fogadott: nincs f\u0171tenival\u00f3ja. A rakod\u00f3n volt b\u0151ven sz\u00e9n, a bar\u00e1tok j\u00f6ttek seg\u00edtettek. Megraktunk 3 csill\u00e9t, s vitt\u00fck a h\u00fagomnak. Mi\u00adre v\u00e9gezt\u00fcnk beesteledett \u00e9s abban maradtunk, hogy m\u00e1snap indulunk.<\/p>\n<p>Akkor \u00e9n m\u00e1r udvarolgattam a leend\u0151 feles\u00e9gemnek, mentem, hogy t\u0151le is elk\u00f6sz\u00f6njek. Nem tal\u00e1ltam otthon \u0151ket, a Baglyas \u00e9s Etes k\u00f6z\u00f6tti alag\u00fatban voltak. Az ismer\u0151s\u00f6k, Batta P\u00e1l, Ihracska Ferenc azt tudakolt\u00e1k, hogy honnan j\u00f6v\u00f6k. Meglep\u0151dtek, amikor elmondtam, hogy m\u00e9g el sem mentem. Marasztaltak, s amikor kifel\u00e9 indultam, Ihracska ut\u00e1nam j\u00f6tt. M\u00e1r s\u00f6t\u00e9t volt \u00e9s l\u00e1ttuk az orosz \u00e1gy\u00fak torkolatt\u00fcz\u00e9t, hallottuk robajukat. Azt mondta: magad d\u00f6nt\u00f6d el, hogy mit teszel, de \u00e9n m\u00e1r maradn\u00e9k. A nagyb\u00e1csimhoz mentem tan\u00e1cs\u00e9rt. Sz\u00f3tlanul v\u00e9gighallgatott, kihozta a kamr\u00e1b\u00f3l a bund\u00e1j\u00e1t \u00e9s elindultunk a kert v\u00e9g\u00e9be, a pinc\u00e9hez. Lelkemre k\u00f6t\u00f6tte, ki ne j\u00f6jjek addig, am\u00edg nem j\u00f6n \u00e9rtem. \u0150 meg csak akkor j\u00f6tt, amikor Baglyasra bej\u00f6ttek az orosz katon\u00e1k.<\/p>\n<p>M\u00e9g december utols\u00f3 napjai\u00adban megalakult a k\u00f6zs\u00e9gh\u00e1z\u00e1n a kommunista p\u00e1rt helyi szervezete. Ponyi J\u00e1nos, D\u00e1niel J\u00f3zsef, Sulyok Andor, a R\u00e1tkai testv\u00e9rek Tibor \u00e9s Istv\u00e1n, God\u00f3 Lajos, Ihracska Ferenc, M\u00e9r\u0151 Lajos voltak egy\u00fctt. T\u00f6bb p\u00e1rt, a kisgazd\u00e1k\u00e9 is sz\u00f3ba ker\u00fclt. De az igazi vita ak\u00f6r\u00fcl folyt: szoci\u00e1ldemokrata, vagy kommunista p\u00e1rt alakuljon. Azt\u00e1n Sulyok Andor\u00e9k, akik kor\u00e1bban illegalit\u00e1sban is dolgoztak, d\u00f6nt\u00f6tt\u00e9k el a k\u00e9rd\u00e9st. Jelentkeztem \u00e9n is, sz\u00edvesen fogadtak \u00e9s mindj\u00e1rt r\u00e1m is b\u00edzt\u00e1k az adminisztr\u00e1ci\u00f3s munk\u00e1t. A kommunista p\u00e1rt legfontosabb feladat\u00e1nak azt tartotta, hogy az \u00e9let \u00fajraindul\u00adjon a telep\u00fcl\u00e9sen. Lak\u00e1st adtak a r\u00e1szorul\u00f3knak. A szovjet katon\u00e1kkal egy\u00fcttm\u0171k\u00f6dve, megszervezt\u00e9k a lakoss\u00e1g \u00e9lelmiszerell\u00e1t\u00e1s\u00e1t. K\u00e9s\u0151bb a k\u00f6rnyez\u0151 telep\u00fcl\u00e9sekr\u0151l , de az Alf\u00f6ldr\u0151l is hoztuk az \u00e9lelmet. Alberten volt egy dar\u00e1l\u00f3, a gabon\u00e1t ott \u0151r\u00f6lt\u00fck lisztt\u00e9. Az \u00fczemben olaj\u00fct\u0151t gy\u00e1rtottunk, hogy ki\u00adpr\u00e9selj\u00fck az olajos n\u00f6v\u00e9nyek magvait. A nincstelenek k\u00f6z\u00f6tt osztottunk sz\u00e9t mindent.<\/p>\n<p>K\u00fcl\u00f6n csoportot hoztak l\u00e9tre a k\u00f6zrend, a k\u00f6zbiztons\u00e1g \u0151rz\u00e9s\u00e9re. Ebbe a csoportba, a policajokhoz ker\u00fcltem \u00e9n is God\u00f3 Lajossal, R\u00e1tkai Istv\u00e1nnal, Kiss Istv\u00e1nnal, Gy\u0151ri J\u00e1nossal. K\u00f6zben a vas\u00fat, a hidak \u00fajj\u00e1\u00e9p\u00edt\u00e9s\u00e9hez, a b\u00e1ny\u00e1k, az ipari \u00fczemek helyre\u00e1ll\u00edt\u00e1s\u00e1hoz mozg\u00f3s\u00edtottuk az embereket. Sokan jelentkeztek. Szeg\u00e9nyek voltunk, de \u00e9lni akartunk. Ha akkor azt mondj\u00e1k nek\u00fcnk, hogy t\u00farjuk el a baglyasi hegyet, gondolkod\u00e1s n\u00e9lk\u00fcl neki\u00e1llunk.<\/p>\n<p>K\u00fcl\u00f6n szervezetet hoztak l\u00e9tre a fiatalok, a Madisz-t. Az asszonyok, l\u00e1nyok meg az MNDSZ-t. \u00dagy eml\u00e9kszem, hogy a vezet\u0151je Nagy J\u00e1nosn\u00e9 meg Nagy Gyul\u00e1n\u00e9 voltak. Az 1945-\u00f6s kar\u00e1csonyt m\u00e1r a kaszin\u00f3ban k\u00f6sz\u00f6nt\u00f6tt\u00e9k az emberek. Az \u00fcnnepi m\u0171sort az MNDSZ szervezte \u00e9s az \u00f6sszegy\u0171jt\u00f6tt \u00e9lelmiszert, ruhanem\u0171t, gyermekj\u00e1t\u00e9kokat, ame\u00adlyeket az \u00fczemekben k\u00e9sz\u00edtett\u00fcnk, sz\u00e9tosztott\u00e1k. A b\u00e1ny\u00e1szszakszervezet \u00e9s a Madisz 1946 nyar\u00e1n megszervezte a fiatalok \u00fcd\u00fcl\u00e9s\u00e9t. Az \u00f6sszegy\u00fcjt\u00f6tt sz\u00e9n\u00e9rt k\u00e9t h\u00e9tig \u00fcd\u00fcltek a fiatalok, a b\u00e1ny\u00e1szgyerekek Orosh\u00e1z\u00e1n, H\u00f3dmez\u0151v\u00e1s\u00e1rhelyen. Ott voltam k\u00f6zt\u00fck \u00e9n is.<\/p>\n<p>A b\u00e1nyaigazgat\u00f3 Dubovszky Elem\u00e9r lak\u00e1s\u00e1b\u00f3l \u00e1ltal\u00e1nos iskola lett, ahol 1946-ban megszervezt\u00e9k a dolgoz\u00f3k esti iskol\u00e1j\u00e1t. Tizennyolcan voltunk tanul\u00f3k. Olyan fiatalok, de id\u0151sebb emberek is, mint M\u00e9r\u0151 Lajos, vagy F\u00f3ti J\u00f3zsef, akik csak 6 oszt\u00e1lyt j\u00e1rtak kor\u00e1bban. Most elv\u00e9gezt\u00fck a hi\u00e1nyz\u00f3 kett\u0151t, mert sz\u00fcks\u00e9g\u00e9t \u00e9rezt\u00fck, mert szerett\u00fcnk volna tov\u00e1bbl\u00e9pni. T\u00f6bbek k\u00f6z\u00f6tt M\u00fcller P\u00e1l, Verle J\u00e1nos, K\u00e1rp\u00e1ti Ferenc, Jolsvai Gabriella, Barcs K\u00e1roly tan\u00edtottak benn\u00fcnket. Amikor v\u00e9gezt\u00fcnk szak\u00e9retts\u00e9git tettem, s ez k\u00e9s\u0151bb j\u00f3 alap volt a tov\u00e1bbtanul\u00e1shoz.<\/p>\n<p>Sok tehets\u00e9ges baglyasi ember ker\u00fclt akkor Salg\u00f3tarj\u00e1nba, ahol ugyancsak az \u00e9let \u00fajrakezd\u00e9s\u00e9ben, az \u00fczemek, a b\u00e1ny\u00e1k helyre\u00e1ll\u00edt\u00e1s\u00e1ban, a rend megteremt\u00e9s\u00e9ben seg\u00edtettek. Szab\u00f3 J\u00f3zsef a szervez\u0151d\u0151 rend\u0151rs\u00e9ghez ker\u00fclt. R\u00e1tkai Tibor, And\u00f3 Gyula, And\u00f3 Istv\u00e1n a k\u00f6zigazgat\u00e1sban dolgozott. Horv\u00e1th Andr\u00e1s a megalakul\u00f3 megyei tan\u00e1cs \u00e9p\u00edt\u00e9si oszt\u00e1lyvezet\u0151je lett. Rozgonyi Emil pedig a kereskedelem megindul\u00e1s\u00e1t seg\u00edtette. De az \u00fczemek vezet\u00e9s\u00e9ben is sz\u00e1moltak a baglyasi szakemberekkel. Zagyvap\u00e1lfalv\u00e1n a jav\u00edt\u00f3m\u0171helyben Cserh\u00e1ti Antal, F\u00e9legyh\u00e1zi Andr\u00e1s kapott vezet\u0151 beoszt\u00e1st. A fiatalabbak meg egyetemen tanultak tov\u00e1bb, mint Szab\u00f3 Alad\u00e1r is.<\/p>\n<p>\u00c9n 1945-ben megn\u0151s\u00fcltem, feles\u00e9gem is b\u00e1ny\u00e1szl\u00e1ny, kilencen voltak testv\u00e9rek. El\u0151sz\u00f6r a h\u00fagommal laktunk egyetlen szob\u00e1ban. Amikor a b\u00e1nyak\u00f3rh\u00e1zb\u00f3l lak\u00e1sokat alak\u00edtottak ki, ott kaptunk mi is helyet. Egy szoba volt az is, de csak a mi\u00e9nk. Volt ben\u00adne egy \u00e1gy, asztal, k\u00e9t sz\u00e9k, szekr\u00e9ny. Vask\u00e1lyha meleg\u00edtett \u00e9s azon f\u0151tt az eb\u00e9d is. K\u00e9s\u0151bb, 1949-ben tiszti iskol\u00e1ra ker\u00fcltem \u00e9s a tisztt\u00e9 avat\u00e1s ut\u00e1n megb\u00edztak a N\u00f3gr\u00e1d megyei hadkieg\u00e9sz\u00edt\u0151 parancsnoks\u00e1g l\u00e9trehoz\u00e1s\u00e1val, a katonai k\u00f6zigazgat\u00e1si nyilv\u00e1ntart\u00e1s megszervez\u00e9s\u00e9vel. K\u00f6zben tov\u00e1bbtanultam, elv\u00e9geztem a katonai k\u00f6zigazgat\u00e1si f\u0151iskol\u00e1t, a f\u0151tiszti iskol\u00e1t. Ezut\u00e1n j\u00e1r\u00e1si, majd a megyei hadkieg\u00e9sz\u00edt\u0151 parancsnoks\u00e1g vezet\u0151je lettem. Innen mentem nyug\u00e1llom\u00e1nyba is 1976-ban, alezredesk\u00e9nt.<\/p>\n<p style=\"text-align: center;\"><a href=\"http:\/\/baglyasalja.hu\/baglyas\/?page_id=24\">VISSZA<\/a><\/p>\n","protected":false},"excerpt":{"rendered":"<p>Ha egy kis id\u0151m akadt, futottam a t\u0171zhelygy\u00e1ri homokb\u00e1ny\u00e1hoz j\u00e1tszani, ahol baglyasi emberek is dolgoztak. Ott tal\u00e1lkoztam Sulyok Andorral, Kiss Istv\u00e1nnal\u2026 Besz\u00e9l\u00adgett\u00fcnk az \u00e9let\u00fckr\u0151l, \u00e9let\u00fcnkr\u0151l \u00e9s k\u00e9s\u0151bb arr\u00f3l is, hogy a rossz sorson v\u00e1ltoztatni&#46;&#46;&#46;<\/p>\n","protected":false},"author":1,"featured_media":0,"parent":18,"menu_order":0,"comment_status":"open","ping_status":"open","template":"","meta":{"footnotes":""},"class_list":["post-48","page","type-page","status-publish","hentry"],"_links":{"self":[{"href":"https:\/\/www.baglyasalja.hu\/baglyas\/index.php?rest_route=\/wp\/v2\/pages\/48","targetHints":{"allow":["GET"]}}],"collection":[{"href":"https:\/\/www.baglyasalja.hu\/baglyas\/index.php?rest_route=\/wp\/v2\/pages"}],"about":[{"href":"https:\/\/www.baglyasalja.hu\/baglyas\/index.php?rest_route=\/wp\/v2\/types\/page"}],"author":[{"embeddable":true,"href":"https:\/\/www.baglyasalja.hu\/baglyas\/index.php?rest_route=\/wp\/v2\/users\/1"}],"replies":[{"embeddable":true,"href":"https:\/\/www.baglyasalja.hu\/baglyas\/index.php?rest_route=%2Fwp%2Fv2%2Fcomments&post=48"}],"version-history":[{"count":0,"href":"https:\/\/www.baglyasalja.hu\/baglyas\/index.php?rest_route=\/wp\/v2\/pages\/48\/revisions"}],"up":[{"embeddable":true,"href":"https:\/\/www.baglyasalja.hu\/baglyas\/index.php?rest_route=\/wp\/v2\/pages\/18"}],"wp:attachment":[{"href":"https:\/\/www.baglyasalja.hu\/baglyas\/index.php?rest_route=%2Fwp%2Fv2%2Fmedia&parent=48"}],"curies":[{"name":"wp","href":"https:\/\/api.w.org\/{rel}","templated":true}]}}