{"id":47,"date":"2008-04-24T15:52:03","date_gmt":"2008-04-24T13:52:03","guid":{"rendered":"http:\/\/baglyasalja.hu\/baglyas\/?page_id=53"},"modified":"2008-04-24T15:52:03","modified_gmt":"2008-04-24T13:52:03","slug":"szabo-janos","status":"publish","type":"page","link":"https:\/\/www.baglyasalja.hu\/baglyas\/?page_id=47","title":{"rendered":"Szab\u00f3 J\u00e1nos"},"content":{"rendered":"<p class=\"MsoNormal\" style=\"margin-left: 15px; margin-right: 15px;\" align=\"center\"><a name=\"szaboj\"> <img loading=\"lazy\" decoding=\"async\" src=\"..\/..\/web\/tortenet_elemei\/foto\/emb29.jpg\" border=\"0\" alt=\"\" width=\"450\" height=\"327\" \/><\/a><\/p>\n<p>&#8211; Volt itt akkoriban egy zsid\u00f3\u00adembernek, Laufer S\u00e1ndornak is egy kis b\u00e1ny\u00e1ja ott, ahol most Horv\u00e1th Laci lakik, af\u00f6l\u00f6tt, a hegy alatt. Oda vettek fel. Iv\u00f3vizet hordtam az embereknek, Tarj\u00e1nba k\u00fcldtek s\u00ednsz\u00f6g\u00e9rt, amivel a vas\u00fati s\u00edneket r\u00f6gz\u00edtett\u00e9k. Ez volt a dolgom.<\/p>\n<p>&#8211; Nem volt valami kem\u00e9ny munka.<\/p>\n<p>&#8211; Nem, de nem is igen kaptam \u00e9rte p\u00e9nzt. Elmentem a b\u00e1nyai k\u0151m\u0171vesekhez, k\u00f6vet, t\u00e9gl\u00e1t hordtam legal\u00e1bb 4 \u00e9vig.<\/p>\n<p>\u2026<\/p>\n<p>&#8211; Ezut\u00e1n elkezdett gazd\u00e1lkodni?<\/p>\n<p>&#8211; F\u00f6lddel komolyabban csak a front ut\u00e1n kezdtem foglalkozni \u00e9s nem is hagytam abba 14 \u00e9vig. Volt k\u00e9t nagy lovam \u00e9s naponta n\u00e9gyen-\u00f6ten is j\u00f6ttek, hogy menjek nekik sz\u00e1ntani, vetni, b\u00faz\u00e1t hordani a Nagyberekbe a cs\u00e9pl\u0151g\u00e9phez. G\u00e9pe Szalatovics B\u00e9l\u00e1nak volt, de \u00fagy eml\u00e9k\u00adszem, hogy idegen cs\u00e9pl\u0151g\u00e9p is dolgozott Baglyason. Mert nekem nem volt t\u00f6bb f\u00f6ldem 1 holdn\u00e1l, amit any\u00e1mt\u00f3l \u00f6r\u00f6k\u00f6ltem. Azt\u00e1n itt volt a rakod\u00f3, a sz\u00e9noszt\u00e1lyoz\u00f3, onnan meg a szenet hordtam. A faluba 20 forint\u00e9rt vittem egy csille szenet. Az Andre\u00e1ra m\u00e1r harminc\u00e9rt, mert arra rossz volt az \u00fat, nagy a s\u00e1r. Az \u00e9n lovaim b\u00edrt\u00e1k az ig\u00e1t, er\u0151sek voltak, kereszt\u00fclg\u00e1zoltak ak\u00e1rmilyen s\u00e1ron.<\/p>\n<p>\u2026.<\/p>\n<p>-A legel\u0151k rendben tart\u00e1sa ki\u00adnek a dolga volt?<\/p>\n<p>&#8211; Ki m\u00e1s\u00e9, h\u00e1t a mi\u00e9nk gazd\u00e1k\u00e9. K\u00f6z\u00f6sen gazd\u00e1lkodtunk vele, \u00fagy nevezt\u00fck, hogy volt \u00farb\u00e9ress\u00e9g. Vezet\u0151s\u00e9get v\u00e1lasztot\u00adtunk, benne volt az asszony b\u00e1tyja Angyal J\u00f3zsef, And\u00f3 gy. Vendel, And\u00f3 m. G\u00e9za. \u0150k azt\u00e1n kisz\u00e1molt\u00e1k, hogy egy-egy gazda h\u00e1ny \u00e1llatot legeltethet a k\u00f6z\u00f6sbe adott ter\u00fcleten. Ha ann\u00e1l t\u00f6bbet hajtott ki, az\u00e9rt m\u00e1r fizetni kellett. \u0150k szervezt\u00e9k a tavaszi legel\u0151tiszt\u00edt\u00e1si munk\u00e1t is. Kinek mennyi \u00e1llata volt kinn, annak megfelel\u0151 volt a ledolgozand\u00f3 napok sz\u00e1ma. Rendben is voltak a legel\u0151k, nem \u00fagy mint most. Nem l\u00e1t rajta az ember szeme m\u00e1st, csak burny\u00e1t, galagony\u00e1t, csipkebokrot, meg k\u00f6k\u00e9nybokrot. Sz\u00e1nt\u00f3b\u00f3l sem volt annyi parlagon\u2026<\/p>\n<p>&#8211; Azok a f\u00f6ldter\u00fcletek merre voltak, amelyeket 1945-ben kiosztottak? \u00dagy tudom, dolgozott itt egy f\u00f6ldoszt\u00f3 bizotts\u00e1g is.<\/p>\n<p>&#8211; Tagja voltam \u00e9n is\u2026 Ferenc S\u00e1ndor, Kov\u00e1cs Gyula, meg Tarj\u00e1nb\u00f3l j\u00f6tt ki egy Boz\u00f3 nevezet\u0171 ember. Csak h\u00e1t \u00e9n \u00fagy voltam ezzel a f\u00f6ldoszt\u00e1ssal, hogy nem nagyon akartam. A bizotts\u00e1g az egyik sarokban tan\u00e1cskozott \u00e9n meg a m\u00e1sik sarokban \u00fcltem egymagamban. Osztottunk a Krocs\u00e1k kisasszonyok f\u00f6ldj\u00e9b\u0151l, meg a Somosk\u0151i\u00e9kb\u0151l is\u2026<\/p>\n<p>&#8211; T\u00f6bben kaptak a kaszin\u00f3 melletti ter\u00fcletb\u0151l, meg a mostani Erkel \u00faton is.<\/p>\n<p>&#8211; Azok h\u00e1zhelyek voltak, vagy kertkieg\u00e9sz\u00edt\u00e9sek. Abban a bi\u00adzotts\u00e1gban is benne voltam, Kiss Ferivel. Ott m\u00e1r Sulyok Andor\u00e9k is belesz\u00f3ltak a dolog\u00adba. Hoztak egy n\u00e9vsort, vagy h\u00fasz ember nev\u00e9vel. Mi Kiss Ferivel azt szerett\u00fck volna, ha Mikulik, a hentes is kap egy kis kertnek val\u00f3t. Le is v\u00e1ltottak mind a kett\u0151nket. Angyal Jen\u0151, meg Kerdi Pista ker\u00fclt a hely\u00fcnkre. De az igaz, hogy a nincstelenek kapt\u00e1k a f\u00f6ldet, a h\u00e1zhelyet is, hogy \u00e9lni tudja\u00adnak.<\/p>\n<p>&#8211; K\u00e9s\u0151bb azt\u00e1n termel\u0151sz\u00f6vet\u00adkezet alakult a faluban.<\/p>\n<p>&#8211; Kakuk J\u00f3zsefn\u00e9, Marika volt az eln\u00f6ke. Azt\u00e1n meg Ferenc Sanyi. F\u0151leg asszonyok, And\u00f3 Marika, R\u00e1tkai Jol\u00e1n.. . \u0150k l\u00e9ptek be.<\/p>\n<p>&#8211; A gazd\u00e1k k\u00edv\u00fcl maradtak?<\/p>\n<p>&#8211; Mentek azok is, mert musz\u00e1j volt nekik. Szalatovics P\u00e9ter, And\u00f3 g. G\u00e9za. Vitt\u00e9k a f\u00f6ldet. Engem is tapostak er\u0151sen, hogy legyek az eln\u00f6k, de hallani sem akartam r\u00f3la, Egyik nap az \u00fajs\u00e1gban olvastam, hogy Tarj\u00e1nban a v\u00e1g\u00f3h\u00eddn\u00e1l k\u0151m\u0171vest keresnek. R\u00e1sz\u00e1ntam magam, hogy eladom a 2 lovat \u00e9s be\u00e1lltam a v\u00e1g\u00f3h\u00eddra. Hat \u00e9vig ma\u00adradtam ott, k\u0151m\u0171ves, karbantart\u00f3 munk\u00e1t v\u00e9geztem. Azt\u00e1n a k\u00f3rh\u00e1zhoz ker\u00fcltem, ott is let\u00f6lt\u00f6ttem 4 \u00e9vet.<\/p>\n<p>&#8211; Elm\u00faltak ezek az id\u0151k.<\/p>\n<p>&#8211; El. Volt aminek \u00f6r\u00fcltem, hogy v\u00e9ge \u00e9s van amit sajn\u00e1lok. A beszolg\u00e1ltat\u00e1st nem k\u00edv\u00e1nom vissza. H\u00fast, zs\u00edrt, tejet, toj\u00e1st kellett beadni, a cs\u00e9pl\u0151g\u00e9pt\u0151l egyenesen a magt\u00e1rba vitt\u00fck a gabon\u00e1t. Volt, hogy nem tudtuk teljes\u00edteni, amit kir\u00f3ttak r\u00e1nk. Akkor az asszony Somosk\u0151i Feri feles\u00e9g\u00e9vel, R\u00f3zsik\u00e1val az Alf\u00f6ldre ment, ott vett\u00e9k meg a hi\u00e1nyz\u00f3 marhah\u00fast, meg ami kellett. Hoztak annyit, hogy el\u00e9g volt t\u00f6bb gazd\u00e1nak is.<\/p>\n<p>&#8211; Mire eml\u00e9kszik vissza sz\u00edvesen?<\/p>\n<p>&#8211; Arra, hogy iparkod\u00f3 emberek \u00e9ltek itt Baglyason, gyarapodott is a falu. Mi is haladtunk, mert az asszony is dolgozott kem\u00e9nyen. \u0150 is kor\u00e1n szokta a munk\u00e1t, tizenketten voltak testv\u00e9rek. A tisztisoron csel\u00e9des\u00adkedett, miel\u0151tt hozz\u00e1m j\u00f6tt. Az itthoni munka, a gyerek mellett elment Tarj\u00e1nba a M\u00c9K-hez \u00e9s 22 \u00e9vig ott is maradt. Itt Baglyason meg bev\u00e1lasztott\u00e1k a f\u00f6ldm\u0171vessz\u00f6vetkezet vezet\u0151s\u00e9g\u00e9be. De, hogy visszat\u00e9rjek Baglyashoz, kis k\u00f6zs\u00e9g volt. A jegyz\u0151 csak egyszer egy h\u00e9ten, cs\u00fct\u00f6rt\u00f6k\u00f6n j\u00f6tt \u00e1t P\u00e1lfalv\u00e1r\u00f3l, de az\u00e9rt sok minden helyben volt. Voltak boltok, ahol v\u00e1s\u00e1rolhattak az emberek. Meg kocsma nem is egy, Szalatovics G\u00e9z\u00e1nak, Ko\u00adv\u00e1cs Rudinak, S\u00f6r\u00f6s Gyul\u00e1nak, azt\u00e1n ott volt a kaszin\u00f3, a sz\u00f6vetkezet.<\/p>\n<p style=\"text-align: center;\"><a href=\"http:\/\/baglyasalja.hu\/baglyas\/?page_id=24\">VISSZA<\/a><\/p>\n","protected":false},"excerpt":{"rendered":"<p>&#8211; Volt itt akkoriban egy zsid\u00f3\u00adembernek, Laufer S\u00e1ndornak is egy kis b\u00e1ny\u00e1ja ott, ahol most Horv\u00e1th Laci lakik, af\u00f6l\u00f6tt, a hegy alatt. Oda vettek fel. Iv\u00f3vizet hordtam az embereknek, Tarj\u00e1nba k\u00fcldtek s\u00ednsz\u00f6g\u00e9rt, amivel a&#46;&#46;&#46;<\/p>\n","protected":false},"author":1,"featured_media":0,"parent":18,"menu_order":0,"comment_status":"open","ping_status":"open","template":"","meta":{"footnotes":""},"class_list":["post-47","page","type-page","status-publish","hentry"],"_links":{"self":[{"href":"https:\/\/www.baglyasalja.hu\/baglyas\/index.php?rest_route=\/wp\/v2\/pages\/47","targetHints":{"allow":["GET"]}}],"collection":[{"href":"https:\/\/www.baglyasalja.hu\/baglyas\/index.php?rest_route=\/wp\/v2\/pages"}],"about":[{"href":"https:\/\/www.baglyasalja.hu\/baglyas\/index.php?rest_route=\/wp\/v2\/types\/page"}],"author":[{"embeddable":true,"href":"https:\/\/www.baglyasalja.hu\/baglyas\/index.php?rest_route=\/wp\/v2\/users\/1"}],"replies":[{"embeddable":true,"href":"https:\/\/www.baglyasalja.hu\/baglyas\/index.php?rest_route=%2Fwp%2Fv2%2Fcomments&post=47"}],"version-history":[{"count":0,"href":"https:\/\/www.baglyasalja.hu\/baglyas\/index.php?rest_route=\/wp\/v2\/pages\/47\/revisions"}],"up":[{"embeddable":true,"href":"https:\/\/www.baglyasalja.hu\/baglyas\/index.php?rest_route=\/wp\/v2\/pages\/18"}],"wp:attachment":[{"href":"https:\/\/www.baglyasalja.hu\/baglyas\/index.php?rest_route=%2Fwp%2Fv2%2Fmedia&parent=47"}],"curies":[{"name":"wp","href":"https:\/\/api.w.org\/{rel}","templated":true}]}}