{"id":38,"date":"2008-04-24T15:43:16","date_gmt":"2008-04-24T13:43:16","guid":{"rendered":"http:\/\/baglyasalja.hu\/baglyas\/?page_id=44"},"modified":"2008-04-24T15:43:16","modified_gmt":"2008-04-24T13:43:16","slug":"kovari-gyula","status":"publish","type":"page","link":"https:\/\/www.baglyasalja.hu\/baglyas\/?page_id=38","title":{"rendered":"K\u0151v\u00e1ri Gyula"},"content":{"rendered":"<p><a name=\"kovari\"><\/a><\/p>\n<p style=\"text-align: center;\"><img loading=\"lazy\" decoding=\"async\" src=\"..\/..\/web\/tortenet_elemei\/foto\/emb19.jpg\" border=\"0\" alt=\"\" width=\"450\" height=\"343\" \/><\/p>\n<p>&#8211; Eml\u00edtette, hogy itt sz\u00fcletett Baglyason a Sz\u00e1nas-telepen.<\/p>\n<p>&#8211; Igen, 1925-ben \u00e9s itt telt el a gyermekkorom is. Ma is magam el\u0151tt l\u00e1tom az Angyal b\u00e1csi bolt\u00adj\u00e1t, ahov\u00e1 v\u00e1s\u00e1rolni j\u00e1rtunk. A nagyb\u00e1ty\u00e1m l\u00e1nya szolg\u00e1lt ki. Volt ott minden. Ha a p\u00e9nze elfogyott a szeg\u00e9nyembernek, ad\u00adtak hozomra. Volt egy kont\u00f3s k\u00f6nyv\u00fck, abba \u00edrt\u00e1k be az ad\u00f3ss\u00e1got. Fizet\u00e9skor azt\u00e1n j\u00f6ttek t\u00f6rleszteni.<\/p>\n<p>&#8211; Csak ezt \u201el\u00e1tja\u201d?<\/p>\n<p>&#8211; Dehogyis. Itt a hegy alatt volt egy alag\u00fat, Raur\u00f3l, Keszib\u0151l azon \u00e1t hozt\u00e1k a szenet a baglyasi rakod\u00f3ra. A villamos itt ment a telepen, a kol\u00f3ni\u00e1k mellett. Az alag\u00fat k\u00f6zep\u00e9b\u0151l ny\u00edlt a sz\u00e1nasi b\u00e1nya. A m\u00e1sik meg az alag\u00fat sz\u00e1ja mellett volt, azt h\u00edvt\u00e1k Beltelkinek\u2026 Volt m\u00e9g itt a kol\u00f3ni\u00e1k k\u00f6zel\u00e9ben egy nagy farakt\u00e1r \u00e9s sz\u00e9r\u00fcskert is.<\/p>\n<p>&#8211; A patak t\u00fals\u00f3 oldala m\u00e1r S\u00e1ra volt.<\/p>\n<p>&#8211; Igen. Ott is volt egy lejtakna, meg ott voltak a m\u0171helyek, a kov\u00e1cs- meg az asztalosm\u0171hely. M\u00e9g \u00f6nt\u00f6de is m\u0171k\u00f6d\u00f6tt, Orlik Gyula meg Palotai Albert voltak az \u00f6nt\u0151k. J\u00f3l eml\u00e9kszem a g\u00e9pm\u0171helyre, a transzform\u00e1torh\u00e1zra is. Az irod\u00e1n Dobos Gyula, meg az \u00f6reg J\u00e1szber\u00e9nyi, dolgoztak, \u0151k voltak a t\u00e9rmesterek. Feleltek az itt foly\u00f3 munk\u00e1\u00e9rt, de a lak\u00e1sok rendj\u00e9\u00e9rt is. A nagyiroda volt az ir\u00e1ny\u00edt\u00e1s k\u00f6zpontja. Itt tett\u00e9k a dolgukat Dubovszky Elem\u00e9r az igazgat\u00f3, Kiss P\u00e1l a f\u0151m\u00e9rn\u00f6k, a m\u00e9rn\u00f6k\u00f6k, a tisztvisel\u0151k. A telefonk\u00f6zpont is itt m\u0171k\u00f6d\u00f6tt Gutter n\u00e9ni \u00e9s Ed\u0151cs Mariska, And\u00f3 Mikl\u00f3s \u00e9desanyja voltak a k\u00f6zpontosok. A templom hely\u00e9n meg ist\u00e1ll\u00f3 volt, nagy gazdas\u00e1gi udvarral.<\/p>\n<p>&#8211; Eml\u00e9kezteti m\u00e9g valami a r\u00e9gi telepre?<\/p>\n<p>&#8211; Nemigen\u2026 Legfeljebb a kol\u00f3niai \u00e9p\u00fclet. Ap\u00e1m\u00e9k laktak itt \u00e9s mi \u00f6ten gyerekek itt n\u0151tt\u00fcnk fel. Ap\u00e1m a kismozdonyt vezette, amelyik a szenet sz\u00e1ll\u00edtotta a b\u00e1ny\u00e1kb\u00f3l le a rakod\u00f3ra. Mes\u00e9lte, hogy az \u0151 idej\u00e9ben Karancslejt\u0151sr\u0151l m\u00e9g t\u00fczes g\u00e9p h\u00fazta a csill\u00e9ket az alag\u00faton \u00e1t a rakod\u00f3ra. Szorgalmas, dolgos emberek voltak a sz\u00fcleim. Any\u00e1m bej\u00e1rt Tarj\u00e1nba Polacsek \u00fcgyv\u00e9d\u00e9khez mosni. Sok volt otthon az \u00e9hes sz\u00e1j.<\/p>\n<p>&#8211; Csak feln\u0151ttek valamennyien, nem hi\u00e1ba iparkodott az \u00e9desapja, az \u00e9desanyja.<\/p>\n<p>&#8211; Fel. Kor\u00e1n megtanultuk t\u0151l\u00fck a munk\u00e1t \u00e9s azt is, hogy amit r\u00e1nkb\u00edznak, azt rendesen el kell v\u00e9gezni. Amikor az iskol\u00e1b\u00f3l hazaj\u00f6ttem, nem a j\u00e1t\u00e9kon j\u00e1rt az eszem, any\u00e1mmal kap\u00e1\u00adni ment\u00fcnk. Mindig v\u00e1llaltunk harmados f\u00f6ldet a nagyobb gazd\u00e1kt\u00f3l. \u00dagy eml\u00e9kszem, Gyurcsik\u00e9kt\u00f3l b\u00e9relt\u00fcnk a legt\u00f6bbsz\u00f6r. Any\u00e1m sokszor megijedt, hogy kiverem a sort. Nagyon \u00fcgyeltem, hogy ne legyen baj. M\u00e9g Szalatovics P\u00e9terhez, a b\u00edr\u00f3hoz is mentem sz\u00e1nt\u00e1skor a lovat vezetni. Kaptunk egy kis tejet, ezt-azt. Enni tudtunk bel\u0151le.<\/p>\n<p>&#8211; A b\u00e1ny\u00e1hoz mikor ker\u00fclt?<\/p>\n<p>&#8211; El\u0151sz\u00f6r m\u00e9g Tarj\u00e1nban, az \u00fcveggy\u00e1rban dolgoztam. Nem voltam t\u00f6bb 13 \u00e9vesn\u00e9l, amikor odaker\u00fcltem, felvettek behor\u00add\u00f3nak. Az \u00fcveget vittem a kemenc\u00e9hez, a ki\u00e9get\u00e9shez. Onnan pik\u00f3g\u00e9pre tettek, ott f\u00fajtatni kellett. Gy\u00f3gyszeres \u00fcvegeket, meg aljakat csin\u00e1ltunk petr\u00f3leuml\u00e1mp\u00e1khoz. A 4-es kemenc\u00e9n\u00e9l az \u00fcvegek nyak\u00e1t pattantottam le a fuv\u00f3cs\u0151r\u0151l, \u00fagy csin\u00e1ltak azt\u00e1n r\u00e1juk sz\u00e1jat.. .<\/p>\n<p>&#8211; Tetszett a munka, vagy t\u00fals\u00e1gosan neh\u00e9znek tal\u00e1lta, hogy otthagyta?<\/p>\n<p>&#8211; Nem volt az nehezebb, mint a b\u00e1nya. Meg egy id\u0151 ut\u00e1n meg is szoktam\u2026<\/p>\n<p>&#8211; Akkor mi\u00e9rt \u00e1llt tov\u00e1bb?<\/p>\n<p>&#8211; Akkoriban m\u00e1r j\u00f3l benne voltunk a h\u00e1bor\u00faban. Az \u00e9lelmet jegyre adt\u00e1k. A b\u00e1nya nemcsak fizet\u00e9st, \u00e9lelmet is t\u00f6bbet adott. Mes\u00e9lt\u00e9k a b\u00e1ny\u00e1szok, hogy \u0151k p\u00f3tl\u00e1st is kapnak. H\u00e1t az\u00e9rt. A sz\u00e9noszt\u00e1lyoz\u00f3ra ker\u00fcltem. Dolgoztam rendesen, sok mindent r\u00e1m is b\u00edztak. M\u00e9g villamost is megtanultam vezetni. Ap\u00e1mnak seg\u00edtettem, s k\u00f6zben ellestem t\u0151le ezt-azt. R\u00e1m is kapott a felvigy\u00e1z\u00f3. Amikor ap\u00e1m vitte a pal\u00e1t S\u00e1gujfaluba a hald\u00e1ra, akkor sz\u00f3ltak: menjek kih\u00fazatni a szenes csill\u00e9ket a buktat\u00f3ra, hogy ne \u00e1lljon az \u00fczem.<\/p>\n<p>&#8211; Innen ker\u00fclt azt\u00e1n be a b\u00e1ny\u00e1ba?<\/p>\n<p>&#8211; Karancslejt\u0151sre\u2026 el\u0151sz\u00f6r csill\u00e9s voltam, azt\u00e1n v\u00e1j\u00e1r, de ez m\u00e1r a h\u00e1bor\u00fa ut\u00e1n volt. A levent\u00e9kkel engem is elvittek. K\u00e9t \u00e9vet leh\u00faztam a hadifogs\u00e1gban. A h\u00e1bor\u00fa ut\u00e1n odamentem vissza.<\/p>\n<p>&#8211; Meddig maradt Karancslejt\u0151s\u00f6n ?<\/p>\n<p>&#8211; Ameddig be nem z\u00e1rt\u00e1k. Ezut\u00e1n J\u00f3zsef lejt\u0151s k\u00f6vetkezett. Ott is kitartottam egy p\u00e1r \u00e9vig. Amikor Tar\u00e1n k\u00f6rny\u00e9k\u00e9n z\u00e1rtak be a b\u00e1ny\u00e1k, Kisterenye fel\u00e9 vett\u00fck az ir\u00e1nyt. Itt k\u00e9t b\u00e1ny\u00e1ban is dolgoztam: a P\u00f3cs\u00e1nyiban \u00e9s a Csig\u00e1ban. J\u00e1rtam Tordasra, \u00fajlakra, ahol vagy 15 \u00e9vemet hagytam. V\u00e9g\u00fcl Tiribesr\u0151l, 10 \u00e9v ut\u00e1n nyugd\u00edjba j\u00f6ttem, kedvezm\u00e9nyesen. H\u00e1rom nyugd\u00edjas \u00e9vet kaptam aj\u00e1nd\u00e9kba.<\/p>\n<p>&#8211; Nem szeretett volna tov\u00e1bb dolgozni, kit\u00f6lteni a nyugd\u00edjid\u0151t?<\/p>\n<p>&#8211; Gondolkodtam \u00e9n ezen, nem is keveset. Csak h\u00e1t az \u00e9vek m\u00faltak f\u00f6l\u00f6ttem, nehezemre esett m\u00e1r a sok j\u00e1r\u00e1s-kel\u00e9s. Akkor m\u00e9g nem voltak aut\u00f3buszv\u00e1r\u00f3k, meleged\u0151k. Es\u0151ben, fagyban az \u00fat mellett v\u00e1rakoztam, am\u00edg meg\u00e9rkezett a ber\u00e9nyi munk\u00e1sj\u00e1rat. \u00cdgy is, hogy m\u00e1r 52 \u00e9vesen nyugd\u00edjba engedtek, \u00e9n voltam itt Baglyason a legutols\u00f3 b\u00e1ny\u00e1sz. Olyan, aki az utols\u00f3 percig a fronton, a sz\u00e9nfal mellett dolgozott.<\/p>\n<p>&#8211; Sok b\u00e1ny\u00e1t l\u00e1tott. Hogy eml\u00e9kszik vissza, milyen volt akkor a b\u00e1ny\u00e1k \u00e1llapota? Tettek valamit az\u00e9rt a b\u00e1nyavezet\u0151k, hogy k\u00f6nnyebb legyen a f\u00f6ldalatti munka?<\/p>\n<p>&#8211; Karancslejt\u0151s\u00f6n nagy-nagy emberi er\u0151 kellett. Mind\u00f6ssze egy m\u00e9teres volt a sz\u00e9nfal, csak t\u00e9rden \u00e1llva tudtunk fejteni. Ha meg robbantottunk, \u00fagy egym\u00e1sra torl\u00f3dott a sz\u00e9n, hogy hason cs\u00faszva k\u00f6zel\u00edthett\u00fck meg a munkahelyet. F\u00e9lig fekve la- p\u00e1toltuk ki a szenet, hogy csill\u00e9kbe rakj\u00e1k. Mindig azzal biztattak, majd a g\u00e9pes\u00edt\u00e9s seg\u00edt rajtunk.<\/p>\n<p>&#8211; Val\u00f3ban seg\u00edtett?<\/p>\n<p>&#8211; Karancslejt\u0151s\u00f6n nem, a b\u00e1nya bez\u00e1rt, miel\u0151tt a g\u00e9pek ide\u00e9rtek. De \u00fajlakon, meg a t\u00f6bbi b\u00e1ny\u00e1ban m\u00e1r elindult valami. Ott m\u00e1r sz\u00e1ll\u00edt\u00f3szalagok hordt\u00e1k a csill\u00e9be a szenet, meg t\u00f6bb m\u00e1s g\u00e9p is j\u00f6tt.<\/p>\n<p>&#8211; Van feles\u00e9ge, fia, vannak unok\u00e1i. A p\u00e1rj\u00e1val mi\u00f3ta \u00e9lnek egy\u00fctt?<\/p>\n<p>&#8211; M\u00e9g J\u00f3zsef lejt\u0151s\u00f6n dolgoztam \u00e9s a villamosra v\u00e1rtam, hogy m\u0171szak ut\u00e1n hazajussak. A feles\u00e9gem az \u00fcveggy\u00e1rban dolgozott \u00e9s \u0151 azzal a villamossal j\u00e1rt haza P\u00e1lfalv\u00e1ra. \u00d6sszemelegedt\u00fcnk \u00e9s 1952-ben meg is esk\u00fcdt\u00fcnk. Egy fi\u00fank sz\u00fcletett. G\u00e9pipari technikumot v\u00e9gzett, m\u0171szer\u00e9sz lett. \u0150 is a b\u00e1ny\u00e1n\u00e1l kezdett, de hogy a sz\u00e9ntermel\u00e9s visszaszorult, nem volt sz\u00fcks\u00e9g r\u00e1. Munkan\u00e9lk\u00fcli lett bel\u0151le. Neh\u00e9z hely\u00adzetbe ker\u00fcltek, mert m\u00e1r ott volt a k\u00e9t unoka. Ami kis p\u00e9nzt \u00f6sszesp\u00f3roltunk, odaadtuk nekik, hogy l\u00e9tezni tudjanak. V\u00e9g\u00fcl Sz\u00e9cs\u00e9nyben, egy osztr\u00e1k c\u00e9gn\u00e9l kapott munk\u00e1t. Most \u0151 is \u00fagy aut\u00f3buszozik, mint valamikor \u00e9n.<\/p>\n<p>&#8211; Amikor k\u00f6z\u00f6s \u00e9let\u00fck indult, ugyancsak seg\u00edtettek a sz\u00fcl\u0151k?<\/p>\n<p>&#8211; Szerettek volna, de nem tudtak. Mi is sokan voltunk testv\u00e9rek, a feles\u00e9gem\u00e9k is.. . Amink csak van, egy\u00fctt hoztuk \u00f6ssze. Becs\u00fclj\u00fck is nagyon, ak\u00e1rcsak egym\u00e1st.<\/p>\n<p>&#8211; \u00d6n\u00e1ll\u00f3 \u00e9letet kezdtek mindj\u00e1rt a h\u00e1zass\u00e1g ut\u00e1n?<\/p>\n<p>&#8211; Nem, egy ideig any\u00e1m\u00e9kn\u00e1l laktunk. H\u00e1rom csal\u00e1d \u00e9lt egy\u00fctt, t\u00f6bbnyire meg\u00e9rt\u00e9sben. De itt a szomsz\u00e9dok is olyanok voltak egym\u00e1shoz, mint a testv\u00e9rek. Az \u00f6reg Kerdi b\u00e1csi\u00e9k, Pozsonyi n\u00e9ni, K\u00f3r\u00f3s n\u00e9ni, Kassai Laci b\u00e1csi\u00e9k, And\u00f3 Jani b\u00e1csi\u00e9k. Mi 1953-ban kaptuk a lak\u00e1st itt a kol\u00f3ni\u00e1ban, az\u00f3ta is itt \u00e9l\u00fcnk. El\u0151sz\u00f6r a szobab\u00fatort vett\u00fck meg, azt\u00e1n a konyhab\u00fatorra sp\u00f3roltunk. K\u00e9s\u0151bb m\u00e1r ruh\u00e1ra is jutott valamennyi p\u00e9nz. Mos\u00f3g\u00e9pet is v\u00e1s\u00e1roltunk, de akkor m\u00e9g utalv\u00e1nyra adt\u00e1k. Eml\u00e9kszem Kistereny\u00e9re kellett menn\u00fcnk \u00e9rte. Az \u00fczletb\u0151l a h\u00e1tamon vittem ki a vas\u00fat\u00e1llom\u00e1sra. Amikor egy kicsit t\u00f6bb volt a p\u00e9nz\u00fcnk, megengedhett\u00fck magunknak a telev\u00edzi\u00f3t is.<\/p>\n<p>&#8211; Azt mondj\u00e1k itt Baglyason, j\u00f3l futballozott, a csapat oszlopos tagja volt.<\/p>\n<p>&#8211; Olyan nagy futballista nem voltam, de szerettem j\u00e1tszani. Ed\u0151cs Pista, Hegyi G\u00e9za. .. ezek voltak a nagyok, h\u00fazt\u00e1k a csapatot, de m\u00f6g\u00f6tt\u00fck m\u00e1r ott voltunk mi, az ut\u00e1np\u00f3tl\u00e1s. A b\u00e1ty\u00e1m Lajos volt a kapus, T\u00f6r\u00f6k T\u00f3ni, \u00c1cs Miki, Lantos Laci, Ponyi Laci r\u00fagt\u00e1k akkor a labd\u00e1t a Baglyas II-ben. Ahov\u00e1 csak ment\u00fcnk, gy\u0151zt\u00fcnk. Az \u00f6reg Kosl\u00e9der volt az edz\u0151nk, B\u00f3th Laci meg az int\u00e9z\u0151nk. J\u00f3 csapat volt, meg kell hagyni. Sz\u00edvvel \u00e9s \u00e9sszel futballoztunk. Csapata most is &#8211; van Baglyasnak, de nem megy \u00fagy a j\u00e1t\u00e9k, mint r\u00e9gen\u2026<\/p>\n<p>&#8211; Sz\u00e1nas-telepen sz\u00fcletett, itt pergett le eg\u00e9sz eddigi \u00e9lete. V\u00e1ltozott itt az\u00f3ta valami?<\/p>\n<p>&#8211; Beomlott a b\u00e1nya, az alag\u00fat, a hely\u00e9t sem l\u00e1tni a kisvas\u00fatnak. A b\u00e1nyairod\u00e1b\u00f3l lak\u00e1sokat csin\u00e1ltak, 10 csal\u00e1d \u00e91 benne. Az Angyal\u00e9k boltja is csal\u00e1di h\u00e1z. Igaz van m\u00e1s\u00fctt bolt, ahol v\u00e1s\u00e1rolhat az ember. Ha az itteniek nem tetszenek, utazhatnak az emberek Tarj\u00e1nba, van m\u00e1r aut\u00f3busz. \u00c9p\u00edtettek egy orvosi rendel\u0151t is. De nemcsak a telep, az eg\u00e9sz Baglyas megv\u00e1ltozott. Hogy m\u00e1st ne mondjak, nincs meg a kaszin\u00f3, az \u00e9p\u00fcletben di\u00e1kotthon van. Az iskola is m\u00e1s, nem nevel olyan szigor\u00fa rendre, fegyelemre, mint r\u00e9gen. Mondj\u00e1k sokan azt is, hogy a Frankel Le\u00f3 utat sem kellett volna mind cig\u00e1nycsal\u00e1doknak adni. Nem mondom, hogy valamennyien rosszak, de van k\u00f6zt\u00fck nem is egy, aki sok gondot okoz a baglyasiaknak.<\/p>\n<p>&#8211; S ha Tarj\u00e1nt\u00f3l elv\u00e1lik Baglyas, \u00f6n\u00e1ll\u00f3an k\u00f6nnyebb lett volna?<\/p>\n<p>&#8211; Nemigen hiszem \u00e9n azt. Ha a v\u00e1ros nem b\u00edr l\u00e9tezni, a kisebb telep\u00fcl\u00e9st sem engedik leveg\u0151h\u00f6z jutni. Salg\u00f3tarj\u00e1n kev\u00e9s seg\u00edts\u00e9get kap az \u00e1llamt\u00f3l, a korm\u00e1nyt\u00f3l. \u00cdgy nem tudja jobban t\u00e1mogatni a hozz\u00e1csatlakozott telep\u00fcl\u00e9seket sem. A legnagyobb baj az, hogy kev\u00e9s a munkahely. J\u00f3 ideje m\u00e1r nem igen teremtenek, m\u00e9g azt is megsz\u00fcntetik, ami van. \u00c9n a hely\u00fckben meggondoln\u00e1m, hogy a b\u00e1ny\u00e1k mennyit seg\u00edthetn\u00e9nek? Van itt sz\u00e9n a f\u00f6ld m\u00e9ly\u00e9n, csak akarat kell hozz\u00e1, meg p\u00e9nz, befektet\u0151k, hogy kiakn\u00e1zhass\u00e1k. B\u00e1ny\u00e1sz is akadna b\u0151ven. Mert ma \u00fagy van a legt\u00f6bb ember, nem azt n\u00e9zi hol, csak dolgozzon. M\u00e9g mindig sok itt a k\u00f6rny\u00e9k\u00fcnk\u00f6n a munkan\u00e9lk\u00fcli.<\/p>\n<p style=\"text-align: center;\"><a href=\"http:\/\/baglyasalja.hu\/baglyas\/?page_id=24\">VISSZA<\/a><\/p>\n","protected":false},"excerpt":{"rendered":"<p>&#8211; Eml\u00edtette, hogy itt sz\u00fcletett Baglyason a Sz\u00e1nas-telepen. &#8211; Igen, 1925-ben \u00e9s itt telt el a gyermekkorom is. Ma is magam el\u0151tt l\u00e1tom az Angyal b\u00e1csi bolt\u00adj\u00e1t, ahov\u00e1 v\u00e1s\u00e1rolni j\u00e1rtunk. A nagyb\u00e1ty\u00e1m l\u00e1nya szolg\u00e1lt&#46;&#46;&#46;<\/p>\n","protected":false},"author":1,"featured_media":0,"parent":18,"menu_order":0,"comment_status":"open","ping_status":"open","template":"","meta":{"footnotes":""},"class_list":["post-38","page","type-page","status-publish","hentry"],"_links":{"self":[{"href":"https:\/\/www.baglyasalja.hu\/baglyas\/index.php?rest_route=\/wp\/v2\/pages\/38","targetHints":{"allow":["GET"]}}],"collection":[{"href":"https:\/\/www.baglyasalja.hu\/baglyas\/index.php?rest_route=\/wp\/v2\/pages"}],"about":[{"href":"https:\/\/www.baglyasalja.hu\/baglyas\/index.php?rest_route=\/wp\/v2\/types\/page"}],"author":[{"embeddable":true,"href":"https:\/\/www.baglyasalja.hu\/baglyas\/index.php?rest_route=\/wp\/v2\/users\/1"}],"replies":[{"embeddable":true,"href":"https:\/\/www.baglyasalja.hu\/baglyas\/index.php?rest_route=%2Fwp%2Fv2%2Fcomments&post=38"}],"version-history":[{"count":0,"href":"https:\/\/www.baglyasalja.hu\/baglyas\/index.php?rest_route=\/wp\/v2\/pages\/38\/revisions"}],"up":[{"embeddable":true,"href":"https:\/\/www.baglyasalja.hu\/baglyas\/index.php?rest_route=\/wp\/v2\/pages\/18"}],"wp:attachment":[{"href":"https:\/\/www.baglyasalja.hu\/baglyas\/index.php?rest_route=%2Fwp%2Fv2%2Fmedia&parent=38"}],"curies":[{"name":"wp","href":"https:\/\/api.w.org\/{rel}","templated":true}]}}