{"id":28,"date":"2008-04-24T15:32:01","date_gmt":"2008-04-24T13:32:01","guid":{"rendered":"http:\/\/baglyasalja.hu\/baglyas\/?page_id=34"},"modified":"2008-04-24T15:32:01","modified_gmt":"2008-04-24T13:32:01","slug":"daniel-jozsefne","status":"publish","type":"page","link":"https:\/\/www.baglyasalja.hu\/baglyas\/?page_id=28","title":{"rendered":"D\u00e1niel J\u00f3zsefn\u00e9"},"content":{"rendered":"<p class=\"MsoNormal\" style=\"margin-left: 15px; margin-right: 15px;\" align=\"center\"><a name=\"daniel\"> <img loading=\"lazy\" decoding=\"async\" src=\"..\/..\/web\/tortenet_elemei\/foto\/emb09.jpg\" border=\"0\" alt=\"\" width=\"394\" height=\"450\" \/><\/a><\/p>\n<p>\u201c- A sz\u00ednpadi j\u00e1t\u00e9kosb\u00f3l, a rendez\u0151b\u0151l egyszerre a kult\u00farotthon igazgat\u00f3ja lett. Hogyan t\u00f6rt\u00e9nt?<\/p>\n<p>&#8211; Az m\u00e1r 1958-ban volt. Addig Eczet Ilonka n\u00e9ni\u00e9k vitt\u00e9k a h\u00e1zat, t\u00e1rsadalmi megb\u00edzat\u00e1sban. \u00c9n m\u00e1r f\u0151\u00e1ll\u00e1s\u00fa igazgat\u00f3 voltam. Elv\u00e9geztem Salg\u00f3tarj\u00e1nban egy tanfolyamot, amelyet a megyei tan\u00e1cs m\u0171vel\u0151d\u00e9si oszt\u00e1lya szervezett. Kult\u00fart\u00f6rt\u00e9netet tanultunk, a rendez\u00e9s alapismereteivel ismerkedt\u00fcnk. K\u00e9s\u0151bb Pestre j\u00e1rtam iskol\u00e1ba n\u00e9pm\u0171vel\u0151-k\u00f6nyvt\u00e1r szakra. Amikor \u00e1tvettem a h\u00e1zat, \u00e9ppen egy nagy fel\u00faj\u00edt\u00e1s tartott. Szinte minden meg\u00fajult a sz\u00e9nb\u00e1ny\u00e1szati tr\u00f6szt seg\u00edts\u00e9g\u00e9vel. Mert az otthon gazd\u00e1ja a b\u00e1ny\u00e1szszakszervezet volt. Az \u00e1tad\u00e1st<\/p>\n<p>nagy esztr\u00e1dm\u0171sorral \u00fcnnepelt\u00fck. Ki\u00e1lltam a f\u00fcgg\u00f6ny el\u00e9 \u00e9s dalban mondtam el a fel\u00faj\u00edt\u00e1s t\u00f6rt\u00e9net\u00e9t, k\u00f6sz\u00f6ntem meg a sz\u00e9nb\u00e1ny\u00e1szati tr\u00f6sztnek a t\u00e1mogat\u00e1st. Sokan gratul\u00e1ltak a tal\u00e1l\u00f3 str\u00f3f\u00e1khoz. De a legjobban annak \u00f6r\u00fcltem, amikor Cserh\u00e1ti J\u00f3ska b\u00e1csi az irodalomtan\u00e1r arr\u00f3l faggatott, ki seg\u00edtett \u00f6sszeszedni a mondanival\u00f3t, a r\u00edmeket. Ki seg\u00edtett volna, mondtam neki. Otthon a mos\u00f3tekn\u0151 mellett nagyon j\u00f3l esett v\u00e9gig gondolni a fel\u00faj\u00edt\u00e1s t\u00f6rt\u00e9net\u00e9t \u00e9s mindezt eldalolni\u2026<\/p>\n<p>&#8211; Sokan mondj\u00e1k, hogy est\u00e9r\u0151l-est\u00e9re ben\u00e9pes\u00fclt az \u00e9p\u00fclet.<\/p>\n<p>&#8211; Be bizony, hiszen nagyon sok ember munk\u00e1ja volt benne \u00e9s mindenki k\u00edv\u00e1ncsi volt az eredm\u00e9nyre. Nem ismert\u00fcnk lehetetlent. Takar\u00edtottunk, rendezkedt\u00fcnk. A sz\u00ednpadi f\u00fcgg\u00f6ny\u00f6ket, a szerepl\u0151k, a t\u00e1ncos l\u00e1nyok ruh\u00e1j\u00e1t mind az \u00fcgyes kez\u0171 baglyasi asszonyok varrt\u00e1k. Egy\u00fctt \u00f6r\u00fclt\u00fcnk, hogy mennyi mindenre kaptunk lehet\u0151s\u00e9get. Igyekezt\u00fcnk \u00e9lni valamennyivel. Minden h\u00e9ten mozi volt, ut\u00f3bb m\u00e1r modern g\u00e9ph\u00e1zzal, sz\u00e9lesv\u00e1szn\u00fa filmmel. Abonyi T\u00f3ni mellett, aki az els\u0151 mozig\u00e9p\u00e9sz volt, sok fiatal feln\u0151tt, Kislov\u00e1sz Pista, Kerdi Pista, Mocs\u00e1ri \u00c1rpi. Am\u00edg az \u00e1talak\u00edt\u00e1s tartott, addig sem z\u00e1rtuk be a mozit. A r\u00e9gi cserk\u00e9szotthon hely\u00e9n, a magazin tetej\u00e9n vet\u00edtett\u00fcnk. Vas\u00e1rnaponk\u00e9nt tead\u00e9lut\u00e1nokat tartottunk. El\u0151sz\u00f6r csak a helyi fiatalok j\u00f6ttek, k\u00e9s\u0151bb Salg\u00f3tarj\u00e1nb\u00f3l \u00e9s P\u00e1lfalv\u00e1r\u00f3l is rendszeresen l\u00e1togatt\u00e1k. Sok sz\u00e9p bar\u00e1ts\u00e1g \u00e9s szerelem is sz\u00f6v\u0151d\u00f6tt itt. J\u00f3 zenekarunk volt, a Grosz-Brecho egy\u00fcttes. K\u00e1rp\u00e1ti tan\u00edt\u00f3 \u00far fizika \u00e9s matematikai szakk\u00f6rt vezetett. Akit \u0151 felk\u00e9sz\u00edtett, az biztos, hogy minden\u00fctt meg\u00e1llta a hely\u00e9t. Fot\u00f3szakk\u00f6r indult, Horv\u00e1th Laci ir\u00e1ny\u00edt\u00e1s\u00e1val. Sok fiatal t\u00f6lt\u00f6tte itt hasznosan a szabadidej\u00e9t. Az asszonyoknak k\u00e9zimunkak\u00f6rt szervezett Nagy Mariska n\u00e9ni, meg Tak\u00e1cs B\u00f6ske n\u00e9ni. Ir\u00f3-olvas\u00f3 tal\u00e1lkoz\u00f3t tartottunk, Veres P\u00e9ter k\u00e9tszer is a vend\u00e9g\u00fcnk volt. Sz\u00f3val a h\u00e1zban zsongott, l\u00fcktetett az \u00e9let\u2026\u201d<\/p>\n<p style=\"text-align: center;\"><a href=\"http:\/\/baglyasalja.hu\/baglyas\/?page_id=24\">VISSZA<\/a><\/p>\n","protected":false},"excerpt":{"rendered":"<p>\u201c- A sz\u00ednpadi j\u00e1t\u00e9kosb\u00f3l, a rendez\u0151b\u0151l egyszerre a kult\u00farotthon igazgat\u00f3ja lett. Hogyan t\u00f6rt\u00e9nt? &#8211; Az m\u00e1r 1958-ban volt. Addig Eczet Ilonka n\u00e9ni\u00e9k vitt\u00e9k a h\u00e1zat, t\u00e1rsadalmi megb\u00edzat\u00e1sban. \u00c9n m\u00e1r f\u0151\u00e1ll\u00e1s\u00fa igazgat\u00f3 voltam. Elv\u00e9geztem Salg\u00f3tarj\u00e1nban&#46;&#46;&#46;<\/p>\n","protected":false},"author":1,"featured_media":0,"parent":18,"menu_order":0,"comment_status":"open","ping_status":"open","template":"","meta":{"footnotes":""},"class_list":["post-28","page","type-page","status-publish","hentry"],"_links":{"self":[{"href":"https:\/\/www.baglyasalja.hu\/baglyas\/index.php?rest_route=\/wp\/v2\/pages\/28","targetHints":{"allow":["GET"]}}],"collection":[{"href":"https:\/\/www.baglyasalja.hu\/baglyas\/index.php?rest_route=\/wp\/v2\/pages"}],"about":[{"href":"https:\/\/www.baglyasalja.hu\/baglyas\/index.php?rest_route=\/wp\/v2\/types\/page"}],"author":[{"embeddable":true,"href":"https:\/\/www.baglyasalja.hu\/baglyas\/index.php?rest_route=\/wp\/v2\/users\/1"}],"replies":[{"embeddable":true,"href":"https:\/\/www.baglyasalja.hu\/baglyas\/index.php?rest_route=%2Fwp%2Fv2%2Fcomments&post=28"}],"version-history":[{"count":0,"href":"https:\/\/www.baglyasalja.hu\/baglyas\/index.php?rest_route=\/wp\/v2\/pages\/28\/revisions"}],"up":[{"embeddable":true,"href":"https:\/\/www.baglyasalja.hu\/baglyas\/index.php?rest_route=\/wp\/v2\/pages\/18"}],"wp:attachment":[{"href":"https:\/\/www.baglyasalja.hu\/baglyas\/index.php?rest_route=%2Fwp%2Fv2%2Fmedia&parent=28"}],"curies":[{"name":"wp","href":"https:\/\/api.w.org\/{rel}","templated":true}]}}