{"id":19,"date":"2008-04-24T15:16:31","date_gmt":"2008-04-24T13:16:31","guid":{"rendered":"http:\/\/baglyasalja.hu\/baglyas\/?page_id=25"},"modified":"2008-04-24T15:16:31","modified_gmt":"2008-04-24T13:16:31","slug":"ando-a-miklos","status":"publish","type":"page","link":"https:\/\/www.baglyasalja.hu\/baglyas\/?page_id=19","title":{"rendered":"And\u00f3 a. Mikl\u00f3s"},"content":{"rendered":"<p align=\"center\"><a name=\"ando\"> <img loading=\"lazy\" decoding=\"async\" src=\"http:\/\/baglyasalja.hu\/web\/tortenet_elemei\/foto\/emb01.jpg\" border=\"0\" alt=\"\" width=\"450\" height=\"320\" align=\"middle\" \/><\/a><\/p>\n<p>\u201c\u2026 egy j\u00f3 esztendeig voltam a f\u00f6ld alatt. Kihozott a hangom. Egyszer, amikor a mostohaap\u00e1m sz\u00e9n\u00e1t kasz\u00e1lt, \u00e9n meg a lev\u00e1gott f\u00fcvet gy\u0171jt\u00f6gettem \u00f6ssze, csak oda\u00e1ll\u00edtott Ponyi Jani b\u00e1csi.<\/p>\n<p>&#8211; Ide figyelj Mikl\u00f3s &#8211; mondta-, volna kedved muzsik\u00e1lni, zenekarban j\u00e1tszani?<\/p>\n<p>&#8211; H\u00e1t\u2026 Jani b\u00e1csi nem tanulhatok \u00e9n zen\u00e9t, &#8211; v\u00e1laszoltam lemond\u00f3an.<\/p>\n<p>&#8211; Dehogynem -biztatott. &#8211; Elj\u00e1rt\u00e1l a templomba, ott \u00e9nekelt\u00e9l, nem is ak\u00e1rhogy\u2026<\/p>\n<p>Sz\u00f3 sz\u00f3t k\u00f6vetett \u00e9s hogy a mostohaap\u00e1m sem ellenkezett, egyszer csak hivattak a baglyasi kaszin\u00f3ba. A b\u00e1ny\u00e1szk\u00f6rben pr\u00f3b\u00e1lt a zenekar. Kezembe adt\u00e1k a poz\u00e1nt \u00e9s a karmester Grosz P\u00e9ter val\u00f3ban megtan\u00edtott j\u00e1tszani. M\u00e9g Tarj\u00e1nba is j\u00e1rtam hozz\u00e1. Igy azt\u00e1n a zenekar tagja lettem \u00e9n is. Ponyi Feri, Ponyi Jani, Kisg\u00e9czi Andr\u00e1s b\u00e1csival, Kom\u00e9th J\u00f3sk\u00e1val j\u00e1tszottam egy\u00fctt. Dubovszky, a b\u00e1nyaigazgat\u00f3 nagyon a sz\u00edv\u00e9n viselte a zenekar sors\u00e1t. Hangszereket, egyenruh\u00e1t kaptunk, ott fesz\u00edtett\u00fcnk benne minden \u00fcnneps\u00e9gen. T\u00f6bb mint 50 \u00e9vig j\u00e1rtam vel\u00fck. Amikor Baglyason megsz\u0171nt a zenekar, mi n\u00e9h\u00e1nyan bement\u00fcnk Tarj\u00e1nba \u00e9s a nagyzenekarban j\u00e1tszottunk tov\u00e1bb. Mar\u00f3thi Gy\u0151z\u0151, Vilezs\u00e1l Richard, Sz\u0151ll\u0151si volt a karmester\u00fcnk. Becze Lajos volt az utols\u00f3, mert akkor m\u00e1r megsz\u0171nt a zenekar. Valaha a zene, a hangszerem volt a mindenem. De ma m\u00e1r csak a k\u00f6z\u00f6s f\u00e9nyk\u00e9pek, a ruha, meg a poz\u00e1nom eml\u00e9keztetnek azokra az id\u0151kre.\u201d<\/p>\n<p style=\"text-align: center;\"><a href=\"http:\/\/baglyasalja.hu\/baglyas\/?page_id=24\">VISSZA<\/a><\/p>\n","protected":false},"excerpt":{"rendered":"<p>\u201c\u2026 egy j\u00f3 esztendeig voltam a f\u00f6ld alatt. Kihozott a hangom. Egyszer, amikor a mostohaap\u00e1m sz\u00e9n\u00e1t kasz\u00e1lt, \u00e9n meg a lev\u00e1gott f\u00fcvet gy\u0171jt\u00f6gettem \u00f6ssze, csak oda\u00e1ll\u00edtott Ponyi Jani b\u00e1csi. &#8211; Ide figyelj Mikl\u00f3s &#8211;&#46;&#46;&#46;<\/p>\n","protected":false},"author":1,"featured_media":0,"parent":18,"menu_order":1,"comment_status":"open","ping_status":"open","template":"","meta":{"footnotes":""},"class_list":["post-19","page","type-page","status-publish","hentry"],"_links":{"self":[{"href":"https:\/\/www.baglyasalja.hu\/baglyas\/index.php?rest_route=\/wp\/v2\/pages\/19","targetHints":{"allow":["GET"]}}],"collection":[{"href":"https:\/\/www.baglyasalja.hu\/baglyas\/index.php?rest_route=\/wp\/v2\/pages"}],"about":[{"href":"https:\/\/www.baglyasalja.hu\/baglyas\/index.php?rest_route=\/wp\/v2\/types\/page"}],"author":[{"embeddable":true,"href":"https:\/\/www.baglyasalja.hu\/baglyas\/index.php?rest_route=\/wp\/v2\/users\/1"}],"replies":[{"embeddable":true,"href":"https:\/\/www.baglyasalja.hu\/baglyas\/index.php?rest_route=%2Fwp%2Fv2%2Fcomments&post=19"}],"version-history":[{"count":0,"href":"https:\/\/www.baglyasalja.hu\/baglyas\/index.php?rest_route=\/wp\/v2\/pages\/19\/revisions"}],"up":[{"embeddable":true,"href":"https:\/\/www.baglyasalja.hu\/baglyas\/index.php?rest_route=\/wp\/v2\/pages\/18"}],"wp:attachment":[{"href":"https:\/\/www.baglyasalja.hu\/baglyas\/index.php?rest_route=%2Fwp%2Fv2%2Fmedia&parent=19"}],"curies":[{"name":"wp","href":"https:\/\/api.w.org\/{rel}","templated":true}]}}