{"id":1203,"date":"2011-05-20T15:03:28","date_gmt":"2011-05-20T13:03:28","guid":{"rendered":"http:\/\/www.baglyasalja.hu\/?page_id=1203"},"modified":"2018-02-28T11:23:39","modified_gmt":"2018-02-28T09:23:39","slug":"baglyasko-galeria","status":"publish","type":"page","link":"https:\/\/www.baglyasalja.hu\/baglyas\/?page_id=1203","title":{"rendered":"Baglyask\u0151 Gal\u00e9ria"},"content":{"rendered":"<div style=\"width: 610px\" class=\"wp-caption alignnone\"><a href=\"http:\/\/www.baglyasalja.hu\/baglyas\/?p=9803\"><img decoding=\"async\" src=\"http:\/\/www.baglyasalja.hu\/baglyas\/wp-content\/gallery\/180226\/180226_04.jpg\" alt=\"\" width=\"600\"\/><\/a><p class=\"wp-caption-text\">Ki\u00e1ll\u00edt\u00e1s Gedeon Hajnalka grafik\u00e1ib\u00f3l<\/p><\/div>\n<p>&nbsp;<\/p>\n<div style=\"width: 610px\" class=\"wp-caption alignnone\"><a href=\"http:\/\/www.baglyasalja.hu\/baglyas\/?p=9702\"><img decoding=\"async\" src=\"http:\/\/www.baglyasalja.hu\/baglyas\/wp-content\/gallery\/171212\/171212_09-1.jpg\" alt=\"\" width=\"600\"\/><\/a><p class=\"wp-caption-text\">Ki\u00e1ll\u00edt\u00e1s Szentp\u00e9tery Ildik\u00f3 fot\u00f3ib\u00f3l<\/p><\/div>\n<p>&nbsp;<\/p>\n<div style=\"width: 610px\" class=\"wp-caption alignnone\"><a href=\"http:\/\/www.baglyasalja.hu\/baglyas\/?p=9574\"><img decoding=\"async\" src=\"http:\/\/www.baglyasalja.hu\/baglyas\/wp-content\/gallery\/171005\/171005_06-1.jpg\" alt=\"\" width=\"600\"\/><\/a><p class=\"wp-caption-text\">Botos Zolt\u00e1n \u00e9s Cs\u00e9pe Ferenc alkot\u00e1sai<\/p><\/div>\n<p>&nbsp;<\/p>\n<div style=\"width: 610px\" class=\"wp-caption alignnone\"><a href=\"http:\/\/www.baglyasalja.hu\/baglyas\/?p=9241\"><img decoding=\"async\" src=\"http:\/\/www.baglyasalja.hu\/baglyas\/wp-content\/gallery\/170824\/170824_02-1.JPG\" alt=\"\" width=\"600\"\/><\/a><p class=\"wp-caption-text\">Filius Bal\u00e1zs ki\u00e1ll\u00edt\u00e1sa<\/p><\/div>\n<p>&nbsp;<\/p>\n<div style=\"width: 610px\" class=\"wp-caption alignnone\"><a href=\"http:\/\/www.baglyasalja.hu\/baglyas\/?p=9111\"><img decoding=\"async\" src=\"http:\/\/www.baglyasalja.hu\/baglyas\/wp-content\/gallery\/170530\/170530_03-1.jpg\" alt=\"\" width=\"600\"\/><\/a><p class=\"wp-caption-text\">P\u00fcnk\u00f6sdk\u00f6sz\u00f6nt\u0151 ki\u00e1ll\u00edt\u00e1s<\/p><\/div>\n<p>&nbsp;<\/p>\n<div style=\"width: 610px\" class=\"wp-caption alignnone\"><a href=\"http:\/\/www.baglyasalja.hu\/baglyas\/?p=8738\"><img decoding=\"async\" src=\"http:\/\/www.baglyasalja.hu\/baglyas\/wp-content\/gallery\/170221\/170221_02.jpg\" alt=\"\" width=\"600\"\/><\/a><p class=\"wp-caption-text\">\u00dajhelyin\u00e9 Csincsik Orsolya ki\u00e1ll\u00edt\u00e1sa<\/p><\/div>\n<p>&nbsp;<\/p>\n<div style=\"width: 610px\" class=\"wp-caption alignnone\"><a href=\"http:\/\/www.baglyasalja.hu\/baglyas\/?p=8585\"><img decoding=\"async\" src=\"http:\/\/www.baglyasalja.hu\/baglyas\/wp-content\/gallery\/161208\/161208_05.jpg\" alt=\"\" width=\"600\"\/><\/a><p class=\"wp-caption-text\">Adventi hangulat ki\u00e1ll\u00edt\u00e1s<\/p><\/div>\n<p>&nbsp;<\/p>\n<div style=\"width: 610px\" class=\"wp-caption alignnone\"><a href=\"http:\/\/www.baglyasalja.hu\/baglyas\/?p=8500\"><img decoding=\"async\" src=\"http:\/\/www.baglyasalja.hu\/baglyas\/wp-content\/gallery\/161010\/161010_04.jpg\" alt=\"\" width=\"600\"\/><\/a><p class=\"wp-caption-text\">Kir\u00e1ly Mandi ki\u00e1ll\u00edt\u00e1s<\/p><\/div>\n<p>&nbsp;<\/p>\n<div style=\"width: 610px\" class=\"wp-caption alignnone\"><a href=\"http:\/\/www.baglyasalja.hu\/baglyas\/?p=7972\"><img decoding=\"async\" src=\"http:\/\/www.baglyasalja.hu\/baglyas\/wp-content\/gallery\/160823\/160823_04.jpg\" alt=\"\" width=\"600\"\/><\/a><p class=\"wp-caption-text\">Per\u00e9nyi Anna ki\u00e1ll\u00edt\u00e1sa<\/p><\/div>\n<p>&nbsp;<\/p>\n<div style=\"width: 610px\" class=\"wp-caption alignnone\"><a href=\"http:\/\/www.baglyasalja.hu\/baglyas\/?p=6827\"><img decoding=\"async\" src=\"http:\/\/www.baglyasalja.hu\/baglyas\/wp-content\/gallery\/151216\/151216_04.jpg\" alt=\"\" width=\"600\"\/><\/a><p class=\"wp-caption-text\">&nbsp;Ki\u00e1ll\u00edt\u00e1s Varga Tam\u00e1s v\u00e1logatott k\u00e9peib\u0151l<\/p><\/div>\n<p>&nbsp;<\/p>\n<div style=\"width: 610px\" class=\"wp-caption alignnone\"><a href=\"http:\/\/www.baglyasalja.hu\/baglyas\/?p=6670\"><img decoding=\"async\" src=\"http:\/\/www.baglyasalja.hu\/baglyas\/wp-content\/gallery\/151015\/151015_05.jpg\" alt=\"\" width=\"600\"\/><\/a><p class=\"wp-caption-text\">T\u00f6r\u00f6k Katalin ki\u00e1ll\u00edt\u00e1sa<\/p><\/div>\n<p>&nbsp;<\/p>\n<div style=\"width: 610px\" class=\"wp-caption alignnone\"><a href=\"http:\/\/www.baglyasalja.hu\/baglyas\/?p=6141\"><img decoding=\"async\" src=\"http:\/\/www.baglyasalja.hu\/baglyas\/wp-content\/gallery\/150901\/150901_08.jpg\" alt=\"\" width=\"600\"\/><\/a><p class=\"wp-caption-text\">\u201eEml\u00e9kk\u00e9pek a N\u00f3gr\u00e1d Megyei Fot\u00f3klub 50 \u00e9ves t\u00f6rt\u00e9net\u00e9b\u0151l\u201d<\/p><\/div>\n<p>&nbsp;<\/p>\n<div style=\"width: 610px\" class=\"wp-caption alignnone\"><a href=\"http:\/\/www.baglyasalja.hu\/baglyas\/?p=5664\"><img decoding=\"async\" src=\"http:\/\/www.baglyasalja.hu\/baglyas\/wp-content\/gallery\/150607\/150607_08.jpg\" alt=\"\" width=\"600\"\/><\/a><p class=\"wp-caption-text\">Nagy M\u00e1rta ki\u00e1ll\u00edt\u00e1s<\/p><\/div>\n<div class=\"mceTemp\">&nbsp;<\/div>\n<p>&nbsp;<\/p>\n<div style=\"width: 610px\" class=\"wp-caption alignnone\"><a href=\"http:\/\/www.baglyasalja.hu\/baglyas\/?p=5019\"><img decoding=\"async\" src=\"http:\/\/www.baglyasalja.hu\/baglyas\/wp-content\/gallery\/150324\/150324_11.jpg\" alt=\"\" width=\"600\"\/><\/a><p class=\"wp-caption-text\">\u201eV\u00edz szalad, a k\u0151 marad\u201d Dr. Fekete J\u00f3zsef ki\u00e1ll\u00edt\u00e1sa<\/p><\/div>\n<p>&nbsp;<\/p>\n<div style=\"width: 610px\" class=\"wp-caption alignnone\"><a href=\"http:\/\/www.baglyasalja.hu\/baglyas\/?p=4463\"><img decoding=\"async\" src=\"http:\/\/www.baglyasalja.hu\/baglyas\/wp-content\/gallery\/150120\/150120_02-1.jpg\" alt=\"\" width=\"600\"\/><\/a><p class=\"wp-caption-text\">Czenthe Huba ki\u00e1ll\u00edt\u00e1sa<\/p><\/div>\n<p>&nbsp;<\/p>\n<div style=\"width: 610px\" class=\"wp-caption alignnone\"><a href=\"http:\/\/www.baglyasalja.hu\/baglyas\/?p=3557\"><img decoding=\"async\" src=\"http:\/\/www.baglyasalja.hu\/baglyas\/wp-content\/gallery\/140926\/140926_05.jpg\" alt=\"\" width=\"600\"\/><\/a><p class=\"wp-caption-text\">N\u00f3gr\u00e1dy Andor ki\u00e1ll\u00edt\u00e1sa<\/p><\/div>\n<p>&nbsp;<\/p>\n<div style=\"width: 610px\" class=\"wp-caption alignnone\"><a href=\"http:\/\/www.baglyasalja.hu\/baglyas\/?p=2813\"><img decoding=\"async\" src=\"http:\/\/www.baglyasalja.hu\/baglyas\/wp-content\/gallery\/140725\/140725_09.jpg\" alt=\"\" width=\"600\"\/><\/a><p class=\"wp-caption-text\">&#8222;Szerelmem Somosk\u0151\u00fajfalu&#8221; Tomk\u00e1n\u00e9 Bal\u00e1zs M\u00e1ria ki\u00e1ll\u00edt\u00e1sa<\/p><\/div>\n<p>&nbsp;<\/p>\n<div style=\"width: 610px\" class=\"wp-caption alignnone\"><a href=\"http:\/\/www.baglyasalja.hu\/baglyas\/?p=2517\"><img decoding=\"async\" src=\"http:\/\/www.baglyasalja.hu\/baglyas\/wp-content\/gallery\/140520-1\/140520_06.jpg\" alt=\"\" width=\"600\"\/><\/a><p class=\"wp-caption-text\">Gere Erzs\u00e9bet ki\u00e1ll\u00edt\u00e1s<\/p><\/div>\n<p>&nbsp;<\/p>\n<div style=\"width: 610px\" class=\"wp-caption alignnone\"><a href=\"http:\/\/www.baglyasalja.hu\/baglyas\/?p=2302\"><img decoding=\"async\" src=\"http:\/\/www.baglyasalja.hu\/baglyas\/wp-content\/gallery\/140318\/140318_06.jpg\" alt=\"\" width=\"600\"\/><\/a><p class=\"wp-caption-text\">\u201eHazat\u00e9r\u00e9s a sz\u00fcl\u0151f\u00f6ldre\u201d<\/p><\/div>\n<p>&nbsp;<\/p>\n<div style=\"width: 610px\" class=\"wp-caption alignnone\"><a href=\"http:\/\/www.baglyasalja.hu\/baglyas\/?p=2117\"><img decoding=\"async\" src=\"http:\/\/www.baglyasalja.hu\/baglyas\/wp-content\/gallery\/140114\/140114_08.jpg\" alt=\"\" width=\"600\"\/><\/a><p class=\"wp-caption-text\">L. Presits Lujza fest\u0151m\u0171v\u00e9sz ki\u00e1ll\u00edt\u00e1sa<\/p><\/div>\n<p>&nbsp;<\/p>\n<div style=\"width: 610px\" class=\"wp-caption alignnone\"><a href=\"http:\/\/www.baglyasalja.hu\/baglyas\/?p=2074\"><img decoding=\"async\" src=\"http:\/\/www.baglyasalja.hu\/baglyas\/wp-content\/gallery\/131112\/131112_02.jpg\" alt=\"\" width=\"600\"\/><\/a><p class=\"wp-caption-text\">\u201eHazat\u00e9r\u00e9s a sz\u00fcl\u0151f\u00f6ldre\u201d Somosk\u0151i \u00d6d\u00f6n fest\u0151m\u0171v\u00e9sz ki\u00e1ll\u00edt\u00e1sa<\/p><\/div>\n<p>&nbsp;<\/p>\n<div style=\"width: 610px\" class=\"wp-caption alignnone\"><a href=\"http:\/\/www.baglyasalja.hu\/baglyas\/?p=2020\"><img decoding=\"async\" src=\"http:\/\/www.baglyasalja.hu\/baglyas\/wp-content\/gallery\/130917\/130917_03.jpg\" alt=\"\" width=\"600\"\/><\/a><p class=\"wp-caption-text\">Legkedvesebb fot\u00f3im<\/p><\/div>\n<p>&nbsp;<\/p>\n<div style=\"width: 610px\" class=\"wp-caption alignnone\"><a href=\"http:\/\/www.baglyasalja.hu\/baglyas\/?p=1961\"><img decoding=\"async\" src=\"http:\/\/www.baglyasalja.hu\/baglyas\/wp-content\/gallery\/130716\/130716_02.jpg\" alt=\"\" width=\"600\"\/><\/a><p class=\"wp-caption-text\">Sz. V\u00e9gh Erzs\u00e9bet k\u00e9peinek ki\u00e1ll\u00edt\u00e1sa<\/p><\/div>\n<p>&nbsp;<\/p>\n<div style=\"width: 610px\" class=\"wp-caption alignnone\"><a href=\"http:\/\/www.baglyasalja.hu\/baglyas\/?p=1879\"><img decoding=\"async\" src=\"http:\/\/www.baglyasalja.hu\/baglyas\/wp-content\/gallery\/130514\/130514_05.jpg\" alt=\"\" width=\"600\"\/><\/a><p class=\"wp-caption-text\">Homoga J\u00f3zsef v\u00e1logatott fot\u00f3<\/p><\/div>\n<p>&nbsp;<\/p>\n<div style=\"width: 610px\" class=\"wp-caption alignnone\"><a href=\"http:\/\/www.baglyasalja.hu\/baglyas\/?p=1839\"><img decoding=\"async\" src=\"http:\/\/www.baglyasalja.hu\/baglyas\/wp-content\/gallery\/130325\/130325_04.jpg\" alt=\"\" width=\"600\"\/><\/a><p class=\"wp-caption-text\">Losonczy Ildik\u00f3 fest\u0151m\u0171v\u00e9sz ki\u00e1ll\u00edt\u00e1sa<\/p><\/div>\n<p>&nbsp;<\/p>\n<div style=\"width: 610px\" class=\"wp-caption alignnone\"><a href=\"http:\/\/www.baglyasalja.hu\/baglyas\/?p=1795\"><img decoding=\"async\" src=\"http:\/\/www.baglyasalja.hu\/baglyas\/wp-content\/gallery\/130130\/130130_16.jpg\" alt=\"\" width=\"600\"\/><\/a><p class=\"wp-caption-text\">Kov\u00e1csn\u00e9 Maczk\u00f3 Ilona \u00e9s Kov\u00e1cs Anna ki\u00e1ll\u00edt\u00e1sa<\/p><\/div>\n<p>&nbsp;<\/p>\n<div style=\"width: 610px\" class=\"wp-caption alignnone\"><a href=\"http:\/\/www.baglyasalja.hu\/baglyas\/?p=1739\"><img decoding=\"async\" src=\"http:\/\/www.baglyasalja.hu\/baglyas\/wp-content\/gallery\/121212\/121212_02.jpg\" alt=\"\" width=\"600\"\/><\/a><p class=\"wp-caption-text\">\u201cT\u00e9li Tarj\u00e1n\u201d Tarn\u00f3czi L\u00e1szl\u00f3 \u00fajs\u00e1g\u00edr\u00f3 ki\u00e1ll\u00edt\u00e1sa<\/p><\/div>\n<p>&nbsp;<\/p>\n<div style=\"width: 610px\" class=\"wp-caption alignnone\"><a href=\"http:\/\/www.baglyasalja.hu\/baglyas\/?p=1714\"><img decoding=\"async\" src=\"http:\/\/www.baglyasalja.hu\/baglyas\/wp-content\/gallery\/121025\/121025_10.jpg\" alt=\"\" width=\"600\"\/><\/a><p class=\"wp-caption-text\">Antal J\u00f3zsef ki\u00e1ll\u00edt\u00e1sa<\/p><\/div>\n<p>&nbsp;<\/p>\n<div style=\"width: 610px\" class=\"wp-caption alignnone\"><a href=\"http:\/\/www.baglyasalja.hu\/baglyas\/?p=1674\"><img decoding=\"async\" src=\"http:\/\/www.baglyasalja.hu\/baglyas\/wp-content\/gallery\/120828\/120828_05.jpg\" alt=\"\" width=\"600\"\/><\/a><p class=\"wp-caption-text\">dr. Ny\u00edri L\u00e1szl\u00f3 \u201e K\u00e1rp\u00e1taljai k\u00e9pek \u201e<\/p><\/div>\n<p>&nbsp;<\/p>\n<div style=\"width: 610px\" class=\"wp-caption alignnone\"><a href=\"http:\/\/www.baglyasalja.hu\/baglyas\/?p=1606\"><img decoding=\"async\" src=\"http:\/\/www.baglyasalja.hu\/baglyas\/wp-content\/gallery\/120619\/120619_04.jpg\" alt=\"\" width=\"600\"\/><\/a><p class=\"wp-caption-text\">\u201cEgy v\u00e1ros sz\u00fclet\u00e9se\u201d<\/p><\/div>\n<p>&nbsp;<\/p>\n<div style=\"width: 610px\" class=\"wp-caption alignnone\"><a href=\"http:\/\/www.baglyasalja.hu\/baglyas\/?p=1533\"><img decoding=\"async\" src=\"http:\/\/www.baglyasalja.hu\/baglyas\/wp-content\/gallery\/120322\/120322_07.jpg\" alt=\"\" width=\"600\"\/><\/a><p class=\"wp-caption-text\">A Bodrogi h\u00e1zasp\u00e1r fot\u00f3 ki\u00e1ll\u00edt\u00e1sa<\/p><\/div>\n<p>&nbsp;<\/p>\n<div style=\"width: 610px\" class=\"wp-caption alignnone\"><a href=\"http:\/\/www.baglyasalja.hu\/baglyas\/?p=1492\"><img decoding=\"async\" src=\"http:\/\/www.baglyasalja.hu\/baglyas\/wp-content\/gallery\/120126\/120126_01.jpg\" alt=\"\" width=\"600\"\/><\/a><p class=\"wp-caption-text\">Ugaros L\u00e1szl\u00f3 akvarelljei \u00e9s Gere Erzs\u00e9bet \u00fcvegfestm\u00e9nyei<\/p><\/div>\n<p>&nbsp;<\/p>\n<div style=\"width: 610px\" class=\"wp-caption alignnone\"><a href=\"http:\/\/www.baglyasalja.hu\/baglyas\/?p=1499\"><img decoding=\"async\" src=\"http:\/\/www.baglyasalja.hu\/baglyas\/wp-content\/gallery\/111215a\/111215a_3.jpg\" alt=\"\" width=\"600\"\/><\/a><p class=\"wp-caption-text\">Kun P\u00e9ter ki\u00e1ll\u00edt\u00e1sa<\/p><\/div>\n<p>&nbsp;<\/p>\n<div style=\"width: 610px\" class=\"wp-caption alignnone\"><a href=\"http:\/\/www.baglyasalja.hu\/baglyas\/?p=1394\"><img decoding=\"async\" src=\"http:\/\/www.baglyasalja.hu\/baglyas\/wp-content\/gallery\/111103\/111103_05.jpg\" alt=\"\" width=\"600\"\/><\/a><p class=\"wp-caption-text\">dr. Ag\u00f3cs J\u00f3zsef &#8222;Csak egy t\u00e1nc volt\u2026&#8221;<\/p><\/div>\n<p>&nbsp;<\/p>\n<div style=\"width: 610px\" class=\"wp-caption alignnone\"><a href=\"http:\/\/www.baglyasalja.hu\/baglyas\/?p=1183\"><img decoding=\"async\" src=\"http:\/\/www.baglyasalja.hu\/baglyas\/wp-content\/gallery\/111015\/111015_01.jpg\" alt=\"\" width=\"600\"\/><\/a><p class=\"wp-caption-text\">V\u00e1logat\u00e1s B\u00f3na Kov\u00e1cs K\u00e1roly alkot\u00e1saib\u00f3l<\/p><\/div>\n<p>&nbsp;<\/p>\n<div style=\"width: 610px\" class=\"wp-caption alignnone\"><a href=\"http:\/\/www.baglyasalja.hu\/baglyas\/?p=1148\"><img decoding=\"async\" src=\"http:\/\/www.baglyasalja.hu\/baglyas\/wp-content\/gallery\/110825\/110825_01.jpg\" alt=\"\" width=\"600\"\/><\/a><p class=\"wp-caption-text\">Gergelyn\u00e9 Peteh Piroska &#8222;Vietnami t\u00e1jak \u00e9s emberek&#8221;<\/p><\/div>\n<p>&nbsp;<\/p>\n<div style=\"width: 610px\" class=\"wp-caption alignnone\"><a href=\"http:\/\/www.baglyasalja.hu\/baglyas\/?p=1327\"><img decoding=\"async\" src=\"http:\/\/www.baglyasalja.hu\/baglyas\/wp-content\/gallery\/110707\/110707_03.jpg\" alt=\"\" width=\"600\"\/><\/a><p class=\"wp-caption-text\">\u201eVel\u00fcnk \u00e9l\u0151 t\u00f6rt\u00e9nelem\u201d<\/p><\/div>\n<p>&nbsp;<\/p>\n<div style=\"width: 610px\" class=\"wp-caption alignnone\"><a href=\"http:\/\/www.baglyasalja.hu\/baglyas\/?p=1143\"><img decoding=\"async\" src=\"http:\/\/www.baglyasalja.hu\/baglyas\/wp-content\/gallery\/110520\/110520_12.jpg\" alt=\"\" width=\"600\"\/><\/a><p class=\"wp-caption-text\">Fekete Adrienn fot\u00f3ki\u00e1ll\u00edt\u00e1sa<\/p><\/div>\n<p>&nbsp;<\/p>\n<div style=\"width: 610px\" class=\"wp-caption alignnone\"><a href=\"http:\/\/www.baglyasalja.hu\/baglyas\/?p=1143\"><img loading=\"lazy\" decoding=\"async\" src=\"http:\/\/www.baglyasalja.hu\/baglyas\/wp-content\/gallery\/110414\/110414_07.jpg\" alt=\"\" width=\"600\" height=\"400\"\/><\/a><p class=\"wp-caption-text\">Hal\u00e1sz No\u00e9mi&nbsp;\u00e9s&nbsp;F\u0171zi R\u00e9ka festm\u00e9nyei<\/p><\/div>\n<p>&nbsp;<\/p>\n<div style=\"width: 610px\" class=\"wp-caption alignnone\"><a href=\"http:\/\/www.baglyasalja.hu\/baglyas\/?p=1086\"><img loading=\"lazy\" decoding=\"async\" src=\"http:\/\/www.baglyasalja.hu\/baglyas\/wp-content\/gallery\/110311\/110311_08.jpg\" alt=\"\" width=\"600\" height=\"403\"\/><\/a><p class=\"wp-caption-text\">Medve J\u00e1nosn\u00e9 fot\u00f3ki\u00e1ll\u00edt\u00e1sa<\/p><\/div>\n<p>&nbsp;<\/p>\n<div style=\"width: 610px\" class=\"wp-caption alignnone\"><a href=\"http:\/\/www.baglyasalja.hu\/?p=991\"><img loading=\"lazy\" decoding=\"async\" src=\"http:\/\/www.baglyasalja.hu\/baglyas\/wp-content\/gallery\/110118\/110118_08.jpg\" alt=\"\" width=\"600\" height=\"371\"\/><\/a><p class=\"wp-caption-text\">Gecse L\u00e1szl\u00f3n\u00e9 fot\u00f3ki\u00e1ll\u00edt\u00e1sa<\/p><\/div>\n<p>&nbsp;<\/p>\n<div style=\"width: 610px\" class=\"wp-caption alignnone\"><a href=\"http:\/\/www.baglyasalja.hu\/?p=944\"><img loading=\"lazy\" decoding=\"async\" src=\"http:\/\/www.baglyasalja.hu\/baglyas\/wp-content\/gallery\/101201\/101201_05.jpg\" alt=\"\" width=\"600\" height=\"400\"\/><\/a><p class=\"wp-caption-text\">Homog\u00e1n\u00e9 T\u00f3th Ilona fot\u00f3ki\u00e1ll\u00edt\u00e1sa<\/p><\/div>\n<p>&nbsp;<\/p>\n<div style=\"width: 610px\" class=\"wp-caption alignnone\"><a href=\"http:\/\/www.baglyasalja.hu\/?p=927\"><img loading=\"lazy\" decoding=\"async\" src=\"http:\/\/www.baglyasalja.hu\/baglyas\/wp-content\/gallery\/101111\/101111_004.JPG\" alt=\"\" width=\"600\" height=\"400\"\/><\/a><p class=\"wp-caption-text\">\u00d3v\u00e1ri J\u00e1nos &nbsp;ki\u00e1ll\u00edt\u00e1sa<\/p><\/div>\n<p>&nbsp;<\/p>\n<div style=\"width: 610px\" class=\"wp-caption alignnone\"><a href=\"http:\/\/www.baglyasalja.hu\/baglyas\/?p=854\"><img loading=\"lazy\" decoding=\"async\" src=\"http:\/\/www.baglyasalja.hu\/baglyas\/wp-content\/gallery\/100828\/100828_09.jpg\" alt=\"\" width=\"600\" height=\"403\"\/><\/a><p class=\"wp-caption-text\">B\u0151v\u00edz S\u00e1ndorn\u00e9 fot\u00f3ki\u00e1ll\u00edt\u00e1sa<\/p><\/div>\n<p>&nbsp;<\/p>\n<div style=\"width: 610px\" class=\"wp-caption alignnone\"><a href=\"http:\/\/www.baglyasalja.hu\/baglyas\/?p=844\"><img loading=\"lazy\" decoding=\"async\" src=\"http:\/\/www.baglyasalja.hu\/baglyas\/wp-content\/gallery\/100625\/100625_11.jpg\" alt=\"\" width=\"600\" height=\"400\"\/><\/a><p class=\"wp-caption-text\">Bencze P\u00e9ter fot\u00f3ki\u00e1ll\u00edt\u00e1sa<\/p><\/div>\n<p>&nbsp;<\/p>\n<div style=\"width: 610px\" class=\"wp-caption alignnone\"><a href=\"http:\/\/www.baglyasalja.hu\/baglyas\/?p=752\"><img loading=\"lazy\" decoding=\"async\" src=\"http:\/\/www.baglyasalja.hu\/baglyas\/wp-content\/gallery\/100430\/100430_1.jpg\" alt=\"\" width=\"600\" height=\"400\"\/><\/a><p class=\"wp-caption-text\">A SK\u00c1ID Di\u00e1kotthon lak\u00f3inak gyermekrajz ki\u00e1ll\u00edt\u00e1sa<\/p><\/div>\n<p>&nbsp;<\/p>\n<div style=\"width: 610px\" class=\"wp-caption alignnone\"><a href=\"http:\/\/www.baglyasalja.hu\/?p=730\"><img loading=\"lazy\" decoding=\"async\" src=\"http:\/\/www.baglyasalja.hu\/baglyas\/wp-content\/gallery\/100325\/100325_05.jpg\" alt=\"\" width=\"600\" height=\"400\"\/><\/a><p class=\"wp-caption-text\">P. T\u00f3th L\u00e1szl\u00f3 fot\u00f3ki\u00e1ll\u00edt\u00e1sa<\/p><\/div>\n<p>&nbsp;<\/p>\n<div style=\"width: 610px\" class=\"wp-caption alignnone\"><a href=\"http:\/\/www.baglyasalja.hu\/?p=672\"><img loading=\"lazy\" decoding=\"async\" src=\"http:\/\/www.baglyasalja.hu\/baglyas\/wp-content\/gallery\/100129\/100129_3.jpg\" alt=\"\" width=\"600\" height=\"450\"\/><\/a><p class=\"wp-caption-text\">F. Csaba M\u00e1ria festm\u00e9nyei<\/p><\/div>\n<p>&nbsp;<\/p>\n<div style=\"width: 610px\" class=\"wp-caption alignnone\"><a href=\"http:\/\/www.baglyasalja.hu\/baglyas\/?p=547\"><img loading=\"lazy\" decoding=\"async\" src=\"http:\/\/www.baglyasalja.hu\/baglyas\/wp-content\/gallery\/091113\/091113_8.jpg\" alt=\"\" width=\"600\" height=\"400\"\/><\/a><p class=\"wp-caption-text\">Gy\u00fcre N\u00e1ndor fest\u0151m\u0171v\u00e9sz ki\u00e1ll\u00edt\u00e1sa<\/p><\/div>\n<p>&nbsp;<\/p>\n<div style=\"width: 610px\" class=\"wp-caption alignnone\"><a href=\"http:\/\/www.baglyasalja.hu\/baglyas\/?p=500\"><img loading=\"lazy\" decoding=\"async\" src=\"http:\/\/www.baglyasalja.hu\/baglyas\/wp-content\/gallery\/090828\/090828_02.jpg\" alt=\"\" width=\"600\" height=\"400\"\/><\/a><p class=\"wp-caption-text\">Brunczel Tibor fot\u00f3ki\u00e1ll\u00edt\u00e1sa<\/p><\/div>\n<p>&nbsp;<\/p>\n<div style=\"width: 610px\" class=\"wp-caption alignnone\"><a href=\"http:\/\/www.baglyasalja.hu\/baglyas\/?p=397\"><img loading=\"lazy\" decoding=\"async\" src=\"http:\/\/www.baglyasalja.hu\/baglyas\/wp-content\/gallery\/090518\/090518_05.jpg\" alt=\"\" width=\"600\" height=\"400\"\/><\/a><p class=\"wp-caption-text\">P\u00e1d\u00e1r Piroska \u00e9s Palot\u00e1s J\u00f3zsef fot\u00f3ki\u00e1ll\u00edt\u00e1sa<\/p><\/div>\n<p>&nbsp;<\/p>\n<div style=\"width: 610px\" class=\"wp-caption alignnone\"><a href=\"http:\/\/www.baglyasalja.hu\/baglyas\/?p=331\"><img loading=\"lazy\" decoding=\"async\" src=\"http:\/\/www.baglyasalja.hu\/baglyas\/wp-content\/gallery\/090223\/090223_01.jpg\" alt=\"\" width=\"600\" height=\"400\"\/><\/a><p class=\"wp-caption-text\">Nagy Mikl\u00f3sn\u00e9 bab\u00e1i \u00e9s Ugaros L\u00e1szl\u00f3 k\u00e9pei<\/p><\/div>\n","protected":false},"excerpt":{"rendered":"<p>&nbsp; &nbsp; &nbsp; &nbsp; &nbsp; &nbsp; &nbsp; &nbsp; &nbsp; &nbsp; &nbsp; &nbsp; &nbsp; &nbsp; &nbsp; &nbsp; &nbsp; &nbsp; &nbsp; &nbsp; &nbsp; &nbsp; &nbsp; &nbsp; &nbsp; &nbsp; &nbsp; &nbsp; &nbsp; &nbsp; &nbsp; &nbsp; &nbsp; &nbsp;&#46;&#46;&#46;<\/p>\n","protected":false},"author":1,"featured_media":6405,"parent":0,"menu_order":2,"comment_status":"open","ping_status":"open","template":"","meta":{"footnotes":""},"class_list":["post-1203","page","type-page","status-publish","has-post-thumbnail","hentry"],"_links":{"self":[{"href":"https:\/\/www.baglyasalja.hu\/baglyas\/index.php?rest_route=\/wp\/v2\/pages\/1203","targetHints":{"allow":["GET"]}}],"collection":[{"href":"https:\/\/www.baglyasalja.hu\/baglyas\/index.php?rest_route=\/wp\/v2\/pages"}],"about":[{"href":"https:\/\/www.baglyasalja.hu\/baglyas\/index.php?rest_route=\/wp\/v2\/types\/page"}],"author":[{"embeddable":true,"href":"https:\/\/www.baglyasalja.hu\/baglyas\/index.php?rest_route=\/wp\/v2\/users\/1"}],"replies":[{"embeddable":true,"href":"https:\/\/www.baglyasalja.hu\/baglyas\/index.php?rest_route=%2Fwp%2Fv2%2Fcomments&post=1203"}],"version-history":[{"count":0,"href":"https:\/\/www.baglyasalja.hu\/baglyas\/index.php?rest_route=\/wp\/v2\/pages\/1203\/revisions"}],"wp:featuredmedia":[{"embeddable":true,"href":"https:\/\/www.baglyasalja.hu\/baglyas\/index.php?rest_route=\/wp\/v2\/media\/6405"}],"wp:attachment":[{"href":"https:\/\/www.baglyasalja.hu\/baglyas\/index.php?rest_route=%2Fwp%2Fv2%2Fmedia&parent=1203"}],"curies":[{"name":"wp","href":"https:\/\/api.w.org\/{rel}","templated":true}]}}