{"id":910,"date":"2010-10-28T10:20:57","date_gmt":"2010-10-28T08:20:57","guid":{"rendered":"http:\/\/www.baglyasalja.hu\/baglyas\/?page_id=910"},"modified":"2010-10-28T10:42:03","modified_gmt":"2010-10-28T08:42:03","slug":"palyazatok","status":"publish","type":"page","link":"http:\/\/www.baglyasalja.hu\/baglyas\/?page_id=910","title":{"rendered":"P\u00e1ly\u00e1zatok"},"content":{"rendered":"<p style=\"text-align: center;\">\n<p><strong>Tisztelt Igazgat\u00f3, Tagint\u00e9zm\u00e9ny-vezet\u0151 Asszony!<\/strong><\/p>\n<p><strong>Tisztelt Igazgat\u00f3, Tagint\u00e9zm\u00e9ny-vezet\u0151 \u00dar!<\/strong><\/p>\n<p><strong><br \/>\n<\/strong><\/p>\n<p>A v\u00e1rosi tan\u00e9vnyit\u00f3 \u00fcnneps\u00e9gen meghirdetett 700 \u00e9ves \u00e9vfordul\u00f3s program r\u00e9szek\u00e9nt \u2013 \u00a0szakint\u00e9zm\u00e9nyekkel, szervezetekkel egy\u00fcttm\u0171k\u00f6dve \u2013 p\u00e1ly\u00e1zatokkal szeretn\u00e9nk \u00f6szt\u00f6n\u00f6zni a gyermekeket, fiatalokat v\u00e1rosunk, k\u00f6rny\u00e9k\u00fcnk r\u00e9gm\u00faltj\u00e1t felid\u00e9z\u0151 alkot\u00e1sok l\u00e9trehoz\u00e1s\u00e1ra, versenyen, vet\u00e9lked\u0151n val\u00f3 r\u00e9szv\u00e9telre.<\/p>\n<p>Tisztelettel k\u00e9rj\u00fck, hogy int\u00e9zm\u00e9ny\u00fckben n\u00e9pszer\u0171s\u00edts\u00e9k a felh\u00edv\u00e1sokat, \u00e9s koll\u00e9g\u00e1i k\u00f6zrem\u0171k\u00f6d\u00e9s\u00e9t k\u00e9rve, seg\u00edtse a felk\u00e9sz\u00fcl\u00e9st, az alkot\u00f3munk\u00e1t!<\/p>\n<p>Az \u00e9rdekl\u0151d\u0151k, jelentkez\u0151k k\u00e9rhetik a k\u00f6zrem\u0171k\u00f6d\u0151 int\u00e9zm\u00e9nyek, szervezetek seg\u00edts\u00e9g\u00e9t. K\u00f6z\u00f6s munk\u00e1val megval\u00f3sulhatnak, a v\u00e1rosvezet\u00e9s \u00e1ltal is t\u00e1mogatott, Eml\u00e9k\u00e9v c\u00e9lkit\u0171z\u00e9sei.<\/p>\n<p>Salg\u00f3tarj\u00e1n, 2010. okt\u00f3ber 27.<\/p>\n<p>Tisztelettel:<\/p>\n<p>Szilasi Andr\u00e1s \u00a0 \u00a0 \u00a0 \u00a0 \u00a0 \u00a0 \u00a0 \u00a0 \u00a0 \u00a0 \u00a0 \u00a0 \u00a0 \u00a0 \u00a0 \u00a0 \u00a0 \u00a0 \u00a0 \u00a0 \u00a0 \u00a0 \u00a0 \u00a0 \u00a0 \u00a0 \u00a0 \u00a0 \u00a0 \u00a0 \u00a0 \u00a0 \u00a0 \u00a0Nagyn\u00e9 Hajd\u00fa Gy\u00f6rgyi<\/p>\n<p>az Eml\u00e9kbizotts\u00e1g aleln\u00f6ke\u00a0\u00a0\u00a0\u00a0\u00a0\u00a0\u00a0\u00a0\u00a0\u00a0\u00a0\u00a0\u00a0\u00a0\u00a0\u00a0\u00a0\u00a0\u00a0\u00a0\u00a0\u00a0\u00a0\u00a0\u00a0\u00a0\u00a0\u00a0\u00a0\u00a0\u00a0\u00a0\u00a0\u00a0\u00a0\u00a0\u00a0\u00a0\u00a0 az Eml\u00e9kbizotts\u00e1g titk\u00e1ra<\/p>\n<p style=\"text-align: center;\"><img decoding=\"async\" class=\"aligncenter\" src=\"http:\/\/www.baglyasalja.hu\/baglyas\/wp-content\/gallery\/baglyasko700\/02_700ev.jpg\" alt=\"\" width=\"600\" \/><\/p>\n<p style=\"text-align: center;\"><img decoding=\"async\" class=\"aligncenter\" src=\"http:\/\/www.baglyasalja.hu\/baglyas\/wp-content\/gallery\/baglyasko700\/03_700ev.jpg\" alt=\"\" width=\"600\" \/><\/p>\n<p style=\"text-align: center;\"><img decoding=\"async\" class=\"aligncenter\" src=\"http:\/\/www.baglyasalja.hu\/baglyas\/wp-content\/gallery\/baglyasko700\/04_700ev.jpg\" alt=\"\" width=\"600\" \/><\/p>\n<p style=\"text-align: center;\"><img decoding=\"async\" class=\"aligncenter\" src=\"http:\/\/www.baglyasalja.hu\/baglyas\/wp-content\/gallery\/baglyasko700\/05_700ev.jpg\" alt=\"\" width=\"600\" \/><\/p>\n<p style=\"text-align: center;\"><img decoding=\"async\" class=\"aligncenter\" src=\"http:\/\/www.baglyasalja.hu\/baglyas\/wp-content\/gallery\/baglyasko700\/06_700ev.jpg\" alt=\"\" width=\"600\" \/><\/p>\n<p style=\"text-align: center;\"><img decoding=\"async\" class=\"aligncenter\" src=\"http:\/\/www.baglyasalja.hu\/baglyas\/wp-content\/gallery\/baglyasko700\/07_700ev.jpg\" alt=\"\" width=\"600\" \/><\/p>\n<p style=\"text-align: center;\"><img decoding=\"async\" class=\"aligncenter\" src=\"http:\/\/www.baglyasalja.hu\/baglyas\/wp-content\/gallery\/baglyasko700\/08_700ev.jpg\" alt=\"\" width=\"600\" \/><\/p>\n<p style=\"text-align: center;\"><img decoding=\"async\" class=\"aligncenter\" src=\"http:\/\/www.baglyasalja.hu\/baglyas\/wp-content\/gallery\/baglyasko700\/09_700ev.jpg\" alt=\"\" width=\"600\" \/><\/p>\n<p style=\"text-align: center;\"><img decoding=\"async\" class=\"aligncenter\" src=\"http:\/\/www.baglyasalja.hu\/baglyas\/wp-content\/gallery\/baglyasko700\/10_700ev.jpg\" alt=\"\" width=\"600\" \/><\/p>\n<p style=\"text-align: center;\"><img decoding=\"async\" class=\"aligncenter\" src=\"http:\/\/www.baglyasalja.hu\/baglyas\/wp-content\/gallery\/baglyasko700\/11_700ev.jpg\" alt=\"\" width=\"600\" \/><\/p>\n","protected":false},"excerpt":{"rendered":"<p>Tisztelt Igazgat\u00f3, Tagint\u00e9zm\u00e9ny-vezet\u0151 Asszony! Tisztelt Igazgat\u00f3, Tagint\u00e9zm\u00e9ny-vezet\u0151 \u00dar! A v\u00e1rosi tan\u00e9vnyit\u00f3 \u00fcnneps\u00e9gen meghirdetett 700 \u00e9ves \u00e9vfordul\u00f3s program r\u00e9szek\u00e9nt \u2013 \u00a0szakint\u00e9zm\u00e9nyekkel, szervezetekkel egy\u00fcttm\u0171k\u00f6dve \u2013 p\u00e1ly\u00e1zatokkal szeretn\u00e9nk \u00f6szt\u00f6n\u00f6zni a gyermekeket, fiatalokat v\u00e1rosunk, k\u00f6rny\u00e9k\u00fcnk r\u00e9gm\u00faltj\u00e1t felid\u00e9z\u0151 alkot\u00e1sok&#46;&#46;&#46;<\/p>\n","protected":false},"author":1,"featured_media":0,"parent":903,"menu_order":0,"comment_status":"open","ping_status":"open","template":"","meta":{"footnotes":""},"class_list":["post-910","page","type-page","status-publish","hentry"],"_links":{"self":[{"href":"http:\/\/www.baglyasalja.hu\/baglyas\/index.php?rest_route=\/wp\/v2\/pages\/910","targetHints":{"allow":["GET"]}}],"collection":[{"href":"http:\/\/www.baglyasalja.hu\/baglyas\/index.php?rest_route=\/wp\/v2\/pages"}],"about":[{"href":"http:\/\/www.baglyasalja.hu\/baglyas\/index.php?rest_route=\/wp\/v2\/types\/page"}],"author":[{"embeddable":true,"href":"http:\/\/www.baglyasalja.hu\/baglyas\/index.php?rest_route=\/wp\/v2\/users\/1"}],"replies":[{"embeddable":true,"href":"http:\/\/www.baglyasalja.hu\/baglyas\/index.php?rest_route=%2Fwp%2Fv2%2Fcomments&post=910"}],"version-history":[{"count":0,"href":"http:\/\/www.baglyasalja.hu\/baglyas\/index.php?rest_route=\/wp\/v2\/pages\/910\/revisions"}],"up":[{"embeddable":true,"href":"http:\/\/www.baglyasalja.hu\/baglyas\/index.php?rest_route=\/wp\/v2\/pages\/903"}],"wp:attachment":[{"href":"http:\/\/www.baglyasalja.hu\/baglyas\/index.php?rest_route=%2Fwp%2Fv2%2Fmedia&parent=910"}],"curies":[{"name":"wp","href":"https:\/\/api.w.org\/{rel}","templated":true}]}}