{"id":6380,"date":"2015-09-25T10:52:46","date_gmt":"2015-09-25T08:52:46","guid":{"rendered":"http:\/\/www.baglyasalja.hu\/baglyas\/?page_id=6380"},"modified":"2024-10-10T12:54:04","modified_gmt":"2024-10-10T10:54:04","slug":"egyesuleti-adatok","status":"publish","type":"page","link":"http:\/\/www.baglyasalja.hu\/baglyas\/?page_id=6380","title":{"rendered":"Egyes\u00fcleti adatok:"},"content":{"rendered":"<p><strong>B\u00edr\u00f3s\u00e1gi nyilv\u00e1ntart\u00e1si sz\u00e1m:<\/strong> 12-02-0000049 Pk. 60.047\/1996\/32. sz\u00e1m<br \/>\n<strong>Ad\u00f3sz\u00e1m:<\/strong> 18633461-1-12<br \/>\n<strong>Banksz\u00e1mla sz\u00e1m:<\/strong> OTP Bank \u00a011741000-20172633<\/p>\n<h2><strong>Tiszts\u00e9gvisel\u0151ink:<\/strong><\/h2>\n<p><em><strong>Eln\u00f6k:<\/strong> <strong>H\u00e1romn\u00e9 H\u00eddv\u00e9gi Andrea<\/strong><\/em><br \/>\nMobil &#8211; 06 70 553 2939<\/p>\n<p><em><strong>Aleln\u00f6k:<\/strong> <strong>B\u00e1nyai G\u00e1bor<\/strong><\/em><\/p>\n<h3><strong>El\u00e9rhet\u0151s\u00e9geink:<\/strong><\/h3>\n<p>3102 Salg\u00f3tarj\u00e1n, Pet\u00f6fi \u00fat 96.<\/p>\n<p>E-mail: baratikor @ baglyasalja .hu<\/p>\n<p>Honlapc\u00edm:<a href=\"http:\/\/www.baglyasalja.hu\"> www.baglyasalja.hu<\/a><\/p>\n<p>Facebook oldal: <a href=\"https:\/\/www.facebook.com\/Baglyasalja-Bar%C3%A1tainak-K%C3%B6re-131289670376665\/timeline\/\" target=\"_blank\" rel=\"noopener\">Baglyasalja Bar\u00e1tainak K\u00f6re<\/a><\/p>\n","protected":false},"excerpt":{"rendered":"<p>B\u00edr\u00f3s\u00e1gi nyilv\u00e1ntart\u00e1si sz\u00e1m: 12-02-0000049 Pk. 60.047\/1996\/32. sz\u00e1m Ad\u00f3sz\u00e1m: 18633461-1-12 Banksz\u00e1mla sz\u00e1m: OTP Bank \u00a011741000-20172633 Tiszts\u00e9gvisel\u0151ink: Eln\u00f6k: H\u00e1romn\u00e9 H\u00eddv\u00e9gi Andrea Mobil &#8211; 06 70 553 2939 Aleln\u00f6k: B\u00e1nyai G\u00e1bor El\u00e9rhet\u0151s\u00e9geink: 3102 Salg\u00f3tarj\u00e1n, Pet\u00f6fi \u00fat 96.&#46;&#46;&#46;<\/p>\n","protected":false},"author":1,"featured_media":0,"parent":4,"menu_order":0,"comment_status":"closed","ping_status":"closed","template":"","meta":{"footnotes":""},"class_list":["post-6380","page","type-page","status-publish","hentry"],"_links":{"self":[{"href":"http:\/\/www.baglyasalja.hu\/baglyas\/index.php?rest_route=\/wp\/v2\/pages\/6380","targetHints":{"allow":["GET"]}}],"collection":[{"href":"http:\/\/www.baglyasalja.hu\/baglyas\/index.php?rest_route=\/wp\/v2\/pages"}],"about":[{"href":"http:\/\/www.baglyasalja.hu\/baglyas\/index.php?rest_route=\/wp\/v2\/types\/page"}],"author":[{"embeddable":true,"href":"http:\/\/www.baglyasalja.hu\/baglyas\/index.php?rest_route=\/wp\/v2\/users\/1"}],"replies":[{"embeddable":true,"href":"http:\/\/www.baglyasalja.hu\/baglyas\/index.php?rest_route=%2Fwp%2Fv2%2Fcomments&post=6380"}],"version-history":[{"count":2,"href":"http:\/\/www.baglyasalja.hu\/baglyas\/index.php?rest_route=\/wp\/v2\/pages\/6380\/revisions"}],"predecessor-version":[{"id":11176,"href":"http:\/\/www.baglyasalja.hu\/baglyas\/index.php?rest_route=\/wp\/v2\/pages\/6380\/revisions\/11176"}],"up":[{"embeddable":true,"href":"http:\/\/www.baglyasalja.hu\/baglyas\/index.php?rest_route=\/wp\/v2\/pages\/4"}],"wp:attachment":[{"href":"http:\/\/www.baglyasalja.hu\/baglyas\/index.php?rest_route=%2Fwp%2Fv2%2Fmedia&parent=6380"}],"curies":[{"name":"wp","href":"https:\/\/api.w.org\/{rel}","templated":true}]}}