{"id":52,"date":"2008-04-24T15:57:38","date_gmt":"2008-04-24T13:57:38","guid":{"rendered":"http:\/\/baglyasalja.hu\/baglyas\/?page_id=58"},"modified":"2008-04-24T15:57:38","modified_gmt":"2008-04-24T13:57:38","slug":"telek-gyulane","status":"publish","type":"page","link":"http:\/\/www.baglyasalja.hu\/baglyas\/?page_id=52","title":{"rendered":"Telek Gyul\u00e1n\u00e9"},"content":{"rendered":"<p class=\"MsoNormal\" style=\"margin-left: 15px; margin-right: 15px;\" align=\"center\"><a name=\"telekne\"> <img loading=\"lazy\" decoding=\"async\" src=\"..\/..\/web\/tortenet_elemei\/foto\/emb34.jpg\" border=\"0\" alt=\"\" width=\"450\" height=\"377\" \/><\/a><\/p>\n<p>&#8211; Az utc\u00e1ban, ahol valamikor lakott eml\u00e9kt\u00e1bla \u0151rzi Kakuk J\u00f3zsef nev\u00e9t. Mit gondol, mi\u00e9rt? &#8211; Tal\u00e1n az\u00e9rt, mert a baglyasiak k\u00f6z\u00fcl sokan tisztelt\u00e9k az \u00e9desap\u00e1mat a b\u00e1tors\u00e1g\u00e1\u00e9rt, a k\u00fczdelmei\u00e9rt, s az\u00e9rt, hogy nem csak mag\u00e1n, hanem valamennyi b\u00e1ny\u00e1szon, szeg\u00e9nyen seg\u00edteni akart\u2026 &#8211; Hogyan seg\u00edthetett rajtuk egy olyan ember, aki maga is b\u00e1ny\u00e1sz volt \u00e9s szeg\u00e9ny\u2026 ha nem a legszeg\u00e9nyebb egyike? &#8211; Igaz, ami\u00f3ta az eszemet tudom mindig is szeg\u00e9nyek voltunk\u2026 \u00c9desap\u00e1m dolgozott ab\u00e1ny\u00e1ban, a t\u0171zhelygy\u00e1rban, az \u00fcveggy\u00e1rban, de sehol sem hagyt\u00e1k meg egy-k\u00e9t h\u00e9tn\u00e9l tov\u00e1bb. Akkorra ugyanis kider\u00fclt, hogy kommunista, szervezkedik \u00e9s azonnal lesz\u00e1molt\u00e1k. Volt m\u00e9g otthon n\u00e9gy fi\u00fatestv\u00e9re, de azok k\u00f6z\u00fcl is csak az egyiknek volt munk\u00e1ja. Nagyap\u00e1m negyven \u00e9vet t\u00f6lt\u00f6tt a b\u00e1ny\u00e1n\u00e1l, az \u0151 nyugd\u00edj\u00e1b\u00f3l \u00e9lt a csal\u00e1d. M\u00e9g a rakod\u00f3i lak\u00e1sunkat is elvett\u00e9k, felk\u00f6lt\u00f6ztettek a futballp\u00e1lya mell\u00e9\u2026 De ott sem maradhattunk sok\u00e1ig. Guszt\u00e1v-akn\u00e1ra telep\u00edtettek benn\u00fcnket \u00e9s 15 \u00e9vig ott volt az otthonunk. Az\u00e9desap\u00e1m nem lakhatott vel\u00fcnk, \u0151 nem hagyhatta el Baglyasalj\u00e1t. Az egyik b\u00e1tyja akkoriban fejezte be kis h\u00e1za \u00e9p\u00edt\u00e9s\u00e9t, \u0151 fogadta mag\u00e1hoz. Oda hordtam neki eb\u00e9det, amikor \u00e9ppen akadt valami f\u0151znival\u00f3 otthon. Mert bizony gyakran megt\u00f6rt\u00e9nt, nemhogy sz\u00e1raz kenyeret, de m\u00e9g keny\u00e9rh\u00e9j\u00e1t sem tal\u00e1ltam az asztalfi\u00f3kban. &#8211; Mit \u00edrtak az \u00e9desapja rov\u00e1s\u00e1ra? &#8211; A hit\u00e9t, a meggy\u0151z\u0151d\u00e9s\u00e9t. Azt, hogy m\u00e1r 1913-ban bekapcsol\u00f3dott a munk\u00e1smozgalomba. Amikor megalakult a Kommunist\u00e1k Magyarorsz\u00e1gi P\u00e1rtja, \u0151 az egyik alap\u00edt\u00f3 tagja volt. Szervezte a b\u00e1ny\u00e1szokat. Elmondta nekik, hogyan v\u00e1ltoztathatnak nyomor\u00fas\u00e1gos helyzet\u00fck\u00f6n. Amikor a Tan\u00e1csk\u00f6zt\u00e1rsas\u00e1g megbukott, hat h\u00f3napra intern\u00e1lt\u00e1k. Ezut\u00e1n \u00e1tment Csehszlov\u00e1ki\u00e1ba, mert itt sehol nem kapott munk\u00e1t. Ott \u00e9lt, dolgozott n\u00e9gy \u00e9vig. Amikor hazaj\u00f6tt, ott folytatta, ahol annak idej\u00e9n abbahagyta. P\u00e1rttagokat, kommunista sejteket szervezett. \u0150t v\u00e1lasztott\u00e1k meg a ker\u00fcleti bizotts\u00e1g titk\u00e1r\u00e1nak. &#8211; Hogyan viselte ezt a zaklatott \u00e9letet a csal\u00e1d, az \u00e9desanyja? &#8211; \u00c9desany\u00e1m, Tak\u00e1cs Roz\u00e1lia Karancskeszib\u0151l sz\u00e1rmazott.Nagyon kev\u00e9s ideig mind\u00f6ssze 4 \u00e9vig \u00e9ltek egy\u00fctt. \u00c9desap\u00e1m bevonult katon\u00e1nak \u00e9s amikor hazaj\u00f6tt, m\u00e1r csak \u00e9desany\u00e1m s\u00edrj\u00e1hoz mehetett a temet\u0151be. . . A nagymam\u00e1m mes\u00e9lte, hogy fiatalon, huszon\u00f6t\u00e9vesen vitte el a t\u00fcd\u0151baj, mert erre m\u00e9g nem volt orvoss\u00e1g. \u00c9n 1914ben sz\u00fclettem, akkor m\u00e9g csak 3 \u00e9ves voltam \u00e9s a nagymam\u00e1m nevelt fel. &#8211; Mit l\u00e1tott az \u00e9desapja k\u00fczdelmeib\u0151l, megpr\u00f3b\u00e1ltat\u00e1saib\u00f3l egy fiatal l\u00e1ny? &#8211; Eleinte csak az t\u0171nt fel, hogy sokat van t\u00e1vol. K\u00e9s\u0151bb azt l\u00e1ttam, hogy be-bekopognak hozz\u00e1nk az emberek. Engem meg ki\u00e1ll\u00edtottak, hogy sz\u00f3ljak, ha csend\u0151r\u00f6k \u201et\u00e9vednek\u201d erre. A baglyasi Eppich Albertet, Eppich Ed\u00e9t, Fur\u00e1k Andr\u00e1st, Hovan J\u00f3zsefet, F\u00f6ldi Istv\u00e1nt\u2026 ismertem. De j\u00f6ttek ismeretlen emberek is. Eml\u00e9kszem, egyszer elj\u00f6tt Pestr\u0151l Pothornik J\u00f3zsef is. Amikor a vonat lass\u00edtani kezdett miel\u0151tt be\u00e9rt a nagy\u00e1llom\u00e1sra, \u0151 lel\u00e9pett r\u00f3la. Volt akkoriban Baglyas v\u00e9g\u00e9ben egy h\u00edd, az alatt h\u00faz\u00f3dott meg, am\u00edg nem ment \u00e9rte valaki. Ap\u00e1m engem k\u00fcld\u00f6tt, de kioktatott, csak akkor sz\u00f3lhatok neki, hogy j\u00f6het, ha \u00fcres az utca\u2026 &#8211; M\u00e1skor is seg\u00edtett az \u00e9desapj\u00e1nak? &#8211; Igen. El\u0151sz\u00f6r akkor besz\u00e9lt velem feln\u0151ttk\u00e9nt, bizalmasan, amikor a Szovjetuni\u00f3ba k\u00fcldt\u00e9k iskol\u00e1ra. Azt tudta r\u00f3la mindenki, hogy Ausztri\u00e1ban van, ott dolgozik, lapot is kaptunk onnan. Egyed\u00fcl \u00e9n tudtam, hol is \u00e9l val\u00f3j\u00e1ban. K\u00e9s\u0151bb r\u00f6plapokat b\u00edzott r\u00e1m, hogy hordjam sz\u00e9t a rakod\u00f3n, de \u00fagy, hogy rajta ne kapjanak. A szob\u00e1nk fal\u00e1n volt egy szentk\u00e9p. \u0150 abba rejtette az iratokat, a k\u00f6nyveket az avatatlan szemek el\u0151l. T\u00f6bbsz\u00f6r is volt n\u00e1lunk h\u00e1zkutat\u00e1s, de nem gyanakodtak a szentk\u00e9pre. A r\u00f6plapokat, a k\u00f6nyveket t\u00f6bbnyire Fur\u00e1k Ter\u00e9z hozta Pestr\u0151l, t\u00e1sk\u00e1j\u00e1ban a ruh\u00e1k k\u00f6z\u00e9 rejtve. Megbesz\u00e9lt\u00e9k vele, hol dobja ki a vonatb\u00f3l, ahol mindig v\u00e1rta \u00e9s hazahozta valaki. Teri sz\u00e9p, fiatal l\u00e1ny volt. Varr\u00f3n\u0151\u2026 19 \u00e9vesen elvitte a t\u00fcd\u0151betegs\u00e9g. Ahogy n\u0151ttem, \u00fagy v\u00e1llaltam fel \u00e9n is ap\u00e1m hit\u00e9t, meggy\u0151z\u0151d\u00e9s\u00e9t. Ha m\u00e1st nem tehettem, h\u00e1t felvettem a t\u0171zpiros ruh\u00e1mat \u00e9s abban s\u00e9t\u00e1ltam v\u00e9gig a telepen. Volt, aki rossz szemmel n\u00e9zte, de olyan is, aki megdics\u00e9rte. Nem mondom, hogy nem f\u00e9ltem, de mentem. Gy\u0171jt\u00f6ttem a V\u00f6r\u00f6s Seg\u00e9lynek, h\u00fasz, meg \u00f6tven fill\u00e9res b\u00e9lyegeket \u00e1rultam, s k\u00fcldtem a p\u00e9nzt Pestre. Ap\u00e1m azt mondta, hogy azok csal\u00e1dj\u00e1t seg\u00edtik ebb\u0151l a p\u00e9nzb\u0151l, akik lebuktak, b\u00f6rt\u00f6nben vannak. Csakhogy egy alkalommal majdnem bajba ker\u00fcltem. Elfelejtettem a c\u00edmet, mert le\u00edrni semmit sem lehetett. Azt tal\u00e1ltam ki, hogy rosszul sz\u00e1moltam meg a p\u00e9nzt \u00e9s a post\u00e1s visszaadta. Am\u00edg a sz\u00e1mol\u00e1ssal b\u00edbel\u0151dtem, a c\u00edm is eszembe jutott. &#8211; Hogyan alakult v\u00e9g\u00fcl is a Kakuk fi\u00fak sorsa? &#8211; \u00c9desap\u00e1mat az 1932-es nagy lebuk\u00e1skor b\u00edr\u00f3s\u00e1g el\u00e9 \u00e1ll\u00edtott\u00e1k t\u00f6bb t\u00e1rs\u00e1val egy\u00fctt. K\u00e9t \u00e9v \u00e9s k\u00e9t h\u00f3nap b\u00f6rt\u00f6nb\u00fcntet\u00e9st kapott, 1935-ben szabadult. Nem volt valami er\u0151s fizikum\u00fa ember. A b\u00f6rt\u00f6n, a letart\u00f3ztat\u00e1sok, a sok ver\u00e9s, a k\u00ednz\u00e1s kikezdte eg\u00e9szs\u00e9g\u00e9t. Agyv\u00e9rz\u00e9st kapott, a f\u00e9l oldala megb\u00e9nult. Eml\u00e9kszem, Mosonyi doktor \u00far Pestre k\u00fcldte k\u00f3rh\u00e1zba, de ott nem fogadt\u00e1k. \u00cdgy Losoncra vitt\u00e9k, ahol ap\u00e1c\u00e1k voltak az \u00e1pol\u00f3n\u0151v\u00e9rek, de nem \u00fagy b\u00e1ntak vele, mint egy beteggel. Haza is hoztam \u00e9s 1940-ben meghalt. Guszt\u00e1v-akn\u00e1n temett\u00fck el. S\u00edrj\u00e1t ma m\u00e1r nehezen tal\u00e1ljuk, lassan eg\u00e9szen ben\u00f6vi az erd\u0151. Feri az egyik testv\u00e9re m\u00e9g 1930-ban kiker\u00fclt a Szovjetuni\u00f3ba, ahol egyszer\u0171en nyoma veszett. A t\u00f6bbiek? Guszti, Pali \u00e9s Pista mind bekapcsol\u00f3dott a munk\u00e1s mozgalomba. Ma m\u00e1r egyik sem \u00e9l\u2026<\/p>\n<p style=\"text-align: center;\"><a href=\"http:\/\/baglyasalja.hu\/baglyas\/?page_id=24\">VISSZA<\/a><\/p>\n","protected":false},"excerpt":{"rendered":"<p>&#8211; Az utc\u00e1ban, ahol valamikor lakott eml\u00e9kt\u00e1bla \u0151rzi Kakuk J\u00f3zsef nev\u00e9t. Mit gondol, mi\u00e9rt? &#8211; Tal\u00e1n az\u00e9rt, mert a baglyasiak k\u00f6z\u00fcl sokan tisztelt\u00e9k az \u00e9desap\u00e1mat a b\u00e1tors\u00e1g\u00e1\u00e9rt, a k\u00fczdelmei\u00e9rt, s az\u00e9rt, hogy nem csak&#46;&#46;&#46;<\/p>\n","protected":false},"author":1,"featured_media":0,"parent":18,"menu_order":0,"comment_status":"open","ping_status":"open","template":"","meta":{"footnotes":""},"class_list":["post-52","page","type-page","status-publish","hentry"],"_links":{"self":[{"href":"http:\/\/www.baglyasalja.hu\/baglyas\/index.php?rest_route=\/wp\/v2\/pages\/52","targetHints":{"allow":["GET"]}}],"collection":[{"href":"http:\/\/www.baglyasalja.hu\/baglyas\/index.php?rest_route=\/wp\/v2\/pages"}],"about":[{"href":"http:\/\/www.baglyasalja.hu\/baglyas\/index.php?rest_route=\/wp\/v2\/types\/page"}],"author":[{"embeddable":true,"href":"http:\/\/www.baglyasalja.hu\/baglyas\/index.php?rest_route=\/wp\/v2\/users\/1"}],"replies":[{"embeddable":true,"href":"http:\/\/www.baglyasalja.hu\/baglyas\/index.php?rest_route=%2Fwp%2Fv2%2Fcomments&post=52"}],"version-history":[{"count":0,"href":"http:\/\/www.baglyasalja.hu\/baglyas\/index.php?rest_route=\/wp\/v2\/pages\/52\/revisions"}],"up":[{"embeddable":true,"href":"http:\/\/www.baglyasalja.hu\/baglyas\/index.php?rest_route=\/wp\/v2\/pages\/18"}],"wp:attachment":[{"href":"http:\/\/www.baglyasalja.hu\/baglyas\/index.php?rest_route=%2Fwp%2Fv2%2Fmedia&parent=52"}],"curies":[{"name":"wp","href":"https:\/\/api.w.org\/{rel}","templated":true}]}}