{"id":51,"date":"2008-04-24T15:56:12","date_gmt":"2008-04-24T13:56:12","guid":{"rendered":"http:\/\/baglyasalja.hu\/baglyas\/?page_id=57"},"modified":"2008-04-24T15:56:12","modified_gmt":"2008-04-24T13:56:12","slug":"takacs-geza","status":"publish","type":"page","link":"http:\/\/www.baglyasalja.hu\/baglyas\/?page_id=51","title":{"rendered":"Tak\u00e1cs G\u00e9za"},"content":{"rendered":"<p class=\"MsoNormal\" style=\"margin-left: 15px; margin-right: 15px;\" align=\"center\"><span style=\"font-size: medium;\"><a name=\"takacs\"> <img loading=\"lazy\" decoding=\"async\" src=\"..\/..\/web\/tortenet_elemei\/foto\/emb33.jpg\" border=\"0\" alt=\"\" width=\"361\" height=\"450\" \/><\/a><\/span><\/p>\n<p>A legszebb eml\u00e9kem ebb\u0151l az id\u0151b\u0151l a cserk\u00e9szet, 1937-t\u0151l eg\u00e9szen 1945-ig cserk\u00e9sz voltam. Szerettem odaj\u00e1rni, mert sz\u00ednes, \u00e9rdekes volt a cserk\u00e9sz\u00e9let. Kir\u00e1ndultunk a M\u00e1tr\u00e1ba, a Karancsra, megn\u00e9zt\u00fck Salg\u00f3 v\u00e1r\u00e1t, Esztergomot. K\u00e9t \u00edzben is t\u00e1boroztunk az Ipoly-parton, valamint a Rima parton. Itt \u00e9ppen \u0151rs\u00e9gben voltam a t\u00e1bor kapuj\u00e1ban, amikor k\u00e9t-h\u00e1rom fekete aut\u00f3 \u00e1llt meg el\u0151tt\u00fcnk. Az egyikb\u0151l gr\u00f3f Teleki P\u00e1l, az akkori minisztereln\u00f6k l\u00e9pett ki. \u0150 volt az orsz\u00e1g f\u0151cserk\u00e9sze \u00e9s l\u00e1togat\u00f3ba \u00e9rkezett. Nem j\u00f6ttem zavarba, jelent\u00e9st tettem, ahogy az el\u0151 volt \u00edrva \u00e9s bevezettem a vend\u00e9geket a parancsnoks\u00e1gra. Dics\u00e9retet is kaptam \u00e9rte. Sz\u00e9p eml\u00e9kk\u00e9nt \u0151rz\u00f6m ma is. Amikor 1945-ben Baglyasalj\u00e1n megalakult a MADISZ, \u00e9n is tagja lettem. \u00c9l\u00e9nk, mozgalmas volt az \u00e9let\u00fcnk. Tanultunk, dolgoztunk. A kaszin\u00f3ban voltak a gy\u0171l\u00e9seink, a szemin\u00e1riumok, sportoltunk, sz\u00f3rakoztunk. Amikor 1949-ben Budapesten volt a Vil\u00e1gifj\u00fas\u00e1gi Tal\u00e1lkoz\u00f3, azon j\u00f3 n\u00e9h\u00e1nyan voltunk baglyasiak is. Balogh M\u00e1ri\u00e1ra, Nagy Gyul\u00e1ra, Berta J\u00f3zsefre, Angyal Ern\u0151re, Eppich Ern\u0151re, Orlik Gyul\u00e1ra, Vincze Istv\u00e1nra, Kov\u00e1cs Mikl\u00f3sra eml\u00e9kszem a k\u00fcld\u00f6ttek k\u00f6z\u00fcl. Egyszer elj\u00f6tt hozz\u00e1nk a MADISZ-ba B\u00f3na Kov\u00e1cs K\u00e1roly \u00e9s megk\u00e9rdezte: kinek van kedve rajzolni, festeni? Fest\u0151- \u00e9s szobr\u00e1szm\u0171v\u00e9sz volt Baglyason az \u00e1ltal\u00e1nos iskol\u00e1ban tan\u00edtott. T\u00f6bben is jelentkezt\u00fcnk, de j\u00f6ttek rajzolni szeret\u0151 fiatalok a k\u00f6rnyez\u0151 telep\u00fcl\u00e9sekr\u0151l is. Azt\u00e1n 1946-ban B\u00f3na Kov\u00e1cs K\u00e1roly ir\u00e1ny\u00edt\u00e1s\u00e1val megkezdte munk\u00e1j\u00e1t a Munk\u00e1s M\u0171v\u00e9szeti Szabadiskola. A volt b\u00e1nyaigazgat\u00f3 lak\u00e1s\u00e1nak mos\u00f3konyh\u00e1j\u00e1b\u00f3l lett a m\u0171hely. Lehett\u00fcnk \u00fagy h\u00faszan-huszon\u00f6ten egy\u00fctt, Garamszegi L\u00e1szl\u00f3, Tuskai Marika, Pataki J\u00f3ska, Radics Istv\u00e1n, L\u00e9gr\u00e1di Jen\u0151 \u2026akikre \u00edgy vissza tudok eml\u00e9kezni. A rajzol\u00e1s, a mint\u00e1z\u00e1s alapelemeit tan\u00edtotta vel\u00fcnk a mester. Rajzoltunk ceruz\u00e1val, sz\u00e9nnel, kr\u00e9t\u00e1val. Csend\u00e9letet \u00e9s modell ut\u00e1n emberarcokat. Id\u0151s, munk\u00e1ban megf\u00e1radt embereket hozott el a m\u0171helybe \u00e9s mi pr\u00f3b\u00e1ltuk meg\u00f6r\u00f6k\u00edteni \u0151ket. Mindig a val\u00f3s\u00e1gb\u00f3l \u00e9p\u00edtkezett \u00e9s erre tan\u00edtott benn\u00fcnket is, a val\u00f3s\u00e1g \u00e1br\u00e1zol\u00e1s\u00e1ra. Levitt benn\u00fcnket a J\u00f3zsef-lejt\u0151sbe. N\u00e9zt\u00fck a b\u00e1nyamunka folyamat\u00e1t, a nyakunkba v\u00edz csorgott, minden\u00fctt nagy volt a s\u00e1r \u00e9s akadt olyan r\u00e9sze is a b\u00e1ny\u00e1nak, ahol csak kuporogva tudtunk el\u0151rehaladni. K\u00f6zben l\u0151ttek, robbantottak, elaludt a villany. A b\u00e1ny\u00e1szoknak mindez term\u00e9szetes volt, \u00e1m mi igencsak megijedt\u00fcnk. B\u00f3na Kov\u00e1cs K\u00e1roly nemcsak rajzolni, festeni tan\u00edtott benn\u00fcnket, az \u00e9let sz\u00e9p \u00e9s \u00e1rnyoldalait is megmutatta. Azt is, hogy milyen neh\u00e9z kenyeret esznek a b\u00e1ny\u00e1szok \u00e9s mekkora megbecs\u00fcl\u00e9st \u00e9rdemelnek. A legk\u00f6zelebbi foglalkoz\u00e1son azt\u00e1n sz\u00e9nrajzok eg\u00e9sz sora sz\u00fcletett a l\u00e1togat\u00e1sb\u00f3l. Nekem k\u00fcl\u00f6n\u00f6sen sz\u00e9p \u00e9lm\u00e9nyem volt, hogy az egyik szobr\u00e1hoz, a kaszin\u00f3 kertj\u00e9ben fel\u00e1ll\u00edtott B\u00e1ny\u00e1szhoz, modellnek v\u00e1lasztott. \u00cdgy ut\u00f3lag tudom csak igaz\u00e1n felm\u00e9rni, mennyire j\u00f3 iskol\u00e1nk, mennyire j\u00f3 mester\u00fcnk volt. B\u00f3na Kov\u00e1cs K\u00e1roly gazdag fant\u00e1zi\u00e1ja, munk\u00e1ja \u201eelevenedik meg\u201d a losonci 25-\u00f6s gyalogezred domborm\u0171v\u00e9n, a B\u00e1thori szoborban, a K\u00e1lv\u00e1ria dom. bon a passi\u00f3-domborm\u0171vek ben, s ugyancsak Salg\u00f3tarj\u00e1n ban, a k\u00f6ztemet\u0151ben \u00e1ll\u00f3 Krisz\u2022 tus szoborban. Baglyasalj\u00e1n ne\u2022 v\u00e9hez f\u0171z\u0151dik a templom fres\u2022 k\u00f3ja, a gy\u00f6ny\u00f6r\u0171 f\u00e1b\u00f3l faragott sz\u00f3sz\u00e9k \u00e9s olt\u00e1r. A kaszin\u00f3ban a valamikori MADISZ helyis\u00e9\u2022 g\u00e9ben pedig egy nagym\u00e9ret\u0171 fresk\u00f3t festett. S a csoportb\u00f3l t\u00f6bben, \u00edgy Pataki J\u00f3zsef Radics Istv\u00e1n, Somosk\u0151i \u00d6d\u00f6n is neves m\u0171v\u00e9szek lettek. Bel\u0151lem nem lett sem szobr\u00e1sz, sem fest\u0151m\u0171v\u00e9sz, de 45 \u00e9vet t\u00f6lt\u00f6ttem az \u00fcveg b\u0171v\u00f6let\u00e9ben. minden j\u00f3l megform\u00e1lt, eszt\u00e9tikus \u00fcvegt\u00e1rgyban, amelyet k\u00e9sz\u00edtettem, ott van a mester seg\u00edt\u0151 keze. M\u00e9g 1938-ban ker\u00fcltem a salg\u00f3tarj\u00e1ni \u00fcveggy\u00e1rba \u00fcvegcsiszol\u00f3 tanul\u00f3nak, majd 1949-ig seg\u00e9dk\u00e9nt dolgoztam. Ezt k\u00f6vet\u0151en a mint\u00e1z\u00f3 csoport vezet\u0151je lettem. K\u00e9s\u0151bb, 1951-t\u0151l az \u00fcvegtervez\u0151 r\u00e9szlegn\u00e9l, M\u00e1nczos J\u00f3zsef Munk\u00e1csy d\u00edjas iparm\u0171v\u00e9sz ir\u00e1ny\u00edt\u00e1s\u00e1val ismerkedtem az \u00fcvegtervez\u00e9s eszt\u00e9tikai, technol\u00f3giai folyamataival.<\/p>\n<p style=\"text-align: center;\"><a href=\"http:\/\/baglyasalja.hu\/baglyas\/?page_id=24\">VISSZA<\/a><\/p>\n","protected":false},"excerpt":{"rendered":"<p>A legszebb eml\u00e9kem ebb\u0151l az id\u0151b\u0151l a cserk\u00e9szet, 1937-t\u0151l eg\u00e9szen 1945-ig cserk\u00e9sz voltam. Szerettem odaj\u00e1rni, mert sz\u00ednes, \u00e9rdekes volt a cserk\u00e9sz\u00e9let. Kir\u00e1ndultunk a M\u00e1tr\u00e1ba, a Karancsra, megn\u00e9zt\u00fck Salg\u00f3 v\u00e1r\u00e1t, Esztergomot. K\u00e9t \u00edzben is t\u00e1boroztunk&#46;&#46;&#46;<\/p>\n","protected":false},"author":1,"featured_media":0,"parent":18,"menu_order":0,"comment_status":"open","ping_status":"open","template":"","meta":{"footnotes":""},"class_list":["post-51","page","type-page","status-publish","hentry"],"_links":{"self":[{"href":"http:\/\/www.baglyasalja.hu\/baglyas\/index.php?rest_route=\/wp\/v2\/pages\/51","targetHints":{"allow":["GET"]}}],"collection":[{"href":"http:\/\/www.baglyasalja.hu\/baglyas\/index.php?rest_route=\/wp\/v2\/pages"}],"about":[{"href":"http:\/\/www.baglyasalja.hu\/baglyas\/index.php?rest_route=\/wp\/v2\/types\/page"}],"author":[{"embeddable":true,"href":"http:\/\/www.baglyasalja.hu\/baglyas\/index.php?rest_route=\/wp\/v2\/users\/1"}],"replies":[{"embeddable":true,"href":"http:\/\/www.baglyasalja.hu\/baglyas\/index.php?rest_route=%2Fwp%2Fv2%2Fcomments&post=51"}],"version-history":[{"count":0,"href":"http:\/\/www.baglyasalja.hu\/baglyas\/index.php?rest_route=\/wp\/v2\/pages\/51\/revisions"}],"up":[{"embeddable":true,"href":"http:\/\/www.baglyasalja.hu\/baglyas\/index.php?rest_route=\/wp\/v2\/pages\/18"}],"wp:attachment":[{"href":"http:\/\/www.baglyasalja.hu\/baglyas\/index.php?rest_route=%2Fwp%2Fv2%2Fmedia&parent=51"}],"curies":[{"name":"wp","href":"https:\/\/api.w.org\/{rel}","templated":true}]}}