{"id":5,"date":"2008-04-23T21:19:45","date_gmt":"2008-04-23T19:19:45","guid":{"rendered":"http:\/\/baglyasalja.hu\/baglyas\/?page_id=6"},"modified":"2008-06-30T16:03:48","modified_gmt":"2008-06-30T14:03:48","slug":"baglyasalja","status":"publish","type":"page","link":"http:\/\/www.baglyasalja.hu\/baglyas\/?page_id=5","title":{"rendered":"Baglyasalja"},"content":{"rendered":"<table border=\"0\" width=\"100%\" id=\"table1\">\n<tbody>\n<tr>\n<td width=\"224\">\n<p align=\"center\"><img loading=\"lazy\" decoding=\"async\" height=\"241\" border=\"0\" width=\"150\" src=\"http:\/\/baglyasalja.hu\/foto\/b010.jpg\" alt=\"\" \/><\/p>\n<\/td>\n<td>\n<p align=\"center\"><!--[if gte vml 1]><v:shapetype id=\"_x0000_t136\"  coordsize=\"21600,21600\" o:spt=\"136\" adj=\"10800\" path=\"m@7,l@8,m@5,21600l@6,21600e\"> <v:formulas> <v:f eqn=\"sum #0 0 10800\" \/> <v:f eqn=\"prod #0 2 1\" \/> <v:f eqn=\"sum 21600 0 @1\" \/> <v:f eqn=\"sum 0 0 @2\" \/> <v:f eqn=\"sum 21600 0 @3\" \/> <v:f eqn=\"if @0 @3 0\" \/> <v:f eqn=\"if @0 21600 @1\" \/> <v:f eqn=\"if @0 0 @2\" \/> <v:f eqn=\"if @0 @4 21600\" \/> <v:f eqn=\"mid @5 @6\" \/> <v:f eqn=\"mid @8 @5\" \/> <v:f eqn=\"mid @7 @8\" \/> <v:f eqn=\"mid @6 @7\" \/> <v:f eqn=\"sum @6 0 @5\" \/> <\/v:formulas> <v:path textpathok=\"t\" o:connecttype=\"custom\" o:connectlocs=\"@9,0;@10,10800;@11,21600;@12,10800\"   o:connectangles=\"270,180,90,0\" \/> <v:textpath on=\"t\" fitshape=\"t\" \/> <v:handles> <v:h position=\"#0,bottomRight\" xrange=\"6629,14971\" \/> <\/v:handles> <o:lock v:ext=\"edit\" text=\"t\" shapetype=\"t\" \/> <\/v:shapetype><v:shape id=\"_x0000_s1032\" type=\"#_x0000_t136\" href=\"var.htm\" mce_href=\"http:\/\/baglyasalja.hu\/baglyas\/?page_id=6\"  style=\"width:224.25pt;height:40.5pt\" mce_style=\"width:224.25pt;height:40.5pt\"> <v:shadow color=\"#868686\" \/> <v:textpath style=\"font-family:\"Arial Black\";font-size:18pt;v-text-kern:t\" mce_style=\"font-family:\"Arial Black\";font-size:18pt;v-text-kern:t\"   trim=\"t\" fitpath=\"t\" string=\"Baglyask\u0151 sasf\u00e9szke&#13;&#10;\" \/> <\/v:shape><![endif]--><!--[if !vml]--><\/p>\n<map name=\"MicrosoftOfficeMap0\">\n<area shape=\"Polygon\" coords=\"136, 0, 0, 0, 0, 43, 37, 48, 40, 54, 73, 54, 76, 48, 296, 44, 301, 34, 300, 7, 271, 0, 232, 0, 136, 0\" href=\"http:\/\/baglyasalja.hu\/baglyas\/?page_id=6\" \/> <\/map>\n<p><img loading=\"lazy\" decoding=\"async\" height=\"56\" border=\"0\" width=\"301\" usemap=\"#MicrosoftOfficeMap0\" src=\"http:\/\/baglyasalja.hu\/web\/tortenet_elemei\/image001.gif\" alt=\"Baglyask\u0151 sasf&eacute;szke\" \/>  <!--[endif]--><\/td>\n<\/tr>\n<tr>\n<td width=\"224\">&nbsp;<\/td>\n<td>&nbsp;<\/td>\n<\/tr>\n<tr>\n<td width=\"224\">\n<p align=\"center\"><img loading=\"lazy\" decoding=\"async\" height=\"241\" border=\"0\" width=\"150\" src=\"http:\/\/baglyasalja.hu\/foto\/b011.jpg\" alt=\"\" \/><\/p>\n<\/td>\n<td>\n<p align=\"center\"><!--[if gte vml 1]><v:shape  id=\"_x0000_s1031\" type=\"#_x0000_t136\" href=\"multuzen.htm\" mce_href=\"http:\/\/baglyasalja.hu\/baglyas\/?page_id=9\" style=\"width:224.25pt;  height:74.25pt\" mce_style=\"width:224.25pt;  height:74.25pt\"> <v:shadow color=\"#868686\" \/> <v:textpath style=\"font-family:\"Arial Black\";font-size:18pt;v-text-kern:t\" mce_style=\"font-family:\"Arial Black\";font-size:18pt;v-text-kern:t\"   trim=\"t\" fitpath=\"t\" string=\"A m\u00falt \u00fczenete&#13;&#10;\/Baglyasalja t\u00f6rt\u00e9nete\/&#13;&#10;\" \/> <\/v:shape><![endif]--><!--[if !vml]--><\/p>\n<map name=\"MicrosoftOfficeMap1\">\n<area shape=\"Polygon\" coords=\"110, 1, 60, 1, 54, 3, 51, 32, 54, 33, 107, 33, 151, 49, 3, 60, 0, 92, 14, 97, 46, 100, 144, 100, 252, 97, 301, 92, 303, 60, 155, 49, 248, 33, 252, 22, 253, 4, 227, 1, 117, 1, 110, 1\" href=\"http:\/\/baglyasalja.hu\/baglyas\/?page_id=8\" \/> <\/map>\n<p><img loading=\"lazy\" decoding=\"async\" height=\"102\" border=\"0\" width=\"303\" usemap=\"#MicrosoftOfficeMap1\" src=\"http:\/\/baglyasalja.hu\/web\/tortenet_elemei\/image002.gif\" alt=\"A m&uacute;lt &uuml;zenete \/Baglyasalja t&ouml;rt&eacute;nete\/\" \/>  <!--[endif]--><\/td>\n<\/tr>\n<tr>\n<td width=\"224\">&nbsp;<\/td>\n<td>&nbsp;<\/td>\n<\/tr>\n<tr>\n<td width=\"224\">\n<p align=\"center\"><img loading=\"lazy\" decoding=\"async\" height=\"236\" border=\"0\" width=\"150\" src=\"http:\/\/baglyasalja.hu\/foto\/b006.jpg\" alt=\"\" \/><\/p>\n<\/td>\n<td>\n<p align=\"center\"><!--[if gte vml 1]><v:shape  id=\"_x0000_s1030\" type=\"#_x0000_t136\" href=\"krono.htm\" mce_href=\"http:\/\/baglyasalja.hu\/baglyas\/?page_id=9\" style=\"width:243pt;  height:24.75pt\" mce_style=\"width:243pt;  height:24.75pt\"> <v:shadow color=\"#868686\" \/> <v:textpath style=\"font-family:\"Arial Black\";font-size:18pt;v-text-kern:t\" mce_style=\"font-family:\"Arial Black\";font-size:18pt;v-text-kern:t\"   trim=\"t\" fitpath=\"t\" string=\"Baglyasalja kronol\u00f3gi\u00e1ja\" \/> <\/v:shape><![endif]--><!--[if !vml]--><\/p>\n<map name=\"MicrosoftOfficeMap2\">\n<area shape=\"Polygon\" coords=\"251, 0, 0, 0, 0, 27, 35, 32, 36, 33, 308, 33, 318, 32, 327, 24, 326, 10, 310, 0, 299, 0, 251, 0\" href=\"http:\/\/baglyasalja.hu\/baglyas\/?page_id=10\" \/> <\/map>\n<p><img loading=\"lazy\" decoding=\"async\" height=\"35\" border=\"0\" width=\"327\" usemap=\"#MicrosoftOfficeMap2\" src=\"http:\/\/baglyasalja.hu\/web\/tortenet_elemei\/image003.gif\" alt=\"Baglyasalja kronol&oacute;gi&aacute;ja\" \/>  <!--[endif]--><\/p>\n<p align=\"center\">&nbsp;<\/p>\n<p align=\"center\"><!--[if gte vml 1]><v:shape  id=\"_x0000_s1029\" type=\"#_x0000_t136\" href=\"kepeskrono.htm\" mce_href=\"http:\/\/www.baglyasalja.hu\/baglyas\/?page_id=113\" style=\"width:142.5pt;  height:24.75pt\" mce_style=\"width:142.5pt;  height:24.75pt\"> <v:shadow color=\"#868686\" \/> <v:textpath style=\"font-family:\"Arial Black\";font-size:18pt;v-text-kern:t\" mce_style=\"font-family:\"Arial Black\";font-size:18pt;v-text-kern:t\"   trim=\"t\" fitpath=\"t\" string=\"K\u00e9pes kr\u00f3nika\" \/> <\/v:shape><![endif]--><!--[if !vml]--><\/p>\n<map name=\"MicrosoftOfficeMap3\">\n<area shape=\"Polygon\" coords=\"26, 0, 0, 0, 0, 27, 35, 32, 35, 33, 44, 33, 142, 32, 193, 27, 193, 8, 164, 0, 132, 0, 26, 0\" href=\"http:\/\/www.baglyasalja.hu\/baglyas\/?page_id=113\" \/> <\/map>\n<p><img loading=\"lazy\" decoding=\"async\" height=\"35\" border=\"0\" width=\"193\" usemap=\"#MicrosoftOfficeMap3\" src=\"http:\/\/baglyasalja.hu\/web\/tortenet_elemei\/image004.gif\" alt=\"K&eacute;pes kr&oacute;nika\" \/>  <!--[endif]--><\/td>\n<\/tr>\n<tr>\n<td width=\"224\">&nbsp;<\/td>\n<td>&nbsp;<\/td>\n<\/tr>\n<tr>\n<td width=\"224\">\n<p align=\"center\"><img loading=\"lazy\" decoding=\"async\" height=\"220\" border=\"0\" width=\"150\" src=\"http:\/\/baglyasalja.hu\/foto\/b007.jpg\" alt=\"\" \/><\/p>\n<\/td>\n<td>\n<p align=\"center\"><!--[if gte vml 1]><v:shape  id=\"_x0000_s1028\" type=\"#_x0000_t136\" href=\"banya.htm\" mce_href=\"http:\/\/www.baglyasalja.hu\/baglyas\/?page_id=114\" style=\"width:245.25pt;  height:24.75pt\" mce_style=\"width:245.25pt;  height:24.75pt\"> <v:shadow color=\"#868686\" \/> <v:textpath style=\"font-family:\"Arial Black\";font-size:18pt;v-text-kern:t\" mce_style=\"font-family:\"Arial Black\";font-size:18pt;v-text-kern:t\"   trim=\"t\" fitpath=\"t\" string=\"B\u00e1ny\u00e1sz szakkifejez\u00e9sek\" \/> <\/v:shape><![endif]--><!--[if !vml]--><\/p>\n<map name=\"MicrosoftOfficeMap4\">\n<area shape=\"Polygon\" coords=\"24, 0, 0, 0, 0, 27, 49, 32, 49, 33, 233, 33, 302, 31, 329, 27, 325, 16, 329, 4, 317, 0, 278, 0, 24, 0\" href=\"http:\/\/www.baglyasalja.hu\/baglyas\/?page_id=114\" \/> <\/map>\n<p><img loading=\"lazy\" decoding=\"async\" height=\"35\" border=\"0\" width=\"330\" usemap=\"#MicrosoftOfficeMap4\" src=\"http:\/\/baglyasalja.hu\/web\/tortenet_elemei\/image005.gif\" alt=\"B&aacute;ny&aacute;sz szakkifejez&eacute;sek\" \/>  <!--[endif]--><\/td>\n<\/tr>\n<tr>\n<td width=\"224\">&nbsp;<\/td>\n<td>&nbsp;<\/td>\n<\/tr>\n<tr>\n<td width=\"224\">\n<p align=\"center\"><img loading=\"lazy\" decoding=\"async\" height=\"230\" border=\"0\" width=\"150\" src=\"http:\/\/baglyasalja.hu\/foto\/b008.jpg\" alt=\"\" \/><\/p>\n<\/td>\n<td>\n<p align=\"center\"><!--[if gte vml 1]><v:shape  id=\"_x0000_s1027\" type=\"#_x0000_t136\" href=\"szemelyek.htm\" mce_href=\"http:\/\/baglyasalja.hu\/baglyas\/wp-admin\/szemelyek.htm\" style=\"width:177pt;  height:24.75pt\" mce_style=\"width:177pt;  height:24.75pt\"> <v:shadow color=\"#868686\" \/> <v:textpath style=\"font-family:\"Arial Black\";font-size:18pt;v-text-kern:t\" mce_style=\"font-family:\"Arial Black\";font-size:18pt;v-text-kern:t\"   trim=\"t\" fitpath=\"t\" string=\"Baglyasi emberek\" \/> <\/v:shape><![endif]--><!--[if !vml]--><\/p>\n<map name=\"MicrosoftOfficeMap5\">\n<area shape=\"Polygon\" coords=\"0, 0, 0, 27, 35, 32, 36, 33, 68, 33, 181, 32, 238, 27, 237, 8, 228, 0, 0, 0\" href=\"http:\/\/www.baglyasalja.hu\/baglyas\/?page_id=115\" \/> <\/map>\n<p><img loading=\"lazy\" decoding=\"async\" height=\"35\" border=\"0\" width=\"239\" usemap=\"#MicrosoftOfficeMap5\" src=\"http:\/\/baglyasalja.hu\/web\/tortenet_elemei\/image006.gif\" alt=\"Baglyasi emberek\" \/>  <!--[endif]--><\/p>\n<p align=\"center\"><!--[if gte vml 1]><v:shape  id=\"_x0000_s1026\" type=\"#_x0000_t136\" href=\"emberek.htm\" mce_href=\"http:\/\/www.baglyasalja.hu\/baglyas\/?page_id=18\" style=\"width:177pt;  height:24.75pt\" mce_style=\"width:177pt;  height:24.75pt\"> <v:shadow color=\"#868686\" \/> <v:textpath style=\"font-family:\"Arial Black\";font-size:18pt;v-text-kern:t\" mce_style=\"font-family:\"Arial Black\";font-size:18pt;v-text-kern:t\"   trim=\"t\" fitpath=\"t\" string=\"Emberek, \u00e9vek, sorsok\" \/> <\/v:shape><![endif]--><!--[if !vml]--><\/p>\n<map name=\"MicrosoftOfficeMap6\">\n<area shape=\"Polygon\" coords=\"109, 0, 0, 0, 0, 27, 91, 32, 91, 33, 158, 33, 212, 32, 238, 27, 235, 16, 239, 2, 226, 0, 115, 0, 109, 0\" href=\"http:\/\/www.baglyasalja.hu\/baglyas\/?page_id=18\" \/> <\/map>\n<p><img loading=\"lazy\" decoding=\"async\" height=\"36\" border=\"0\" width=\"239\" usemap=\"#MicrosoftOfficeMap6\" src=\"http:\/\/baglyasalja.hu\/web\/tortenet_elemei\/image007.gif\" alt=\"Emberek, &eacute;vek, sorsok\" \/>  <!--[endif]--><\/td>\n<\/tr>\n<tr>\n<td width=\"224\">&nbsp;<\/td>\n<td>&nbsp;<\/td>\n<\/tr>\n<tr>\n<td width=\"224\">\n<p align=\"center\"><img loading=\"lazy\" decoding=\"async\" height=\"218\" border=\"0\" width=\"150\" src=\"http:\/\/baglyasalja.hu\/foto\/b009.jpg\" alt=\"\" \/><\/p>\n<\/td>\n<td>\n<p align=\"center\"><!--[if gte vml 1]><v:shape  id=\"_x0000_s1025\" type=\"#_x0000_t136\" href=\"iskolakrono.htm\" mce_href=\"http:\/\/www.baglyasalja.hu\/baglyas\/?page_id=116\" style=\"width:213pt;  height:56.25pt\" mce_style=\"width:213pt;  height:56.25pt\"> <v:shadow color=\"#868686\" \/> <v:textpath style=\"font-family:\"Arial Black\";font-size:18pt;v-text-kern:t\" mce_style=\"font-family:\"Arial Black\";font-size:18pt;v-text-kern:t\"   trim=\"t\" fitpath=\"t\" string=\"Kult\u00fara, oktat\u00e1s, sport&#13;&#10;kronol\u00f3gia\" \/> <\/v:shape><![endif]--><!--[if !vml]--><\/p>\n<map name=\"MicrosoftOfficeMap7\">\n<area shape=\"Polygon\" coords=\"57, 1, 0, 1, 0, 29, 144, 33, 87, 44, 75, 47, 75, 71, 123, 76, 172, 76, 183, 76, 195, 76, 211, 70, 211, 58, 206, 53, 196, 47, 144, 33, 227, 33, 286, 26, 287, 2, 278, 1, 187, 1, 57, 1\" href=\"http:\/\/www.baglyasalja.hu\/baglyas\/?page_id=116\" \/> <\/map>\n<p><img loading=\"lazy\" decoding=\"async\" height=\"78\" border=\"0\" width=\"287\" usemap=\"#MicrosoftOfficeMap7\" src=\"http:\/\/baglyasalja.hu\/web\/tortenet_elemei\/image008.gif\" alt=\"Kult&uacute;ra, oktat&aacute;s, sport kronol&oacute;gia\" \/>  <!--[endif]--><\/td>\n<\/tr>\n<tr>\n<td width=\"224\">&nbsp;<\/td>\n<td>&nbsp;<\/td>\n<\/tr>\n<\/tbody>\n<\/table>\n","protected":false},"excerpt":{"rendered":"<p>&nbsp; &nbsp; &nbsp; &nbsp; &nbsp; &nbsp; &nbsp; &nbsp; &nbsp; &nbsp; &nbsp; &nbsp; &nbsp;<\/p>\n","protected":false},"author":1,"featured_media":0,"parent":0,"menu_order":5,"comment_status":"open","ping_status":"open","template":"","meta":{"footnotes":""},"class_list":["post-5","page","type-page","status-publish","hentry"],"_links":{"self":[{"href":"http:\/\/www.baglyasalja.hu\/baglyas\/index.php?rest_route=\/wp\/v2\/pages\/5","targetHints":{"allow":["GET"]}}],"collection":[{"href":"http:\/\/www.baglyasalja.hu\/baglyas\/index.php?rest_route=\/wp\/v2\/pages"}],"about":[{"href":"http:\/\/www.baglyasalja.hu\/baglyas\/index.php?rest_route=\/wp\/v2\/types\/page"}],"author":[{"embeddable":true,"href":"http:\/\/www.baglyasalja.hu\/baglyas\/index.php?rest_route=\/wp\/v2\/users\/1"}],"replies":[{"embeddable":true,"href":"http:\/\/www.baglyasalja.hu\/baglyas\/index.php?rest_route=%2Fwp%2Fv2%2Fcomments&post=5"}],"version-history":[{"count":0,"href":"http:\/\/www.baglyasalja.hu\/baglyas\/index.php?rest_route=\/wp\/v2\/pages\/5\/revisions"}],"wp:attachment":[{"href":"http:\/\/www.baglyasalja.hu\/baglyas\/index.php?rest_route=%2Fwp%2Fv2%2Fmedia&parent=5"}],"curies":[{"name":"wp","href":"https:\/\/api.w.org\/{rel}","templated":true}]}}