{"id":49,"date":"2008-04-24T15:54:22","date_gmt":"2008-04-24T13:54:22","guid":{"rendered":"http:\/\/baglyasalja.hu\/baglyas\/?page_id=55"},"modified":"2008-04-24T15:54:22","modified_gmt":"2008-04-24T13:54:22","slug":"szilvai-ervin","status":"publish","type":"page","link":"http:\/\/www.baglyasalja.hu\/baglyas\/?page_id=49","title":{"rendered":"Szilvai Ervin"},"content":{"rendered":"<p class=\"MsoNormal\" style=\"margin-left: 15px; margin-right: 15px;\" align=\"center\"><a name=\"szilvai\"> <img loading=\"lazy\" decoding=\"async\" src=\"..\/..\/web\/tortenet_elemei\/foto\/emb31.jpg\" border=\"0\" alt=\"\" width=\"450\" height=\"403\" \/><\/a><\/p>\n<p style=\"text-align: left;\">&#8211; Baglyason megszokott k\u00e9p volt: egy hossz\u00fam n\u0151tt fiatalember tapossa a bicikliped\u00e1lokat. H\u00e1l\u00e1n egy hatalmas vessz\u0151kos\u00e1r, tele ropog\u00f3s p\u00e9ks\u00fctem\u00e9nnyel \u00e9s v\u00e9gigkiab\u00e1lja az eg\u00e9sz telep\u00fcl\u00e9st: zseml\u00e9t, kiflit vegyenek!<\/p>\n<p>&#8211; A Hangya Sz\u00f6vetkezetben voltam akkor keresked\u0151 tanult k\u00e9t \u00e9s f\u00e9l \u00e9vig, Zork\u00f3 J\u00f3zsefn\u00e9l. J\u00f3 keresked\u0151, j\u00f3 tan\u00edt\u00f3mesterem volt. Igaz, \u00e9n elv\u00e9geztem a polg\u00e1rit is, de ezut\u00e1n egy \u00e9vig sehol sem tudtam elhelyezked\u00adni. Dolgozni pedig kellett, mert az ap\u00e1m Schreiber K\u00e1roly, aki b\u00e1nyalakatos volt, otthagyott benn\u00fcnket amikor kilenc\u00e9ves voltam. \u00c9desany\u00e1mmal \u00e9s a n\u0151v\u00e9remmel magunkra maradtunk. M\u00e9g a lak\u00e1st is ott kellett hagynunk a rakod\u00f3n, ahol 1925-ben sz\u00fclettem. Felk\u00f6lt\u00f6zt\u00fcnk a faluba egy t\u00e1voli rokonunkhoz \u00e9s ott \u00e9lt\u00fcnk. A nagyb\u00e1ty\u00e1mnak, And\u00f3 g\u00e9czi G\u00e9z\u00e1nak seg\u00edtettem a f\u00f6ldet dolgozni\u2026<\/p>\n<p>&#8211; M\u00f3dos gazdaember volt a nagyb\u00e1csi?<\/p>\n<p>&#8211; \u0150 nem annyira, ink\u00e1bb a nagymam\u00e1m And\u00f3 g\u00e9czi M\u00e1ty\u00e1sn\u00e9. Annak idej\u00e9n a nagyap\u00e1m a b\u00e1ny\u00e1n\u00e1l dolgozott, kismozdonyokat vezetett. Baleset \u00e9rte \u00e9s a nagymama mag\u00e1ra maradt a n\u00e9gy gyerekkel. Azt tan\u00e1csolt\u00e1k neki, hogy menjen el Pozsonyba a b\u00e1bak\u00e9pz\u0151 tanfolyamra. Akkor nagyon nagy dolog volt, hogy egy falusi asszony tanfolyamra megy, b\u00e1\u00adb\u00e1nak tanul. Hat h\u00f3napig volt ott \u00e9s amikor hazaj\u00f6tt dolgozni kezdett. Baglyasalja, Guszt\u00e1v-akna, Rau-akna, Albertak-na mind hozz\u00e1tartozott. Kisvillamos vitte, vagy ha a helyzet \u00fagy hozta, ment gyalogosan es\u0151ben, s\u00e1rban, h\u00f3ban, fagyban. Akkor m\u00e9g otthon sz\u00fcltek az asszonyok. \u00d6ssze is szedett ezzel a munk\u00e1val vagy 15 hold f\u00f6ldet. H\u00e1t ezt dolgozta a nagyb\u00e1csim, aki igencsak agilis ember volt. A b\u00e1nya mellett m\u0171velte a f\u00f6ldet, \u00e1llatokat tartott \u00e9s megv\u00e1lasztott\u00e1k k\u00f6zs\u00e9gi p\u00e9nzt\u00e1rnoknak is. Minden cs\u00fct\u00f6rt\u00f6k\u00f6n ott volt a k\u00f6zs\u00e9gh\u00e1z\u00e1n, mert akkor j\u00f6tt P\u00e1lfalv\u00e1r\u00f3l a jegyz\u0151, Bechner P\u00e1l.<\/p>\n<p>&#8211; Az And\u00f3k mennyit ismertek csal\u00e1djuk, a leg\u0151sibb baglyasaljai fam\u00edlia t\u00f6rt\u00e9net\u00e9b\u0151l?<\/p>\n<p>&#8211; Sok mindent tudtak. Azt mes\u00e9lt\u00e9k az \u00f6regek, hogy az And\u00f3 csal\u00e1d r\u00e9gebbi mint maga Baglyas. Valamikor a K\u0151v\u00e1r alatt \u00e9ltek \u00e9s a t\u00f6r\u00f6k el\u0151l menek\u00fcltek Baglyospuszt\u00e1ra. Ebb\u0151l alakult azt\u00e1n ki a mostani telep\u00fcl\u00e9s. A legnagyobb el\u0151rel\u00e9p\u00e9st itt a sz\u00e9nb\u00e1ny\u00e1k megnyit\u00e1sa hozta.<\/p>\n<p>\u2026<\/p>\n<p>&#8211; S mi volt a munk\u00e1val, a bolttal?<\/p>\n<p>&#8211; Ott egy ideig nem volt helyem. A b\u00e1ny\u00e1hoz vettek fel kramp\u00e1csol\u00f3nak, eg\u00e9szen 1947 ig \u201eigazgattam\u201d a s\u00edneket. K\u00f6zben \u00fajra megnyitott\u00e1k a magazint \u00e9s oda vittek. Megtetten amit tudtam ott is. El\u00e9gedettel lehettek a munk\u00e1mmal, mer tal\u00e1n egy \u00e9v telt el \u00e9s megv\u00e1lasztottak a Hangya Sz\u00f6vetkezet vezet\u0151j\u00e9nek. Az \u00e9desany\u00e1mmal dolgoztunk a boltban, a n\u0151v\u00e9rem \u00e9s egy tanul\u00f3seg\u00edtett. Itt is egy\u00fctt volt a bolt \u00e9s a kocsma A kocsm\u00e1t m\u00e1r reggel hatkor kinyitottuk \u00e9s este 8-9 \u00f3r\u00e1it nyitva tartottuk. A boltot is \u00fagy nyitottuk, z\u00e1rtuk, ahogy a helyzet megk\u00edv\u00e1nta. Sok minden tartottunk, igyekezt\u00fcnk udvariasan, j\u00f3l kiszolg\u00e1lni a vev\u0151ket hogy mindig el\u00e9gedetten menjenek el \u00e9s visszaj\u00f6jjenek hozz\u00e1nk.<\/p>\n<p>&#8211; Ha a baglyasi \u00e9vek esz\u00e9be jutnak, mire gondol vissza a legsz\u00edvesebben?<\/p>\n<p>&#8211; Sok mindenre\u2026 K\u00f6z\u00fcl\u00fck az egyik a cserk\u00e9szet. . . M\u00e9g 1937-ben szervezte Marosy Imre tan\u00edt\u00f3 \u00far. A magazin tetej\u00e9n volt a cserk\u00e9szotthon, szivesen j\u00e1rtam oda. T\u00e1boroztunk az Ipoly partj\u00e1n, a szlov\u00e1k hat\u00e1r mellett. Nagy volt az izgalom, amikor n\u00e9h\u00e1ny napig est\u00e9nk\u00e9nt a t\u00faloldalr\u00f3l reflektorozt\u00e1k a t\u00e1bort. A k\u00f6vetkez\u0151 \u00e9vben Rima\u00adszombat mellett, azt hiszem Dob\u00f3c\u00e1n\u00e1l voltunk k\u00e9t h\u00e9tig t\u00e1borban. Ez egy nagy b\u00e1ny\u00e1szdzsembori volt, mert a k\u00f6rny\u00e9k b\u00e1ny\u00e1sztelep\u00fcl\u00e9seir\u0151l mind ott voltak a cserk\u00e9szcsapatok. Ha j\u00f3l eml\u00e9kszem Kraft Alad\u00e1r volt a parancsnok. A baglyasi csapatnak vagy 16 kis s\u00e1tra volt. Megl\u00e1togatta a t\u00e1bort gr\u00f3f Teleki P\u00e1l Magyarorsz\u00e1g f\u0151cserk\u00e9sze, minisztereln\u00f6k is. Tak\u00e1cs G\u00e9za bar\u00e1tomat \u00e9s engem m\u00e9g le is f\u00e9nyk\u00e9peztek vele. Nagy \u00e9lm\u00e9ny volt.<\/p>\n<p>&#8211; A cserk\u00e9sz\u00e9let azonban nemcsak t\u00e1boroz\u00e1sb\u00f3l \u00e1llt.<\/p>\n<p>&#8211; Sok mindent tanultunk. A 10 pontot, az alapt\u00f6rv\u00e9nyt nem csak tudni kellett, hanem megtartani is. A cserk\u00e9sz ahol tud seg\u00edt, \u00edgy sz\u00f3lt az els\u0151 t\u00f6rv\u00e9ny. A cserk\u00e9sz egyenes lelk\u0171 \u00e9s felt\u00e9tlen\u00fcl igazat mond. Igyekeztem ennek megfelel\u0151en \u00e9lni. Rendre, fegyelemre, j\u00f3 modorra neveltek benn\u00fcnket. A cserk\u00e9szvezet\u0151k, a t\u00e1rsak k\u00f6z\u00fcl ma m\u00e1r csak kevesen \u00e9lnek. Marosy Imre tan\u00edt\u00f3 \u00far ottmaradt a h\u00e1bor\u00faban, Verle J\u00e1nos tan\u00edt\u00f3 \u00far, Nagy S\u00e1ndor sincs m\u00e1r k\u00f6z\u00f6tt\u00fcnk. \u00c1m a bar\u00e1ts\u00e1g ami akkor sz\u00f6v\u0151d\u00f6tt Tak\u00e1cs G\u00e9z\u00e1val, meg Vasas Marcival, az megmaradt, ma is \u00e91. Rendszeresen \u00f6sszej\u00f6v\u00fcnk, besz\u00e9lget\u00fcnk a r\u00e9gm\u00faltr\u00f3l, meg a mai vil\u00e1gr\u00f3l\u2026<\/p>\n<p>&#8211; Ha a cserk\u00e9szet volt az els\u0151, mi volt a m\u00e1sodik dolog, amit nem t\u00f6r\u00f6lt el az id\u0151, amit \u0151riz az eml\u00e9kezet?<\/p>\n<p>&#8211; A sz\u00ednj\u00e1tsz\u00f3 csoport, amely \u00f6ntev\u00e9kenyen m\u0171k\u00f6d\u00f6tt a baglyasi kaszin\u00f3ban \u00e9s sz\u00e9p sikereket mondhatott mag\u00e1\u00e9nak. Amikor 1945-ben Baglyason megalakult a MADISZ, \u00e9n is lej\u00e1rogattam a fiatalok k\u00f6z\u00e9. Ponyi Nusika, meg Gyepesi Jancsi m\u0171sorokat szervezgetett \u00e9s h\u00edvt\u00e1k a fiatalokat a sz\u00ednpadra. Engem is megsz\u00f3l\u00edtottak, hogy pr\u00f3b\u00e1ljam meg \u00e9s eg\u00e9szen j\u00f3l siker\u00fclt az els\u0151 fell\u00e9p\u00e9sem. Olyannyira, hogy azut\u00e1n m\u00e1r minden m\u0171sorban, sz\u00edndarabban kaptam kisebb-nagyobb szerepet. Legjobban Csiky Gergely Nagymam\u00e1j\u00e1ra eml\u00e9kszem, T\u00f3dorka Szil\u00e1rdot, a kicsit boh\u00f3k\u00e1s tan\u00e1r urat j\u00e1tszottam benne. Sz\u00edvesen voltam a sz\u00ednpadon. M\u00e9rhetetlen\u00fcl nagy megtiszteltet\u00e9snek \u00e9reztem, hogy \u00f6r\u00f6met adhatok az embereknek, der\u0171t var\u00e1zsolhatok arcukra. S boldog voltam, mert sok sz\u00e1zan \u00fcltek a sz\u00e9ksorokban, figyeltek r\u00e1m, \u00f6nfeledten kacagtak a tr\u00e9f\u00e1kon \u00e9s kirobban\u00f3 tapssal k\u00f6sz\u00f6nt\u00e9k meg. Ez olyan fizets\u00e9g volt sz\u00e1momra, amely minden p\u00e9nzn\u00e9l t\u00f6bbet \u00e9rt.<br \/>\n<a href=\"..\/?page_id=24\"><\/a><\/p>\n<p style=\"text-align: center;\"><a href=\"http:\/\/baglyasalja.hu\/baglyas\/?page_id=24\">VISSZA<\/a><\/p>\n","protected":false},"excerpt":{"rendered":"<p>&#8211; Baglyason megszokott k\u00e9p volt: egy hossz\u00fam n\u0151tt fiatalember tapossa a bicikliped\u00e1lokat. H\u00e1l\u00e1n egy hatalmas vessz\u0151kos\u00e1r, tele ropog\u00f3s p\u00e9ks\u00fctem\u00e9nnyel \u00e9s v\u00e9gigkiab\u00e1lja az eg\u00e9sz telep\u00fcl\u00e9st: zseml\u00e9t, kiflit vegyenek! &#8211; A Hangya Sz\u00f6vetkezetben voltam akkor keresked\u0151&#46;&#46;&#46;<\/p>\n","protected":false},"author":1,"featured_media":0,"parent":18,"menu_order":0,"comment_status":"open","ping_status":"open","template":"","meta":{"footnotes":""},"class_list":["post-49","page","type-page","status-publish","hentry"],"_links":{"self":[{"href":"http:\/\/www.baglyasalja.hu\/baglyas\/index.php?rest_route=\/wp\/v2\/pages\/49","targetHints":{"allow":["GET"]}}],"collection":[{"href":"http:\/\/www.baglyasalja.hu\/baglyas\/index.php?rest_route=\/wp\/v2\/pages"}],"about":[{"href":"http:\/\/www.baglyasalja.hu\/baglyas\/index.php?rest_route=\/wp\/v2\/types\/page"}],"author":[{"embeddable":true,"href":"http:\/\/www.baglyasalja.hu\/baglyas\/index.php?rest_route=\/wp\/v2\/users\/1"}],"replies":[{"embeddable":true,"href":"http:\/\/www.baglyasalja.hu\/baglyas\/index.php?rest_route=%2Fwp%2Fv2%2Fcomments&post=49"}],"version-history":[{"count":0,"href":"http:\/\/www.baglyasalja.hu\/baglyas\/index.php?rest_route=\/wp\/v2\/pages\/49\/revisions"}],"up":[{"embeddable":true,"href":"http:\/\/www.baglyasalja.hu\/baglyas\/index.php?rest_route=\/wp\/v2\/pages\/18"}],"wp:attachment":[{"href":"http:\/\/www.baglyasalja.hu\/baglyas\/index.php?rest_route=%2Fwp%2Fv2%2Fmedia&parent=49"}],"curies":[{"name":"wp","href":"https:\/\/api.w.org\/{rel}","templated":true}]}}