{"id":45,"date":"2008-04-24T15:50:00","date_gmt":"2008-04-24T13:50:00","guid":{"rendered":"http:\/\/baglyasalja.hu\/baglyas\/?page_id=51"},"modified":"2008-04-24T15:50:00","modified_gmt":"2008-04-24T13:50:00","slug":"soros-gyula","status":"publish","type":"page","link":"http:\/\/www.baglyasalja.hu\/baglyas\/?page_id=45","title":{"rendered":"S\u00f6r\u00f6s Gyula"},"content":{"rendered":"<p class=\"MsoNormal\" style=\"margin-left: 15px; margin-right: 15px;\" align=\"center\"><a name=\"soros\"> <img loading=\"lazy\" decoding=\"async\" src=\"..\/..\/web\/tortenet_elemei\/foto\/emb27.jpg\" border=\"0\" alt=\"\" width=\"450\" height=\"436\" \/><\/a><\/p>\n<p>Itt akkoriban el\u00e9g mozgalmas volt az \u00e9let. Ehhez hozz\u00e1j\u00e1rult az is, hogy volt egy italm\u00e9r\u00e9s\u00fcnk, ink\u00e1bb vend\u00e9gl\u0151, amelyet \u00e9desany\u00e1m vezetett. A h\u00e1bor\u00fa ut\u00e1n bizony csak erre sz\u00e1m\u00edthattunk. \u00dagy ind\u00edtottuk \u00fajra, hogy nekem volt egy kab\u00e1tom, azt eladtuk \u00e9s kaptunk \u00e9rte t\u00edz liter bort. Az iskol\u00e1b\u00f3l nem haza mentem, hanem P\u00e1szt\u00f3ra a bor\u00e9rt, amit azt\u00e1n \u00e9desany\u00e1m kim\u00e9rt. \u00edgy m\u0171k\u00f6dt\u00fcnk egy darabig, mert k\u00e9s\u0151bb a vend\u00e9gl\u0151t \u00e1llamos\u00edtott\u00e1k, a vend\u00e9gl\u00e1t\u00f3 v\u00e1llalathoz ker\u00fclt. Volt benne egy r\u00e9zasztal, azt elvitt\u00e9k. Nem kaptunk \u00e9rte egyetlen fill\u00e9rt sem. Gondoltam is, hogy ink\u00e1bb azt adhattuk volna el annakidej\u00e9n a kab\u00e1tom helyett. Amikor bereteszelt\u00fck az ajt\u00f3t \u00e9s levett\u00fck a t\u00e1bl\u00e1t, hogy S\u00f6r\u00f6s Gyula vend\u00e9gl\u0151je, sokan sajn\u00e1lkoztak. Mert ide nem csak inni j\u00e1rtak az emberek. Gyakran voltak hangulatos, sz\u00f3rakoztat\u00f3 zen\u00e9s est\u00e9k, ahol mindenki j\u00f3l \u00e9rezte mag\u00e1t. K\u00fcl\u00f6n\u00f6sen a baglyasi futballcsapat tagjai, Fekete J\u00f3zsef, Fekete J\u00e1nos, Ed\u0151cs Istv\u00e1n, Hegyi G\u00e9za a k\u00e9s\u0151bbi ap\u00f3som, j\u00f6ttek s\u0171r\u0171n. Az udvarra asztalokat, sz\u00e9keket raktunk, t\u00e1ncolni is lehetett. De bej\u00f6ttek a b\u00e1ny\u00e1szok, gy\u00e1ri munk\u00e1sok is. Be-be l\u00e1togatott hozz\u00e1nk Cinka Feri is. J\u00f3raval\u00f3, dolgos cig\u00e1nyember volt mindig, tisztelte, szerette ap\u00e1mat \u00e9s ap\u00e1m is nagyra becs\u00fclte \u0151t. Nem azt leste, hogy mikor kapja meg a p\u00e9nz\u00e9t, ha dolgozott. A munk\u00e1ra figyelt, hogy azt a lehet\u0151 legjobban elv\u00e9gezze, a fizets\u00e9get meg vitte haza a csal\u00e1dnak. Persze nemcsak a munka tartozott hozz\u00e1 az \u00e9letemhez. A baglyasi sz\u00ednj\u00e1tsz\u00f3 egyes\u00fcletnek h\u00edre, neve volt Tarj\u00e1nban, B\u00e1tonyban, P\u00e1lfalv\u00e1n, Etesen, Karancskesziben is. A csoportot Verle J\u00e1nos tan\u00edt\u00f3 \u00far vezette \u00e9s \u00e9n sz\u00edvesen voltam k\u00f6z\u00f6tt\u00fck. Szerettem a dalt, a zen\u00e9t, a t\u00e1ncot, meg a tr\u00e9f\u00e1t. A sz\u00ednj\u00e1tsz\u00f3 k\u00f6rben is a vid\u00e1m darabokat, az operetteket kedveltem. J\u00e1tszottam is j\u00f3 n\u00e9h\u00e1nyban, ha j\u00f3l eml\u00e9kszem sikerrel. Igaz, j\u00f3 partnereim voltak. T\u00f6bbek k\u00f6z\u00f6tt Bart\u00f3k Vic\u00e1val, Kiss Pist\u00e1val, Szigetv\u00e1ri Ic\u00e1val, Kulov\u00e1nyi S\u00e1rival, Prouza Tiborral \u00e9s Szilvai Ervinnel l\u00e9ptem sz\u00ednpadra. S volt egy igen j\u00f3 dalk\u00f6r\u00fcnk is, amelynek vezet\u0151je ugyancsak pedag\u00f3gus, K\u00e1rp\u00e1ti Ferenc volt. Annak is tagja voltam, j\u00f3l \u00e9rezt\u00fck egy\u00fctt magunkat. A kult\u00farh\u00e1z igazgat\u00f3ja, D\u00e1nieln\u00e9 Ponyi Nusika volt. Ez volt a sz\u00ednj\u00e1tsz\u00f3k\u00f6r, a dalosok otthona is. Amikor Nusik\u00e1t iskol\u00e1ra k\u00fcldt\u00e9k, a helyettes\u00edt\u00e9s\u00e9vel engem b\u00edztak meg. V\u00e1llaltam, de egy\u00e1ltal\u00e1n nem volt k\u00f6nny\u0171 a dolgom. Dolgoztam \u00e9s \u00e9p\u00edtkezni is kezdt\u00fcnk. \u00c9jjel kevert\u00fck a maltert \u00e9s amikor hazaj\u00f6ttem a munk\u00e1b\u00f3l, a k\u0151m\u0171ves nagyb\u00e1csimmal h\u00faztuk a falat. Rendesen v\u00e9geztem a munk\u00e1mat, fel\u00e9p\u00fclt a h\u00e1z \u00e9s a j\u00e1t\u00e9kos kedv\u00fcnk is megmaradt\u2026 Az\u00e9rt azt sajn\u00e1lom, hogy mindennek ma m\u00e1r v\u00e9ge, a sok \u00e9rt\u00e9knek ami itt Baglyason volt, ma m\u00e1r h\u0171lt helye. Ilyen volt a kaszin\u00f3 is, amiben a D\u00e9ryn\u00e9 Sz\u00ednh\u00e1z tany\u00e1zott egy id\u0151ben. Innen j\u00e1rtak el j\u00e1tszani a k\u00f6rnyez\u0151 telep\u00fcl\u00e9sekre, de nek\u00fcnk is tartottak el\u0151ad\u00e1st. Mind\u00edg sok n\u00e9z\u0151j\u00fck volt. Hi\u00e1nyzik a kisvillamos, amely v\u00e9gigfutott Baglyason \u00e9s ment eg\u00e9szen Guszt\u00e1v-akn\u00e1ig, Karancskesziig. A b\u00e1nya megsz\u0171nt, nem volt m\u00e1r sz\u00fcks\u00e9g r\u00e1. Mint ahogy azokra az emberekre sem, akik a b\u00e1ny\u00e1n\u00e1l dolgoztak. M\u00e1sutt kerestek maguknak munk\u00e1t, mert abb\u00f3l szerettek volna meg\u00e9lni, tisztess\u00e9gesen eltartani a csal\u00e1djukat, ami\u00e9rt megdolgoztak.<\/p>\n<p style=\"text-align: center;\"><a href=\"http:\/\/baglyasalja.hu\/baglyas\/?page_id=24\">VISSZA<\/a><\/p>\n","protected":false},"excerpt":{"rendered":"<p>Itt akkoriban el\u00e9g mozgalmas volt az \u00e9let. Ehhez hozz\u00e1j\u00e1rult az is, hogy volt egy italm\u00e9r\u00e9s\u00fcnk, ink\u00e1bb vend\u00e9gl\u0151, amelyet \u00e9desany\u00e1m vezetett. A h\u00e1bor\u00fa ut\u00e1n bizony csak erre sz\u00e1m\u00edthattunk. \u00dagy ind\u00edtottuk \u00fajra, hogy nekem volt egy&#46;&#46;&#46;<\/p>\n","protected":false},"author":1,"featured_media":0,"parent":18,"menu_order":0,"comment_status":"open","ping_status":"open","template":"","meta":{"footnotes":""},"class_list":["post-45","page","type-page","status-publish","hentry"],"_links":{"self":[{"href":"http:\/\/www.baglyasalja.hu\/baglyas\/index.php?rest_route=\/wp\/v2\/pages\/45","targetHints":{"allow":["GET"]}}],"collection":[{"href":"http:\/\/www.baglyasalja.hu\/baglyas\/index.php?rest_route=\/wp\/v2\/pages"}],"about":[{"href":"http:\/\/www.baglyasalja.hu\/baglyas\/index.php?rest_route=\/wp\/v2\/types\/page"}],"author":[{"embeddable":true,"href":"http:\/\/www.baglyasalja.hu\/baglyas\/index.php?rest_route=\/wp\/v2\/users\/1"}],"replies":[{"embeddable":true,"href":"http:\/\/www.baglyasalja.hu\/baglyas\/index.php?rest_route=%2Fwp%2Fv2%2Fcomments&post=45"}],"version-history":[{"count":0,"href":"http:\/\/www.baglyasalja.hu\/baglyas\/index.php?rest_route=\/wp\/v2\/pages\/45\/revisions"}],"up":[{"embeddable":true,"href":"http:\/\/www.baglyasalja.hu\/baglyas\/index.php?rest_route=\/wp\/v2\/pages\/18"}],"wp:attachment":[{"href":"http:\/\/www.baglyasalja.hu\/baglyas\/index.php?rest_route=%2Fwp%2Fv2%2Fmedia&parent=45"}],"curies":[{"name":"wp","href":"https:\/\/api.w.org\/{rel}","templated":true}]}}