{"id":43,"date":"2008-04-24T15:47:52","date_gmt":"2008-04-24T13:47:52","guid":{"rendered":"http:\/\/baglyasalja.hu\/baglyas\/?page_id=49"},"modified":"2008-04-24T15:47:52","modified_gmt":"2008-04-24T13:47:52","slug":"roka-janosne","status":"publish","type":"page","link":"http:\/\/www.baglyasalja.hu\/baglyas\/?page_id=43","title":{"rendered":"R\u00f3ka J\u00e1nosn\u00e9"},"content":{"rendered":"<p class=\"MsoNormal\" style=\"margin-left: 15px; margin-right: 15px;\" align=\"center\"><a name=\"roka\"> <img loading=\"lazy\" decoding=\"async\" src=\"..\/..\/web\/tortenet_elemei\/foto\/emb25.jpg\" border=\"0\" alt=\"\" width=\"325\" height=\"450\" \/><\/a><\/p>\n<p>&#8211; Mihez kezdhetett egy fiatal, ha t\u00f6rt\u00e9netesen le\u00e1ny volt? &#8211; Akkor nem volt olyan divat, hogy a l\u00e1nyokat is iskol\u00e1ztass\u00e1k. A fi\u00fakat igen. Az \u00f6cs\u00e9m is j\u00e1rt polg\u00e1riba. Meg azt\u00e1n annyira nem is ment j\u00f3l nek\u00fcnk, hogy tanittassanak. A l\u00e1nyok azok dolgoztak a gy\u00e1rban. A hugom is, de \u00e9n Angyal\u00e9kn\u00e1l voltam. Anyuka meg Angyal Mariska n\u00e9ni testv\u00e9rek voltak. Gyerek\u00fck nem sz\u00fcletett, volt egy kis \u00fczlet\u00fck \u00e9s \u00e9n nagyon kellettem oda. Ahogy kil\u00e9ptem az iskolakapun, m\u00e1r be is \u00e1lltam hozz\u00e1juk az \u00fczletbe. &#8211; Kik v\u00e1s\u00e1roltak a boltban? &#8211; A b\u00e1ny\u00e1szasszonyok, a gy\u00e1ri munk\u00e1sfeles\u00e9gek, sokan v\u00e1s\u00e1roltak n\u00e1lunk. Ha elfogyott a p\u00e9nz\u00fck, akkor adtunk hitelbe. Minden k\u00e9t h\u00e9tben volt fizet\u00e9s \u00e9s j\u00f6ttek megadni a tartoz\u00e1st. A vil\u00e1gon mindent \u00e1rultunk, csak italt nem\u2026 ruh\u00e1t, \u00e9lelmet, z\u00f6lds\u00e9gf\u00e9l\u00e9t, ami a h\u00e1zhoz kellett. &#8211; Nem fizettek r\u00e1? &#8211; Nemigen. J\u00f3raval\u00f3 n\u00e9pek voltak, fizettek rendesen. &#8211; Dolgoztak \u00e9s k\u00e9sz\u00fcltek a f\u00e9rjhezmen\u00e9sre. Ez volt a l\u00e1nyok sorsa? &#8211; \u00edgy valahogy. Otthon dolgoztuk a kertet, ha kap\u00e1lni kellett azt csin\u00e1ltuk, f\u0151zt\u00fcnk, varrtunk, k\u00e9zimunk\u00e1ztunk. Megcsin\u00e1ltunk mindent. Az \u00e9n any\u00e1m minden \u00e9vben hizlalt k\u00e9t diszn\u00f3t, volt el\u00e9g sok zs\u00edr, h\u00fas is. F\u0151zt\u00fck a babot f\u00fcst\u00f6lt h\u00fassal, a k\u00e1poszt\u00e1t f\u00fcst\u00f6lt h\u00fassal. Akkor m\u00e9g nem volt h\u0171t\u0151, m\u00e1sk\u00e9pp meg nem \u00e1llt el a h\u00fas, csak ha felf\u00fcst\u00f6lt\u00fck. A l\u00e1nyokat kicsi korukt\u00f3l kezdve gazdasszonynak nevelt\u00e9k. M\u00e9g csak 12 \u00e9ves voltam, de anyuk\u00e1m m\u00e1r szedni kezdte a staf\u00edrungot\u2026 &#8211; Sok mindent kapott? &#8211; Hat p\u00e1rn\u00e1t kaptam, k\u00e9t dunn\u00e1t, r\u00e1 \u00f6t \u00e1gyhuzatot. Leped\u0151t is kaptam vagy tizenhatot. B\u00fatort is vettek a legt\u00f6bb l\u00e1nynak, ha f\u00e9rjhezadt\u00e1k. Ed\u00e9nyeket is kaptam. Nem mondom, hogy mit tudom \u00e9n mennyit, de annyi volt, hogy meg tudjak f\u0151zni az uramnak. Voltak, akiknek nagy lakodalmat csaptak. De olyanok is, akik azt gondolt\u00e1k, nem kell a nagy lakodalom, ink\u00e1bb vesznek a p\u00e9nzen azt, ami a h\u00e1ztart\u00e1shoz sz\u00fcks\u00e9ges. &#8211; Gyorsan kider\u00fclt, ha egy elad\u00f3 l\u00e1nyra szemet vetett valamelyik leg\u00e9ny? &#8211; Ki bizony. K\u00eds\u00e9rgette, tette neki a sz\u00e9pet. Ha j\u00f6tt a m\u00e1jus, az iparos fi\u00fak nem az erd\u0151b\u0151l v\u00e1gt\u00e1k a m\u00e1jf\u00e1t, hanem vir\u00e1got vittek, meg \u00e9jjeli zen\u00e9t adtak a l\u00e1nyinak. \u00c9n is kaptam \u00e9jjeli zen\u00e9t. H\u00fasv\u00e9tkor a fi\u00fak meg a csal\u00e1dtagok j\u00f6ttek locsolni a l\u00e1nyokat. Ha valakinek tetszett egy l\u00e1ny, elment meg\u00f6nteni\u2026 &#8211; Mib\u0151l \u00e1llt a fiatalok sz\u00f3raboz\u00e1sa, hogy telt el a szabadid\u0151? &#8211; Hogy mivel sz\u00f3rakoztunk? Minden vas\u00e1rnap ment\u00fcnk a moziba. Hozt\u00e1k a r\u00e9gi j\u00f3 magyar filmeket\u2026 A nagyobb \u00fcnnepeken b\u00e1l volt a kaszin\u00f3ban, farsangkor, husv\u00e9tkor, szilveszterkor\u2026 Tele volt a nagyterem, amikor fell\u00e9ptek a helybeli sz\u00ednj\u00e1tsz\u00f3k. M\u00e9g sokan kint is \u00e1lltak. &#8211; A templom is \u00edgy megtelt? Vall\u00e1sosan voltak a baglvasiak? &#8211; Dubovszky, az igazgat\u00f3 is j\u00e1rt a templomba a csal\u00e1dj\u00e1val egy\u00fctt. Akkor nem tiltott\u00e1k, akinek ideje volt, az elment a mis\u00e9re. Baglyasnak volt saj\u00e1t Papja, a templom mellett lakott. Somoske\u00f6y is, el\u0151tte meg M\u00e1csai. &#8211; A papot a falu tartotta el? &#8211; A b\u00e1nya. A templomot is a b\u00e1nya \u00e9p\u00edttette. Nem eml\u00e9kszem, hogy p\u00e9nzt k\u00e9rtek volna r\u00e1 valakit\u0151l. A bels\u0151 d\u00edsz\u00edt\u00e9sre m\u00e1r k\u00e9rtek, meg a kivil\u00e1g\u00edt\u00e1shoz. Voltak n\u00e1lunk is, Lajos b\u00e1csi is adott. &#8211; A templom, az iskol\u00e1k, a munk\u00e1slak\u00e1sok mellett ott volt a tisztisor. &#8211; Azt is a b\u00e1nya \u00e9p\u00edttette tisztvisel\u0151inek. Tan\u00e1rok, orvosok, m\u00e9rn\u00f6k\u00f6k laktak ott. B\u00f3th\u00e9t, Cs\u00e1sz\u00e1r\u00e9k, Martiny\u00e9k. A h\u00e1bor\u00fa ut\u00e1n volt aki elmenek\u00fclt innen, volt akit kiraktak a lak\u00e1s\u00e1b\u00f3l, elfoglalt\u00e1k m\u00e1sok. B\u00e1ny\u00e1szok, a baglvasi vezet\u0151emberek. Akadt olyan is, aki a b\u00fatort sem adta vissza a tulajdonos\u00e1nak. &#8211; Mi lett az Angyal Lajos \u00fczlet\u00e9vel? &#8211; Mi lett volna? Azt is elvett\u00e9k. Amikor m\u00e1r kezdt\u00fcnk valahogy helyrej\u00f6nni, \u00e1rut is siker\u00fclt szerezn\u00fcnk, elvett\u00e9k. A berendez\u00e9st elvitt\u00e9k Guszt\u00e1vra, de nem f\u00e9rt be sehov\u00e1. Ott ment t\u00f6nkre az udvaron. Semmit sem kaptak \u00e9rte, sem az \u00fczlet\u00e9rt. Lajos b\u00e1csi m\u00e1r id\u0151s volt, de kor\u00e1bban dolgozott a b\u00e1ny\u00e1ban, meg gy\u00e1rban is. Valami kev\u00e9s nyugd\u00edjat kapott. Pedig mi m\u00e9g a h\u00e1bor\u00fa alatt sem z\u00e1rtuk he a boltot. Kenyeret, lisztet \u00e1rultunk, meg amit szerezni lehetett, vagy hozott a jegyz\u0151\u2026<br \/>\n<a href=\"..\/?page_id=24\"><\/a><\/p>\n<p style=\"text-align: center;\"><a href=\"http:\/\/baglyasalja.hu\/baglyas\/?page_id=24\">VISSZA<\/a><\/p>\n","protected":false},"excerpt":{"rendered":"<p>&#8211; Mihez kezdhetett egy fiatal, ha t\u00f6rt\u00e9netesen le\u00e1ny volt? &#8211; Akkor nem volt olyan divat, hogy a l\u00e1nyokat is iskol\u00e1ztass\u00e1k. A fi\u00fakat igen. Az \u00f6cs\u00e9m is j\u00e1rt polg\u00e1riba. Meg azt\u00e1n annyira nem is ment&#46;&#46;&#46;<\/p>\n","protected":false},"author":1,"featured_media":0,"parent":18,"menu_order":0,"comment_status":"open","ping_status":"open","template":"","meta":{"footnotes":""},"class_list":["post-43","page","type-page","status-publish","hentry"],"_links":{"self":[{"href":"http:\/\/www.baglyasalja.hu\/baglyas\/index.php?rest_route=\/wp\/v2\/pages\/43","targetHints":{"allow":["GET"]}}],"collection":[{"href":"http:\/\/www.baglyasalja.hu\/baglyas\/index.php?rest_route=\/wp\/v2\/pages"}],"about":[{"href":"http:\/\/www.baglyasalja.hu\/baglyas\/index.php?rest_route=\/wp\/v2\/types\/page"}],"author":[{"embeddable":true,"href":"http:\/\/www.baglyasalja.hu\/baglyas\/index.php?rest_route=\/wp\/v2\/users\/1"}],"replies":[{"embeddable":true,"href":"http:\/\/www.baglyasalja.hu\/baglyas\/index.php?rest_route=%2Fwp%2Fv2%2Fcomments&post=43"}],"version-history":[{"count":0,"href":"http:\/\/www.baglyasalja.hu\/baglyas\/index.php?rest_route=\/wp\/v2\/pages\/43\/revisions"}],"up":[{"embeddable":true,"href":"http:\/\/www.baglyasalja.hu\/baglyas\/index.php?rest_route=\/wp\/v2\/pages\/18"}],"wp:attachment":[{"href":"http:\/\/www.baglyasalja.hu\/baglyas\/index.php?rest_route=%2Fwp%2Fv2%2Fmedia&parent=43"}],"curies":[{"name":"wp","href":"https:\/\/api.w.org\/{rel}","templated":true}]}}