{"id":42,"date":"2008-04-24T15:46:51","date_gmt":"2008-04-24T13:46:51","guid":{"rendered":"http:\/\/baglyasalja.hu\/baglyas\/?page_id=48"},"modified":"2008-04-24T15:46:51","modified_gmt":"2008-04-24T13:46:51","slug":"rideg-janos","status":"publish","type":"page","link":"http:\/\/www.baglyasalja.hu\/baglyas\/?page_id=42","title":{"rendered":"Rideg J\u00e1nos"},"content":{"rendered":"<p class=\"MsoNormal\" style=\"margin-left: 15px; margin-right: 15px;\" align=\"center\"><a name=\"rideg\"> <img loading=\"lazy\" decoding=\"async\" src=\"..\/..\/web\/tortenet_elemei\/foto\/emb24.jpg\" border=\"0\" alt=\"\" width=\"450\" height=\"380\" \/><\/a><\/p>\n<p>Karancslejt\u0151s\u00f6n nem voltak m\u00e9g g\u00e9pek, amelyek seg\u00edtett\u00e9k volna. Huszas, harmincas lejt\u0151k\u00f6n k\u00e9zzel-v\u00e1llal toltuk a megrakott csill\u00e9ket. Az ereszt\u00e9kben v\u00edzben \u00e1lltunk. Fatalp\u00fa bakancsunk volt \u00e9s n\u00e9melyik\u00fcnk\u00f6n olyan rongyos, foltos nadr\u00e1g, hogy az asszonyok m\u00e1r nem tudt\u00e1k r\u00e1tenni a k\u00f6vetkez\u0151 foltdarabot. A b\u00e1nya vezet\u0151i sem siettek, hogy k\u00f6nny\u00edtsenek helyzet\u00fcnk\u00f6n. K\u00fcl\u00f6n\u00f6sen Szepesi b\u00e1nyamester bizonygatta l\u00e9pten-nyomon, hogy hatalma van felett\u00fcnk. Kisvas\u00fat vitt benn\u00fcnket a b\u00e1ny\u00e1ba, k\u00e9t hegybe v\u00e1jt alag\u00faton \u00e1t. Ha a villamos nem kapott \u00e1ramot, a b\u00e1nyamestert csill\u00e9ben kellett hazatolnunk Baglyasra. N\u00e9h\u00e1nyszor sorra ker\u00fcltem \u00e9n is. De egyszer rettenetesen elf\u00e1radtam, 26 csill\u00e9t raktam meg egy m\u0171szak alatt \u00e9s nemet mondtam. Mire k\u00f6r\u00fcln\u00e9ztem, m\u00e1r kint a sz\u00e1ll\u00edt\u00f3kn\u00e1l, az uras\u00e1giban tal\u00e1ltam magam. A sz\u00e1ll\u00edt\u00e1st m\u00e9g a felvid\u00e9kr\u0151l j\u00f6tt b\u00e1ny\u00e1szok nevezt\u00e9k el uras\u00e1ginak, mert ott nem volt olyan neh\u00e9z a munka, mint a sz\u00e9n mellett. No Szepesi ott is tartott j\u00f3 f\u00e9l esztendeig. De nem \u00e9rte be azzal, hogy az 5-6 peng\u0151 helyett amit a csapaton kerestem, j\u00f3 ha \u00f6sszej\u00f6tt kett\u0151. Amikor csak arra j\u00e1rt, bel\u00e9m k\u00f6t\u00f6tt. Gondolom, azt akarta hallani, tudom-e m\u00e1r, mi\u00e9rt vett ki a csapatb\u00f3l? Sz\u00f3tlanul t\u0171rtem a leck\u00e9ztet\u00e9st, de egyszer csak r\u00e1sz\u00e1ntam magam a v\u00e1laszra: minden\u00fctt embernek kell lenni! &#8211; Mindezek ellen\u00e9re a legt\u00f6bben m\u00e9gis csak ragaszkodtak a b\u00e1ny\u00e1hoz. Ahogy mondta, m\u00e9g sokan azok is, akiket a f\u00f6ld eltartott volna. &#8211; Ragaszkodtam hozz\u00e1 magam is. A b\u00e1nya viszonylag biztos munk\u00e1t, keresetet jelentett. Csill\u00e9sk\u00e9nt kezdtem a b\u00e1ny\u00e1szkod\u00e1st \u00e9s 300 m\u0171szakot kellett \u00edgy ledolgoznom. Amikor m\u00e1r 600 m\u0171szak volt m\u00f6g\u00f6ttem, v\u00e1j\u00e1rvizsg\u00e1t tettem. A v\u00e1j\u00e1rok 8 peng\u0151 k\u00f6r\u00fcl kerestek akkor, a seg\u00e9d v\u00e1j\u00e1rok ennek 90, a csill\u00e9sek pedig 80 sz\u00e1zal\u00e9k\u00e1t kapt\u00e1k. Szigor\u00faan ellen\u0151rizt\u00e9k, h\u00e1ny m\u00e9tert hajtottunk ki, h\u00e1ny csille szenet k\u00fcldt\u00fcnk a felsz\u00ednre \u00e9s ezut\u00e1n fizettek. A b\u00e1nya lak\u00e1st adott a dolgoz\u00f3knak. Mi is \u00edgy kaptunk fenn az Andre\u00e1n, a Temet\u0151 \u00faton egy szob\u00e1t. Amikor lej\u00f6tt\u00fcnk a S\u00e1ra-telepre, akkor m\u00e1r rendes szoba, konyh\u00e1s, spajzos lak\u00e1sunk volt. A vil\u00e1g\u00edt\u00e1s\u00e9rt nem kellett fizetn\u00fcnk \u00e9s havonta egy csille sz\u00e9n is j\u00e1rt. A b\u00e1nya Baglyason k\u00f3rh\u00e1zat is fenntartott. A k\u00f6rny\u00e9kbeli k\u00f6zs\u00e9gekb\u0151l is mind idehozt\u00e1k a beteg b\u00e1ny\u00e1szokat, hozz\u00e1tartoz\u00f3ikat. Egyszer \u00e9n is fek\u00fcdtem ott k\u00e9t h\u00e9tig, a beteg derekammal. Szkics\u00e1k Ferenc, majd Mosonyi L\u00e1szl\u00f3 volt a f\u0151orvos. Eg\u00e9szen 1944-ig gy\u00f3gy\u00edtottak a k\u00f3rh\u00e1zban, de a n\u00e9metek ki\u00fcr\u00edtett\u00e9k \u00e9s a folyos\u00f3ra, a k\u00f3rtermekbe lovakat k\u00f6t\u00f6ttek. &#8211; Ma is sokan emlegetik, hogy a b\u00e1nya tetemes mennyis\u00e9g\u0171 p\u00e9nzt k\u00f6lt\u00f6tt a m\u0171vel\u0151d\u00e9sre, a sz\u00f3rakoz\u00e1sra, a sportra. A kaszin\u00f3ban mindig t\u00f6rt\u00e9nt valami eml\u00edt\u00e9sre m\u00e9lt\u00f3. &#8211; A kaszin\u00f3t is a b\u00e1nya \u00e9p\u00edtette. Iparos, b\u00e1ny\u00e1sz, tisztvisel\u0151i k\u00f6r m\u0171k\u00f6d\u00f6tt benne. Mi t\u00f6bbnyire a h\u00e9tv\u00e9geken j\u00f6tt\u00fcnk \u00f6ssze, bili\u00e1rdozni, k\u00e1rty\u00e1zni meg besz\u00e9lgetni, a munk\u00e1r\u00f3l, az \u00e9let\u00fcnkr\u0151l. Mozi volt, az eg\u00e9sz Karancs-v\u00f6lgyb\u0151l hozta a n\u00e9z\u0151ket a kisvillamos. A legjobb helyeket mind\u00edg fenntartott\u00e1k a tisztvisel\u0151knek. Addig nem kezdt\u00e9k el a vet\u00edt\u00e9st, m\u00e9g az igazgat\u00f3, vagy a f\u0151m\u00e9rn\u00f6k nem foglalta el a hely\u00e9t. El\u0151tte Kazareczki J\u00f3zsi b\u00e1csi, egy nagy permetez\u0151vel friss illatot sz\u00f3rt sz\u00e9t a teremben. A nagyobb \u00fcnnepek, mint a kar\u00e1csony, a h\u00fasv\u00e9t nem m\u00faltak el a sz\u00ednj\u00e1tsz\u00f3k fell\u00e9p\u00e9se n\u00e9lk\u00fcl. de megadt\u00e1k a m\u00f3dj\u00e1t az olyan jeles napoknak is, mint a farsang Egy rossz b\u00e1ny\u00e1sznadr\u00e1got meg kab\u00e1tot kit\u00f6mtek szalm\u00e1val, a b\u00e1but elnevezt\u00e9k Porjadk\u00e1s Pist\u00e1nak \u00e9s eltemett\u00e9k pappal, k\u00e1ntorral, sirat\u00f3asszonyokkal. Az\u00e9rt, mert a b\u00e1nya nem tudta eladni a szenet, amikor s b\u00e1ny\u00e1szokat szabads\u00e1gra, \u201eporjadk\u00e1ra\u201d k\u00fcldt\u00e9k, sokan munka n\u00e9lk\u00fcl maradtak. Az emberek ki\u00e1lltak a kapuba n\u00e9zni a temet\u00e9si menetet, de addig az \u00f6rd\u00f6gnek \u00f6lt\u00f6z\u00f6tt Klakacsovnik Vince belop\u00f3dzott az udvarba \u00e9s mind \u00f6sszeszedte a toj\u00e1sokat az \u00f3lakb\u00f3l. Ut\u00e1na azt\u00e1n alig tudott megszabadulni a sok ty\u00faktet\u0171t\u0151l. \u00c9p\u00edtettek itt sportp\u00e1ly\u00e1t, \u00f6lt\u00f6z\u0151t a b\u00e1nya t\u00e1mogat\u00e1s\u00e1val. A labdar\u00fag\u00f3k mind munk\u00e1t kaptak. Jobb\u00e1ra a kisvas\u00faton voltak vonatk\u00eds\u00e9r\u0151k, de \u00f6r\u00fcltek, hogy dolgozhattak. Volt tekep\u00e1lya is, k\u00fcl\u00f6n a munk\u00e1soknak, az altiszteknek \u00e9s a tisztvisel\u0151knek.<\/p>\n<p>&#8211; A b\u00e1ny\u00e1szok ellen\u00e1ll\u00e1s\u00e1t Karancslejt\u0151s\u00f6n m\u00e1r feln\u0151ttk\u00e9nt \u00e9lte meg. &#8211; Igen, ott voltam k\u00f6z\u00f6tt\u00fck. A b\u00e1ny\u00e1t le\u00e1ll\u00edtott\u00e1k 1944-ben, mert k\u00f6zeledett a front, benn\u00fcnket meg Apc-Zagyvasz\u00e1nt\u00f3ra ir\u00e1ny\u00edtottak tankcsapd\u00e1t \u00e1sni. Kozik Feri b\u00e1csi csapatvezet\u0151 v\u00e1j\u00e1r volt \u00e9s azt tan\u00e1csolta, ne menj\u00fcnk sehov\u00e1. Vonuljunk le a b\u00e1ny\u00e1ba \u00e9s ott v\u00e1rjuk meg a V\u00f6r\u00f6s Hadsereget. \u00cdgy is tett\u00fcnk november 23-\u00e1n. Tal\u00e1n egy-k\u00e9t nap telt el, amikor J\u00e1mbor f\u0151m\u00e9rn\u00f6k j\u00f6tt, hogy jobb bel\u00e1t\u00e1sra b\u00edrjon benn\u00fcnket. De akkor mi m\u00e1r elsz\u00e1ntuk magunkat \u00e9s dolgav\u00e9gezetlen\u00fcl t\u00e1vozott. Vagy 20-22 katona j\u00f6tt hozz\u00e1nk, fegyvereket hoztak, k\u00e9zigr\u00e1n\u00e1tokat. Mi meg robban\u00f3gyutacsokat csin\u00e1ltunk \u00e9s \u0151rs\u00e9get \u00e1ll\u00edtottunk, nehogy meglepjenek benn\u00fcnket. Amikor semmif\u00e9le alkura nem voltunk hajland\u00f3k, a csend\u0151r\u00f6k, a n\u00e9metek kem\u00e9nyebbek lettek. \u00d6sszeszedt\u00e9k a telepi asszonyokat \u00e9s azokat maguk el\u0151tt hajtva nyomultak a b\u00e1ny\u00e1ba. Az \u0151rs\u00e9g a leveg\u0151be l\u0151tt \u00e9s a betolakod\u00f3k hanyatt-homlok menek\u00fcltek kifel\u00e9. Azt\u00e1n bedeszk\u00e1zt\u00e1k a b\u00e1nyabej\u00e1ratot, k\u00f6nnyg\u00e1zt engedtek r\u00e1nk \u00e9s m\u00e9g s\u00falyosabb dologgal is fenyegettek. A b\u00e1ny\u00e1ban meg egyre fogyott a a keny\u00e9r, a v\u00edz \u00e9s a leveg\u0151 is. Kij\u00f6tt\u00fcnk. &#8211; Hogyan fogadt\u00e1k a \u201emegt\u00e9r\u0151ket\u201d? &#8211; A v\u00f6lgy tele volt n\u00e9metekkel, csend\u0151r\u00f6kkel. H\u00e1rom embert mindj\u00e1rt agyonl\u0151ttek ott a b\u00e1nya bej\u00e1rat\u00e1n\u00e1l. Benn\u00fcnket meg, voltunk tal\u00e1n h\u00e1romsz\u00e1zan is, behajtottak Tarj\u00e1nba a laktany\u00e1ba \u00e9s megkezdt\u00e9k a kihallgat\u00e1sunkat. Mindennel pr\u00f3b\u00e1lkoztak, ver\u00e9ssel, sz\u00e9p sz\u00f3val, de nem jutottak semmire. Felaj\u00e1nlott\u00e1k, hogy aki be\u00e1ll a Hunyadi-p\u00e1nc\u00e9losokhoz, azonnal hazaengedik. Egyetlen ember sem jelentkezett. A front er\u0151sen k\u00f6zeledett, a sorozatos l\u00e9git\u00e1mad\u00e1sok a n\u00e9meteket menek\u00fcl\u00e9sre k\u00e9sztett\u00e9k, mi a csend\u0151r\u00f6kkel maradtunk. De el\u0151bb m\u00e9g a laktanya udvar\u00e1n kiv\u00e9geztek 4 embert, Machiny\u00e1k J\u00f3sk\u00e1\u00e9kat. V\u00e9g\u00fcl a csend\u0151r\u00f6k elengedtek benn\u00fcnket, de a lelk\u00fcnkre k\u00f6t\u00f6tt\u00e9k, hogy stat\u00e1rium van, Sz\u00e9cs\u00e9nyben kell jelentkezn\u00fcnk katonai szolg\u00e1latra. Sokan, a s\u00f3gorom, Kakuk Pista, meg \u00e9n is a Guszt\u00e1v-aknai erd\u0151kben bujk\u00e1ltunk. K\u00e9s\u0151bb visszament\u00fcnk a b\u00e1ny\u00e1ba \u00e9s ott v\u00e1rtuk meg az orosz csapatokat. &#8211; Azt\u00e1n el\u00e9rkezett a h\u00e1bor\u00fa v\u00e9ge, a v\u00e1rt v\u00e1ltoz\u00e1sokkal. &#8211; Nek\u00fcnk a v\u00e1ltoz\u00e1s felszabadul\u00e1s volt, sok-sok munk\u00e1val. A n\u00e9metek a b\u00e1ny\u00e1kat t\u00f6nkretett\u00e9k, elvitt\u00e9k a g\u00e9peket, mindent el\u00f6nt\u00f6tt a v\u00edz. Ezt pr\u00f3b\u00e1ltuk helyrehozni, meg a felrobbantott vas\u00fati p\u00e1ly\u00e1kat, a hidakat. Minden nap \u00f6sszeszedt\u00e9k az embereket munk\u00e1ra. Mentem \u00e9n is, a vas\u00fat baloldali r\u00e9sz\u00e9t szegeltem a p\u00e1lfalvai temet\u0151t\u0151l eg\u00e9szen Baglyasig. Amikor az \u00f6reg Szabados felsz\u00e1llt az els\u0151 mozdonyra, amelyet a sz\u00e9tszaggatott talpf\u00e1kkal f\u0171t\u00f6tt \u00e9s bep\u00f6f\u00f6g\u00f6tt a nagy\u00e1llom\u00e1sra, csak n\u00e9zt\u00fck \u0151t, megsz\u00f3lalni sem tudtunk. Mindny\u00e1junkban fel\u00e9bredt a rem\u00e9ny, hogy \u00fajb\u00f3l megindul az \u00e9let. Helyrehoztuk a b\u00e1ny\u00e1kat \u00e9s Karancslejt\u0151s\u00f6n maradtam eg\u00e9szen a bez\u00e1r\u00e1s\u00e1ig. K\u00f6zben tanultam, 1969-t\u0151l akn\u00e1sz voltam, m\u00e1r nyugd\u00edjba is \u00edgy mentem el.<\/p>\n<p style=\"text-align: center;\"><a href=\"http:\/\/baglyasalja.hu\/baglyas\/?page_id=24\">VISSZA<\/a><\/p>\n","protected":false},"excerpt":{"rendered":"<p>Karancslejt\u0151s\u00f6n nem voltak m\u00e9g g\u00e9pek, amelyek seg\u00edtett\u00e9k volna. Huszas, harmincas lejt\u0151k\u00f6n k\u00e9zzel-v\u00e1llal toltuk a megrakott csill\u00e9ket. Az ereszt\u00e9kben v\u00edzben \u00e1lltunk. Fatalp\u00fa bakancsunk volt \u00e9s n\u00e9melyik\u00fcnk\u00f6n olyan rongyos, foltos nadr\u00e1g, hogy az asszonyok m\u00e1r nem&#46;&#46;&#46;<\/p>\n","protected":false},"author":1,"featured_media":0,"parent":18,"menu_order":0,"comment_status":"open","ping_status":"open","template":"","meta":{"footnotes":""},"class_list":["post-42","page","type-page","status-publish","hentry"],"_links":{"self":[{"href":"http:\/\/www.baglyasalja.hu\/baglyas\/index.php?rest_route=\/wp\/v2\/pages\/42","targetHints":{"allow":["GET"]}}],"collection":[{"href":"http:\/\/www.baglyasalja.hu\/baglyas\/index.php?rest_route=\/wp\/v2\/pages"}],"about":[{"href":"http:\/\/www.baglyasalja.hu\/baglyas\/index.php?rest_route=\/wp\/v2\/types\/page"}],"author":[{"embeddable":true,"href":"http:\/\/www.baglyasalja.hu\/baglyas\/index.php?rest_route=\/wp\/v2\/users\/1"}],"replies":[{"embeddable":true,"href":"http:\/\/www.baglyasalja.hu\/baglyas\/index.php?rest_route=%2Fwp%2Fv2%2Fcomments&post=42"}],"version-history":[{"count":0,"href":"http:\/\/www.baglyasalja.hu\/baglyas\/index.php?rest_route=\/wp\/v2\/pages\/42\/revisions"}],"up":[{"embeddable":true,"href":"http:\/\/www.baglyasalja.hu\/baglyas\/index.php?rest_route=\/wp\/v2\/pages\/18"}],"wp:attachment":[{"href":"http:\/\/www.baglyasalja.hu\/baglyas\/index.php?rest_route=%2Fwp%2Fv2%2Fmedia&parent=42"}],"curies":[{"name":"wp","href":"https:\/\/api.w.org\/{rel}","templated":true}]}}