{"id":41,"date":"2008-04-24T15:45:57","date_gmt":"2008-04-24T13:45:57","guid":{"rendered":"http:\/\/baglyasalja.hu\/baglyas\/?page_id=47"},"modified":"2008-04-24T15:45:57","modified_gmt":"2008-04-24T13:45:57","slug":"prouza-tibor","status":"publish","type":"page","link":"http:\/\/www.baglyasalja.hu\/baglyas\/?page_id=41","title":{"rendered":"Prouza Tibor"},"content":{"rendered":"<p class=\"MsoNormal\" style=\"margin-left: 15px; margin-right: 15px;\" align=\"center\"><a name=\"prouza\"> <img loading=\"lazy\" decoding=\"async\" src=\"..\/..\/web\/tortenet_elemei\/foto\/emb23.jpg\" border=\"0\" alt=\"\" width=\"450\" height=\"382\" \/><\/a><\/p>\n<p>Baglyasalja \u00e9rdekes szerkezet\u0171 telep\u00fcl\u00e9s volt. A S\u00e1ratelept\u0151l lefel\u00e9 &#8211; Salg\u00f3tarj\u00e1n fel\u00e9 &#8211; a sz\u00e9noszt\u00e1lyoz\u00f3 k\u00f6rny\u00e9k\u00e9n sorakoztak a rakod\u00f3i b\u00e1ny\u00e1szlak\u00e1sok, a tiszti h\u00e1zak. Att\u00f3l felfel\u00e9, a telep\u00fcl\u00e9s m\u00e1sik v\u00e9g\u00e9t Brenzalj\u00e1nak h\u00edvt\u00e1k. A telep bizony\u00e1ra onnan kapta a nev\u00e9t, hogy az Andr\u00e1s-akna medd\u0151j\u00e9t, a \u201ebrenzet\u201d a telep v\u00e9g\u00e9re hordt\u00e1k. Kisebb telepek voltak m\u00e9g Katalin- \u00e9s Albert-akn\u00e1n\u00e1l is. A k\u00e9t nagyobb b\u00e1nyatelep k\u00f6z\u00f6tt h\u00faz\u00f3dott a falu. Ha az emberek v\u00e9gigmentek az utc\u00e1n \u00e9s tal\u00e1lkoztak valakivel, mind\u00edg volt egy-k\u00e9t j\u00f3 szavuk egym\u00e1shoz. J\u00f3form\u00e1n mindenki ismerte a m\u00e1sikat. A telep\u00fcl\u00e9s \u00e9let\u00e9ben a meghat\u00e1roz\u00f3 a b\u00e1nya volt. Nem csak munk\u00e1t, k\u00fcl\u00f6nf\u00e9le kedvezm\u00e9nyeket is adott a dolgoz\u00f3knak. Az \u00e9lelemt\u00e1rban k\u00f6nyvre v\u00e9teleztek az asszonyok, a p\u00e9nzt a h\u00f3nap v\u00e9g\u00e9n levont\u00e1k a fizet\u00e9sb\u0151l. A salg\u00f3tarj\u00e1ni nagy \u00e9lelemt\u00e1rban ruhanem\u0171t is v\u00e1s\u00e1rolhattak hitelre. Szenet kaptak a b\u00e1ny\u00e1szok, s a b\u00e1nyaigazgat\u00f3s\u00e1g k\u00e9t iskol\u00e1t is fenntartott \u00e9s iskol\u00e1ja volt a falunak. A b\u00e1ny\u00e1hoz hozz\u00e1tartozott a kisvas\u00fat. P\u00e1ly\u00e1it f\u00fczesabonyi vas\u00fati munk\u00e1sok tartott\u00e1k rendbe. \u0150k a sz\u00e9nrakod\u00f3n egy barakkban laktak. Nemcsak a helyi b\u00e1ny\u00e1kb\u00f3l, a k\u00f6rnyez\u0151 telep\u00fcl\u00e9sekr\u0151l is a kisvas\u00faton sz\u00e1ll\u00edtott\u00e1k a szenet a baglyasi rakod\u00f3ra. Csak az \u00e9rdekess\u00e9g kedv\u00e9\u00e9rt eml\u00edtem, hogy Karancslejt\u0151s\u00f6n kit\u0171n\u0151 min\u0151s\u00e9g\u0171 volt a sz\u00e9n. Besz\u00e9lt\u00e9k, hogy Horthy Mikl\u00f3s korm\u00e1nyz\u00f3nak a n\u00e9vnapj\u00e1ra mindig egy vagonnal k\u00fcldtek bel\u0151le az rt vezet\u0151i. Ez m\u00e1r nem a kisvas\u00faton ment, de a Salg\u00f3tarj\u00e1nban tanul\u00f3 di\u00e1kok azon utaztak Baglyasalj\u00e1r\u00f3l \u00e9s a Karancs-v\u00f6lgyb\u0151l is. T\u00e1mogatta a b\u00e1nya a kult\u00far\u00e1t, a sportot is. Baglyason nagyon j\u00f3 futballcsapat volt \u00e9s olyan szurkol\u00f3g\u00e1rda, hogy zengett a k\u00f6rny\u00e9k, amikor a csapat otthon j\u00e1tszott. \u00c9n nem jutottam be a csapatba, mert v\u00e9kony, kis leg\u00e9ny voltam, csak a gyerekek k\u00f6z\u00f6tt r\u00fagtam a labd\u00e1t. De szerettem pingpongozni, bili\u00e1rdozni szabadid\u0151mben, ami az iskola mellett maradt. A kaszin\u00f3ban, igaz kasztrendszer szerint, de k\u00fcl\u00f6nb\u00f6z\u0151 k\u00f6r\u00f6k &#8211; b\u00e1ny\u00e1sz, iparos, altiszti, tiszti &#8211; m\u0171k\u00f6dtek. A legl\u00e1togatottabb mindig a b\u00e1ny\u00e1szk\u00f6r volt. Bili\u00e1rdoztak, a kis asztalok mellett k\u00e1rty\u00e1ztak. A tiszti \u00e9s a munk\u00e1sk\u00f6r\u00f6k k\u00f6z\u00f6tt volt egy kis s\u00f6nt\u00e9s \u00e9s ide m\u00e1r valamennyi k\u00f6rb\u0151l bej\u00e1rtak azok, akik megszomjaztak. \u00c9n nagyon szerettem \u00e9nekelni, s \u00edgy tagja voltam a sz\u00ednj\u00e1tsz\u00f3 k\u00f6rnek. Sikeresen m\u0171k\u00f6d\u00f6tt a csoport. Minden \u00e9vben tartottunk egy-k\u00e9t el\u0151ad\u00e1st , amelyeket a szomsz\u00e9dos telep\u00fcl\u00e9seken is bemutattunk. R\u00e9szt vett\u00fcnk a b\u00e1ny\u00e1sz m\u0171vel\u0151d\u00e9si h\u00e1zak sz\u00ednj\u00e1tsz\u00f3 csoportjainak seregszeml\u00e9j\u00e9n is. Elj\u00e1rtam a dalk\u00f6rbe \u00e9s \u00fagy eml\u00e9kszem az \u00f6tvenes \u00e9vek elej\u00e9n alakult. K\u00e1rp\u00e1ti Ferenc tan\u00edt\u00f3 \u00far volt a vezet\u0151je. Az els\u0151 \u00e9vekben a helyi rendezv\u00e9nyeken \u00e9nekelt\u00fcnk, k\u00e9s\u0151bb r\u00e9szt vett\u00fcnk k\u00fcl\u00f6nb\u00f6z\u0151 tal\u00e1lkoz\u00f3kon, versenyeken is. A salg\u00f3tarj\u00e1ni dalostal\u00e1lkoz\u00f3n sz\u00e9p sikert arattunk. Egerben az orsz\u00e1gos verseny felemel\u0151 pillanatai voltak, amikor a Dob\u00f3 t\u00e9ren t\u00f6bb ezer dalos k\u00f6z\u00f6s \u00e9nekl\u00e9s\u00e9t a karmester az egyik erk\u00e9lyr\u0151l dirig\u00e1lta. A versenyen a m\u00e1sodik helyez\u00e9st \u00e9rt\u00fck el. A bizotts\u00e1g dics\u00e9rt benn\u00fcnket, de szokatlan volt a f\u00fcl\u00fcknek, hogy egyszerre k\u00e9t sz\u00f3l\u00f3\u00e9nekes &#8211; Kir\u00e1lyhegyi Gyula \u00e9s \u00e9n &#8211; m\u00e1sm\u00e1s sz\u00f3lamot vitt. A dalol\u00e1s \u00e9rzelmileg is \u00f6sszehozott benn\u00fcnket. Olyan volt az eg\u00e9sz, mint egy bar\u00e1ti k\u00f6r, ahol egy\u00fctt volt id\u0151s \u00e9s fiatal. Ezt megel\u0151z\u0151en az\u00e9rt t\u00f6rt\u00e9nt velem egy \u00e9s m\u00e1s. Amikor 1944-ben a karancslejt\u0151si b\u00e1ny\u00e1szok besz\u00fcntett\u00e9k a munk\u00e1t, levonultak a b\u00e1ny\u00e1ba, hogy ott v\u00e1rj\u00e1k meg a szovjet csapatokat, de v\u00e9g\u00fcl az SS-ek \u00e9s a csend\u0151r\u00f6k Salg\u00f3tarj\u00e1nba hajtott\u00e1k \u0151ket, nos azokban a napokban benn\u00fcnket, 18 \u00e9veseket \u00f6sszegy\u0171jt\u00f6ttek \u00e9s bevonultattak F\u00fclekre. December 14-\u00e9n vonultunk be \u00e9s december 25\u00e9n Salg\u00f3tarj\u00e1n felszabadult. A Keleti-tenger partj\u00e1n est\u00fcnk fogs\u00e1gba 1945-ben, az eg\u00e9sz salg\u00f3tarj\u00e1ni futballcsapattal. N\u00e9gy \u00e9vet h\u00faztam le hadifogs\u00e1gban, kett\u0151t a Brianszki erd\u0151ben, egyet Minskben, egyet pedig egy donyecki b\u00e1ny\u00e1ban.<\/p>\n<p style=\"text-align: center;\"><a href=\"http:\/\/baglyasalja.hu\/baglyas\/?page_id=24\">VISSZA<\/a><\/p>\n","protected":false},"excerpt":{"rendered":"<p>Baglyasalja \u00e9rdekes szerkezet\u0171 telep\u00fcl\u00e9s volt. A S\u00e1ratelept\u0151l lefel\u00e9 &#8211; Salg\u00f3tarj\u00e1n fel\u00e9 &#8211; a sz\u00e9noszt\u00e1lyoz\u00f3 k\u00f6rny\u00e9k\u00e9n sorakoztak a rakod\u00f3i b\u00e1ny\u00e1szlak\u00e1sok, a tiszti h\u00e1zak. Att\u00f3l felfel\u00e9, a telep\u00fcl\u00e9s m\u00e1sik v\u00e9g\u00e9t Brenzalj\u00e1nak h\u00edvt\u00e1k. A telep bizony\u00e1ra onnan&#46;&#46;&#46;<\/p>\n","protected":false},"author":1,"featured_media":0,"parent":18,"menu_order":0,"comment_status":"open","ping_status":"open","template":"","meta":{"footnotes":""},"class_list":["post-41","page","type-page","status-publish","hentry"],"_links":{"self":[{"href":"http:\/\/www.baglyasalja.hu\/baglyas\/index.php?rest_route=\/wp\/v2\/pages\/41","targetHints":{"allow":["GET"]}}],"collection":[{"href":"http:\/\/www.baglyasalja.hu\/baglyas\/index.php?rest_route=\/wp\/v2\/pages"}],"about":[{"href":"http:\/\/www.baglyasalja.hu\/baglyas\/index.php?rest_route=\/wp\/v2\/types\/page"}],"author":[{"embeddable":true,"href":"http:\/\/www.baglyasalja.hu\/baglyas\/index.php?rest_route=\/wp\/v2\/users\/1"}],"replies":[{"embeddable":true,"href":"http:\/\/www.baglyasalja.hu\/baglyas\/index.php?rest_route=%2Fwp%2Fv2%2Fcomments&post=41"}],"version-history":[{"count":0,"href":"http:\/\/www.baglyasalja.hu\/baglyas\/index.php?rest_route=\/wp\/v2\/pages\/41\/revisions"}],"up":[{"embeddable":true,"href":"http:\/\/www.baglyasalja.hu\/baglyas\/index.php?rest_route=\/wp\/v2\/pages\/18"}],"wp:attachment":[{"href":"http:\/\/www.baglyasalja.hu\/baglyas\/index.php?rest_route=%2Fwp%2Fv2%2Fmedia&parent=41"}],"curies":[{"name":"wp","href":"https:\/\/api.w.org\/{rel}","templated":true}]}}