{"id":39,"date":"2008-04-24T15:44:11","date_gmt":"2008-04-24T13:44:11","guid":{"rendered":"http:\/\/baglyasalja.hu\/baglyas\/?page_id=45"},"modified":"2008-04-24T15:44:11","modified_gmt":"2008-04-24T13:44:11","slug":"mohai-gyula","status":"publish","type":"page","link":"http:\/\/www.baglyasalja.hu\/baglyas\/?page_id=39","title":{"rendered":"Mohai Gyula"},"content":{"rendered":"<p class=\"MsoNormal\" style=\"margin-left: 15px; margin-right: 15px;\" align=\"center\"><a name=\"mohai\"> <img loading=\"lazy\" decoding=\"async\" src=\"..\/..\/web\/tortenet_elemei\/foto\/emb21.jpg\" border=\"0\" alt=\"\" width=\"419\" height=\"450\" \/><\/a><\/p>\n<p>&#8211; Nagyap\u00e1m amolyan m\u00e9rn\u00f6kf\u00e9le ember volt. Martin K\u00e1rolynak h\u00edvt\u00e1k. Szil\u00e9zi\u00e1b\u00f3l \u00e9rkezett Baglyasra, amikor a b\u00e1ny\u00e1kat nyitott\u00e1k. \u00fagy mes\u00e9lte, hogy Andr\u00e1s-akn\u00e1val indultak. Sok b\u00e1nya nyitott itt akkoriban, \u00edgy azt\u00e1n elj\u00e1rt Nemtibe, Homoktereny\u00e9re, Kistereny\u00e9re, meg m\u00e1s telep\u00fcl\u00e9sekre is. K\u00e9s\u0151bb sz\u00e1moszt\u00e1lyvezet\u0151nek tett\u00e9k. Megbecs\u00fclt\u00e9k a tud\u00e1s\u00e1t, szorgalm\u00e1t. A nagyiroda mellett kaptak sz\u00e9p, 3 szob\u00e1s lak\u00e1st, kerttel. Amikor 1927-ben meghalt, a b\u00e1nyairoda udvar\u00e1n ravatalozt\u00e1k fel. Vezet\u0151k, b\u00e1ny\u00e1szok sz\u00e1zai b\u00facs\u00faztak t\u0151le. H\u00e1rom gyermeke volt, k\u00e9t fi\u00fa \u00e9s egy le\u00e1ny, egyik\u00fck az \u00e9desap\u00e1m.<\/p>\n<p style=\"text-align: center;\"><a href=\"http:\/\/baglyasalja.hu\/baglyas\/?page_id=24\">VISSZA<\/a><\/p>\n","protected":false},"excerpt":{"rendered":"<p>&#8211; Nagyap\u00e1m amolyan m\u00e9rn\u00f6kf\u00e9le ember volt. Martin K\u00e1rolynak h\u00edvt\u00e1k. Szil\u00e9zi\u00e1b\u00f3l \u00e9rkezett Baglyasra, amikor a b\u00e1ny\u00e1kat nyitott\u00e1k. \u00fagy mes\u00e9lte, hogy Andr\u00e1s-akn\u00e1val indultak. Sok b\u00e1nya nyitott itt akkoriban, \u00edgy azt\u00e1n elj\u00e1rt Nemtibe, Homoktereny\u00e9re, Kistereny\u00e9re, meg m\u00e1s&#46;&#46;&#46;<\/p>\n","protected":false},"author":1,"featured_media":0,"parent":18,"menu_order":0,"comment_status":"open","ping_status":"open","template":"","meta":{"footnotes":""},"class_list":["post-39","page","type-page","status-publish","hentry"],"_links":{"self":[{"href":"http:\/\/www.baglyasalja.hu\/baglyas\/index.php?rest_route=\/wp\/v2\/pages\/39","targetHints":{"allow":["GET"]}}],"collection":[{"href":"http:\/\/www.baglyasalja.hu\/baglyas\/index.php?rest_route=\/wp\/v2\/pages"}],"about":[{"href":"http:\/\/www.baglyasalja.hu\/baglyas\/index.php?rest_route=\/wp\/v2\/types\/page"}],"author":[{"embeddable":true,"href":"http:\/\/www.baglyasalja.hu\/baglyas\/index.php?rest_route=\/wp\/v2\/users\/1"}],"replies":[{"embeddable":true,"href":"http:\/\/www.baglyasalja.hu\/baglyas\/index.php?rest_route=%2Fwp%2Fv2%2Fcomments&post=39"}],"version-history":[{"count":0,"href":"http:\/\/www.baglyasalja.hu\/baglyas\/index.php?rest_route=\/wp\/v2\/pages\/39\/revisions"}],"up":[{"embeddable":true,"href":"http:\/\/www.baglyasalja.hu\/baglyas\/index.php?rest_route=\/wp\/v2\/pages\/18"}],"wp:attachment":[{"href":"http:\/\/www.baglyasalja.hu\/baglyas\/index.php?rest_route=%2Fwp%2Fv2%2Fmedia&parent=39"}],"curies":[{"name":"wp","href":"https:\/\/api.w.org\/{rel}","templated":true}]}}