{"id":36,"date":"2008-04-24T15:41:09","date_gmt":"2008-04-24T13:41:09","guid":{"rendered":"http:\/\/baglyasalja.hu\/baglyas\/?page_id=42"},"modified":"2008-04-24T15:41:09","modified_gmt":"2008-04-24T13:41:09","slug":"honfi-ferencne","status":"publish","type":"page","link":"http:\/\/www.baglyasalja.hu\/baglyas\/?page_id=36","title":{"rendered":"Honfi Ferencn\u00e9"},"content":{"rendered":"<p class=\"MsoNormal\" style=\"margin-left: 15px; margin-right: 15px;\" align=\"center\"><a name=\"honfi\"> <img loading=\"lazy\" decoding=\"async\" src=\"..\/..\/web\/tortenet_elemei\/foto\/emb17.jpg\" border=\"0\" alt=\"\" width=\"450\" height=\"307\" \/><\/a><\/p>\n<p>\u201c\u2026\u00e9s a b\u00e1ty\u00e1im is t\u00f6bbsz\u00f6r ker\u00fcltek a szan\u00e1ltak sors\u00e1ra. Hol az\u00e9rt mert sztrajkoltak, vagy elk\u00fcldt\u00e9k \u0151ket, mert sz\u00f3ltak a szeg\u00e9nys\u00e9g, a munkan\u00e9lk\u00fclis\u00e9g ellen.<\/p>\n<p>Baglyason sok volt az ilyen ember. A csend\u0151r\u00f6k mindig kerestek, elvittek valakit. De Fur\u00e1k Andrist hi\u00e1ba kerest\u00e9k. Ahol Ponyi\u00e9k laktak, ott tartott\u00e1k fogva. L\u00e1tta, hogy a nyitott kapu el\u0151tt k\u00e9t csend\u0151r besz\u00e9lget. Mire \u00e9szbe kaptak, Fur\u00e1k Andris m\u00e1r messze j\u00e1rt\u2026 Kerdi Mariska akkor tartotta az esk\u00fcv\u0151j\u00e9t, \u0151 meg elt\u0171nt a vend\u00e9gek k\u00f6z\u00f6tt. K\u00e9s\u0151bb hazalopakodott \u00e9s beb\u00fajt az es\u0151vizzel teli hord\u00f3ba. M\u00e9g az \u00e9desanyja sem tudta, hogy ott van. A csend\u0151r\u00f6k kerest\u00e9k, de hi\u00e1ba. A fed\u00e9llel letakart hord\u00f3ra senki nem gondolt. Megv\u00e1rta a bes\u00f6t\u00e9ted\u00e9st \u00e9s elmenek\u00fclt a paptagi erd\u0151be, onnan meg Szlov\u00e1ki\u00e1ba.<\/p>\n<p>N\u00e1lunk is sz\u00e9tsz\u00e9ledt a csal\u00e1d. Az egyik n\u0151v\u00e9rem az Alf\u00f6ldre szeg\u0151d\u00f6tt csel\u00e9dnek, a m\u00e1sik csal\u00e1dj\u00e1val egy\u00fctt \u00fatra kelt Rom\u00e1ni\u00e1ba. Vel\u00fck tartott Karcsi b\u00e1ty\u00e1m is, azt rem\u00e9lt\u00e9k, hogy ott munk\u00e1t kapnak. N\u00e9h\u00e1ny \u00e9v ut\u00e1n azonban hazaj\u00f6ttek \u00e9s Tarj\u00e1nban az \u00fcveggy\u00e1rban dolgozott Karcsi, meg Eczet Andr\u00e1s, a s\u00f3gorom is. A b\u00e1ty\u00e1m ott is halt meg a gy\u00e1r udvar\u00e1n, a m\u00e1sodik nagy h\u00e1bor\u00fa idej\u00e9n. Mi, akik itthon maradtunk, \u00fagy<\/p>\n<p>seg\u00edtett\u00fcnk magunkon, ahogy tudtunk. Elj\u00e1rtam ap\u00e1mmal a hald\u00e1ra szenet szedni. Ha \u00f6sszej\u00f6tt egy zs\u00e1kra val\u00f3, eladtuk, abb\u00f3l p\u00f3toltuk az \u00e9lelemre val\u00f3t.<\/p>\n<p>K\u00f6zben Pista a legfiatalabb b\u00e1ty\u00e1m is dolgozni kezdett. El\u0151sz\u00f6r a rakod\u00f3n, k\u00e9s\u0151bb a m\u0171helyben volt seg\u00e9dmunk\u00e1s, majd csill\u00e9s a S\u00e1ra-akn\u00e1ban. Ott is maradt, amikor 1926-ban a baleset volt. Szaladtunk fel a b\u00e1ny\u00e1hoz, ahogy meghozt\u00e1k a h\u00edrt. M\u00e1r sokan voltak ott, a bej\u00e1ratot k\u00e9t csend\u0151r \u00e1llta el. J\u00f3sk\u00e1t, a b\u00e1ty\u00e1mat m\u00e9gsem tudt\u00e1k visszatartani. Sz\u00e9tl\u00f6kte a keresztbe rakott pusk\u00e1kat \u00e9s bement. A v\u00e1ll\u00e1n hozta ki Pist\u00e1t. Amikor \u00f3vatosan lefektette a f\u00f6ldre, olyan volt, mintha \u00e9lne\u2026 mintha mosolyogna\u2026 Nagy temet\u00e9st rendezett h\u00e9t halottj\u00e1nak a b\u00e1nya. A ruh\u00e1t, a cip\u0151t, mindent eladtak. Ahol most lakom, akkor az volt a b\u00e1nyairoda. Az udvaron ravatalozt\u00e1k fel \u0151ket, de csak \u00f6t\u00f6t k\u00f6z\u00fcl\u00fck, mert kett\u0151t elvittek a falujukba. K\u00e9t pap is volt, kivonult az eg\u00e9sz b\u00e1nyaigazgat\u00f3s\u00e1g, a zenekar. Febru\u00e1r volt, olvadt a h\u00f3, nagy s\u00e1rban gyalogoltunk. Mindny\u00e1jan s\u00edrtunk, mert Pista j\u00f3 gyerek volt \u00e9s azon a ny\u00e1ron lett volna 20 \u00e9ves.\u201d<\/p>\n<p style=\"text-align: center;\"><a href=\"http:\/\/baglyasalja.hu\/baglyas\/?page_id=24\">VISSZA<\/a><\/p>\n","protected":false},"excerpt":{"rendered":"<p>\u201c\u2026\u00e9s a b\u00e1ty\u00e1im is t\u00f6bbsz\u00f6r ker\u00fcltek a szan\u00e1ltak sors\u00e1ra. Hol az\u00e9rt mert sztrajkoltak, vagy elk\u00fcldt\u00e9k \u0151ket, mert sz\u00f3ltak a szeg\u00e9nys\u00e9g, a munkan\u00e9lk\u00fclis\u00e9g ellen. Baglyason sok volt az ilyen ember. A csend\u0151r\u00f6k mindig kerestek, elvittek&#46;&#46;&#46;<\/p>\n","protected":false},"author":1,"featured_media":0,"parent":18,"menu_order":0,"comment_status":"open","ping_status":"open","template":"","meta":{"footnotes":""},"class_list":["post-36","page","type-page","status-publish","hentry"],"_links":{"self":[{"href":"http:\/\/www.baglyasalja.hu\/baglyas\/index.php?rest_route=\/wp\/v2\/pages\/36","targetHints":{"allow":["GET"]}}],"collection":[{"href":"http:\/\/www.baglyasalja.hu\/baglyas\/index.php?rest_route=\/wp\/v2\/pages"}],"about":[{"href":"http:\/\/www.baglyasalja.hu\/baglyas\/index.php?rest_route=\/wp\/v2\/types\/page"}],"author":[{"embeddable":true,"href":"http:\/\/www.baglyasalja.hu\/baglyas\/index.php?rest_route=\/wp\/v2\/users\/1"}],"replies":[{"embeddable":true,"href":"http:\/\/www.baglyasalja.hu\/baglyas\/index.php?rest_route=%2Fwp%2Fv2%2Fcomments&post=36"}],"version-history":[{"count":0,"href":"http:\/\/www.baglyasalja.hu\/baglyas\/index.php?rest_route=\/wp\/v2\/pages\/36\/revisions"}],"up":[{"embeddable":true,"href":"http:\/\/www.baglyasalja.hu\/baglyas\/index.php?rest_route=\/wp\/v2\/pages\/18"}],"wp:attachment":[{"href":"http:\/\/www.baglyasalja.hu\/baglyas\/index.php?rest_route=%2Fwp%2Fv2%2Fmedia&parent=36"}],"curies":[{"name":"wp","href":"https:\/\/api.w.org\/{rel}","templated":true}]}}