{"id":35,"date":"2008-04-24T15:39:30","date_gmt":"2008-04-24T13:39:30","guid":{"rendered":"http:\/\/baglyasalja.hu\/baglyas\/?page_id=41"},"modified":"2008-04-24T15:39:30","modified_gmt":"2008-04-24T13:39:30","slug":"holczer-karolyne","status":"publish","type":"page","link":"http:\/\/www.baglyasalja.hu\/baglyas\/?page_id=35","title":{"rendered":"Holczer K\u00e1rolyn\u00e9"},"content":{"rendered":"<p class=\"MsoNormal\" style=\"margin-left: 15px; margin-right: 15px;\" align=\"center\"><a name=\"holczer\"> <img loading=\"lazy\" decoding=\"async\" src=\"..\/..\/web\/tortenet_elemei\/foto\/emb16.jpg\" border=\"0\" alt=\"\" width=\"450\" height=\"312\" \/><\/a><\/p>\n<p>\u201eAz MNDSZ-t \u0151k alak\u00edtott\u00e1k meg 1945-ben Eczet Ilonka, Nagy Mariska, Ponyi Manci, Nagy B\u00f6ske, Toldi n\u00e9n\u00e9kkel, meg R\u00e9vai Ilonk\u00e1val. Eczet n\u00e9ni ut\u00e1n \u0151t v\u00e1lasztott\u00e1k az MNDSZ vezet\u0151j\u00e9nek. Sok mindent csin\u00e1ltak. A m\u00e1jus elsejei felvonul\u00e1sokon az els\u0151 sorokban haladtak, sz\u00e9p feh\u00e9r z\u00e1szl\u00f3jukkal. T\u00f6bben, \u00edgy anyu is a rendez\u0151g\u00e1rd\u00e1nak is tagja volt. J\u00f3form\u00e1n mindenki szeg\u00e9ny volt, de ruh\u00e1t, p\u00e9nzt gy\u0171jt\u00f6ttek az \u00e1rv\u00e1n maradt gyerekeknek. A teaestek bev\u00e9tel\u00e9t ugyancsak odaadt\u00e1k a legelesettebbeknek. Lent a nagy\u00e1llom\u00e1son j\u00f3 sz\u00f3val v\u00e1rt\u00e1k a hazat\u00e9r\u0151 hadifoglyokat. Eml\u00e9kszem, amikor Pothornik J\u00f3zsef hazaj\u00f6tt a Szovjetuni\u00f3b\u00f3l, hatalmas csokor vir\u00e1ggal mentek el\u00e9je a vas\u00fat\u00e1llom\u00e1sra.<\/p>\n<p>A n\u0151mozgalmat is a p\u00e1rt ir\u00e1ny\u00edtotta, \u00edgy az asszonyok r\u00e9szt vettek a v\u00e1laszt\u00e1si agit\u00e1ci\u00f3ban, ott voltak a termel\u0151sz\u00f6vetkezetek szervez\u00e9s\u00e9n\u00e9l. Anyu sokat volt t\u00e1vol akkoriban. Kutas\u00f3n, Bokorban tal\u00e1n k\u00e9t h\u00f3napig is oda volt. Ott laktak, ahol \u00e9ppen befogadt\u00e1k \u0151ket, a h\u00e9tv\u00e9geken j\u00f6ttek haza. A csal\u00e1d ell\u00e1t\u00e1sa ram maradt. Akkor m\u00e9g jegyre kaptuk az \u00e9lelmet \u00e9s nem volt valami f\u00e9nyes az ell\u00e1t\u00e1s. A b\u00e1ny\u00e1szok\u00e9 sem, pedig azok valamivel t\u00f6bbet kaptak\u2026 Abb\u00f3l \u00e9lt\u00fcnk, amit otthon megtermelt\u00fcnk, megszerezt\u00fcnk. Krumplit ett\u00fcnk krumplival. Nagy vajdlingokra eml\u00e9kszem, amelyeket telef\u0151ztem krumplinudlival. Ap\u00e1mnak, a f\u00e9rjemnek, az \u00f6cs\u00e9mnek enni kellett, hogy dolgozni tudjanak. Amikor m\u00e1r jegy n\u00e9lk\u00fcl, szabadon v\u00e1s\u00e1rolhattunk lisztet, cukrot \u00e9s a barna keny\u00e9r helyett feh\u00e9ret, akkor m\u00e1r azt mondtuk, hogy bek\u00f6sz\u00f6nt\u00f6tt a j\u00f3 vil\u00e1g.<\/p>\n<p>Tulajdonk\u00e9ppen a V\u00f6r\u00f6skeresztet is ezek az asszonyok alap\u00edtott\u00e1k meg Baglyason 1951\u00adben, mert akkor lett t\u00f6megszervezet. De a gondolat, hogy a bajba jutotton embereken seg\u00edteni kell, r\u00e9g\u00f3ta benn\u00fck \u00e9lt. M\u00e1r 1945-46-ban bej\u00e1rtak Tarj\u00e1nba, ahol a n\u00e9pszer\u0171 Buga doktor tartott nekik els\u0151seg\u00e9lynyujt\u00f3 tanfolyamot. S a helyi szemin\u00e1riumok, tanfolyamok sem kezd\u0151dtek el n\u00e9lk\u00fcl\u00fck. Sokat dolgoztak \u00e9s nagyon kiv\u00e1ncsiak voltak, hogyan alakul a j\u00f6v\u0151, a gyerekek sorsa. M\u00e1snak, jobbnak szerett\u00e9k volna l\u00e1tni az \u0151 \u00e9let\u00fckn\u00e9l. Sok helyre h\u00edvt\u00e1k, vitt\u00e9k \u0151ket, mert a h\u00edr\u00fck messzire eljutott. Az MNDSZ megyei vezet\u0151je, Ocz\u00e9l J\u00e1nosn\u00e9 gyakran ell\u00e1togatott hozz\u00e1nk. \u00c9gyszer m\u00e9g Rajk L\u00e1szl\u00f3n\u00e9 is megkereste anyut.\u201d<\/p>\n<p style=\"text-align: center;\"><a href=\"http:\/\/baglyasalja.hu\/baglyas\/?page_id=24\">VISSZA<\/a><\/p>\n","protected":false},"excerpt":{"rendered":"<p>\u201eAz MNDSZ-t \u0151k alak\u00edtott\u00e1k meg 1945-ben Eczet Ilonka, Nagy Mariska, Ponyi Manci, Nagy B\u00f6ske, Toldi n\u00e9n\u00e9kkel, meg R\u00e9vai Ilonk\u00e1val. Eczet n\u00e9ni ut\u00e1n \u0151t v\u00e1lasztott\u00e1k az MNDSZ vezet\u0151j\u00e9nek. Sok mindent csin\u00e1ltak. A m\u00e1jus elsejei felvonul\u00e1sokon&#46;&#46;&#46;<\/p>\n","protected":false},"author":1,"featured_media":0,"parent":18,"menu_order":0,"comment_status":"open","ping_status":"open","template":"","meta":{"footnotes":""},"class_list":["post-35","page","type-page","status-publish","hentry"],"_links":{"self":[{"href":"http:\/\/www.baglyasalja.hu\/baglyas\/index.php?rest_route=\/wp\/v2\/pages\/35","targetHints":{"allow":["GET"]}}],"collection":[{"href":"http:\/\/www.baglyasalja.hu\/baglyas\/index.php?rest_route=\/wp\/v2\/pages"}],"about":[{"href":"http:\/\/www.baglyasalja.hu\/baglyas\/index.php?rest_route=\/wp\/v2\/types\/page"}],"author":[{"embeddable":true,"href":"http:\/\/www.baglyasalja.hu\/baglyas\/index.php?rest_route=\/wp\/v2\/users\/1"}],"replies":[{"embeddable":true,"href":"http:\/\/www.baglyasalja.hu\/baglyas\/index.php?rest_route=%2Fwp%2Fv2%2Fcomments&post=35"}],"version-history":[{"count":0,"href":"http:\/\/www.baglyasalja.hu\/baglyas\/index.php?rest_route=\/wp\/v2\/pages\/35\/revisions"}],"up":[{"embeddable":true,"href":"http:\/\/www.baglyasalja.hu\/baglyas\/index.php?rest_route=\/wp\/v2\/pages\/18"}],"wp:attachment":[{"href":"http:\/\/www.baglyasalja.hu\/baglyas\/index.php?rest_route=%2Fwp%2Fv2%2Fmedia&parent=35"}],"curies":[{"name":"wp","href":"https:\/\/api.w.org\/{rel}","templated":true}]}}