{"id":34,"date":"2008-04-24T15:38:34","date_gmt":"2008-04-24T13:38:34","guid":{"rendered":"http:\/\/baglyasalja.hu\/baglyas\/?page_id=40"},"modified":"2008-04-24T15:38:34","modified_gmt":"2008-04-24T13:38:34","slug":"gyurki-ferencne","status":"publish","type":"page","link":"http:\/\/www.baglyasalja.hu\/baglyas\/?page_id=34","title":{"rendered":"Gy\u00fcrki Ferencn\u00e9"},"content":{"rendered":"<p class=\"MsoNormal\" style=\"margin-left: 15px; margin-right: 15px;\" align=\"center\"><a name=\"gyurki\"> <img loading=\"lazy\" decoding=\"async\" src=\"..\/..\/web\/tortenet_elemei\/foto\/emb15.jpg\" border=\"0\" alt=\"\" width=\"450\" height=\"313\" \/><\/a><\/p>\n<p>\u201c- \u00c9desany\u00e1m fiatalon meghalt, \u00e9desap\u00e1m \u00fajran\u0151s\u00fclt. Elvett egy baglyasi \u00f6zvegyasszonyt, Hoppa M\u00e1ri\u00e1t. \u00d6ten voltunk testv\u00e9rek, h\u00e1rom \u00e9des \u00e9s k\u00e9t mostoha. Laktunk Katalin\u00e1n, ahol volt egy szob\u00e1nk, konyh\u00e1nk, semmi t\u00f6bb. K\u00e9s\u0151bb a rakod\u00f3ra ker\u00fclt\u00fcnk, ahol m\u00e1r k\u00e9t szoba, konyha, spajz meg verenda is volt. Hat oszt\u00e1lyt j\u00e1rtam a rakod\u00f3i iskol\u00e1ban. \u00d6r\u00f6mmel \u00e9s j\u00f3l tanultam, de a szeg\u00e9nys\u00e9g nem engedte, hogy vigyem valamire. Ketten, D\u00e1niel J\u00f3zsi \u00e9s \u00e9n tanulhattunk volna tov\u00e1bb, hogy fizetn\u00fcnk sem kellett volna \u00e9rte. A mostohaany\u00e1m azonban nemet mondott. D\u00e1niel J\u00f3zsi elment, bankigazgat\u00f3 lett bel\u0151le, \u00e9n meg munk\u00e1sl\u00e1ny maradtam\u2026<\/p>\n<p>A b\u00e1ny\u00e1szok akkoriban nem kerestek olyan j\u00f3l, sokat \u201eporjadk\u00e1ztak\u201d. H\u00e1rom napot dolgoztak, h\u00e1rmat meg otthon voltak. \u00d6t peng\u0151t, t\u00edz peng\u0151t ha hazahoztak. Abb\u00f3l neh\u00e9z volt eltartani a csal\u00e1dot. Szeg\u00e9nyek voltunk, mi gyerekek egym\u00e1s kin\u0151tt ruh\u00e1it hordtuk. Sokszor gondot jelentett az \u00e9tkez\u00e9s is. Amikor elfogyott a p\u00e9nz, hitelbe vett\u00fck meg a legsz\u00fcks\u00e9gesebbet. Mi lent az \u00e1llom\u00e1son v\u00e1s\u00e1roltunk, a Per\u00e9nyi\u00e9kn\u00e9l. Ha p\u00e9nzt kaptunk, fizett\u00fcnk.\u201d<br \/>\n<a href=\"..\/?page_id=24\"><\/a><\/p>\n<p style=\"text-align: center;\"><a href=\"http:\/\/baglyasalja.hu\/baglyas\/?page_id=24\">VISSZA<\/a><\/p>\n","protected":false},"excerpt":{"rendered":"<p>\u201c- \u00c9desany\u00e1m fiatalon meghalt, \u00e9desap\u00e1m \u00fajran\u0151s\u00fclt. Elvett egy baglyasi \u00f6zvegyasszonyt, Hoppa M\u00e1ri\u00e1t. \u00d6ten voltunk testv\u00e9rek, h\u00e1rom \u00e9des \u00e9s k\u00e9t mostoha. Laktunk Katalin\u00e1n, ahol volt egy szob\u00e1nk, konyh\u00e1nk, semmi t\u00f6bb. K\u00e9s\u0151bb a rakod\u00f3ra ker\u00fclt\u00fcnk, ahol&#46;&#46;&#46;<\/p>\n","protected":false},"author":1,"featured_media":0,"parent":18,"menu_order":0,"comment_status":"open","ping_status":"open","template":"","meta":{"footnotes":""},"class_list":["post-34","page","type-page","status-publish","hentry"],"_links":{"self":[{"href":"http:\/\/www.baglyasalja.hu\/baglyas\/index.php?rest_route=\/wp\/v2\/pages\/34","targetHints":{"allow":["GET"]}}],"collection":[{"href":"http:\/\/www.baglyasalja.hu\/baglyas\/index.php?rest_route=\/wp\/v2\/pages"}],"about":[{"href":"http:\/\/www.baglyasalja.hu\/baglyas\/index.php?rest_route=\/wp\/v2\/types\/page"}],"author":[{"embeddable":true,"href":"http:\/\/www.baglyasalja.hu\/baglyas\/index.php?rest_route=\/wp\/v2\/users\/1"}],"replies":[{"embeddable":true,"href":"http:\/\/www.baglyasalja.hu\/baglyas\/index.php?rest_route=%2Fwp%2Fv2%2Fcomments&post=34"}],"version-history":[{"count":0,"href":"http:\/\/www.baglyasalja.hu\/baglyas\/index.php?rest_route=\/wp\/v2\/pages\/34\/revisions"}],"up":[{"embeddable":true,"href":"http:\/\/www.baglyasalja.hu\/baglyas\/index.php?rest_route=\/wp\/v2\/pages\/18"}],"wp:attachment":[{"href":"http:\/\/www.baglyasalja.hu\/baglyas\/index.php?rest_route=%2Fwp%2Fv2%2Fmedia&parent=34"}],"curies":[{"name":"wp","href":"https:\/\/api.w.org\/{rel}","templated":true}]}}