{"id":33,"date":"2008-04-24T15:37:40","date_gmt":"2008-04-24T13:37:40","guid":{"rendered":"http:\/\/baglyasalja.hu\/baglyas\/?page_id=39"},"modified":"2008-04-24T15:37:40","modified_gmt":"2008-04-24T13:37:40","slug":"gyori-janos","status":"publish","type":"page","link":"http:\/\/www.baglyasalja.hu\/baglyas\/?page_id=33","title":{"rendered":"Gy\u0151ri J\u00e1nos"},"content":{"rendered":"<p class=\"MsoNormal\" style=\"margin-left: 15px; margin-right: 15px;\" align=\"center\"><a name=\"gyori\"> <img loading=\"lazy\" decoding=\"async\" src=\"..\/..\/web\/tortenet_elemei\/foto\/emb14.jpg\" border=\"0\" alt=\"\" width=\"450\" height=\"310\" \/><\/a><\/p>\n<p>\u201c- A h\u00e1bor\u00fa alatt hol volt, mit csin\u00e1lt?<\/p>\n<p>Bujk\u00e1ltam eg\u00e9szen 1944, december 19-ig. Akkor kidobolt\u00e1k, hogy aki nem vonul be, azt agyonl\u00f6vik. Bementem az ac\u00e9lgy\u00e1ri iskol\u00e1ba a gy\u00fclekez\u0151 helyre \u00e9s egy hadnagynak elpanaszoltam, hogy otthon m\u00e9g lenne rendezni val\u00f3m, meg \u00e9lelmet sem hoztam magammal. Meg\u00e9rt\u0151 volt, m\u00e1snapig kimen\u0151t adott. De reggel nem Tarj\u00e1nba, hanem a katalinai alag\u00fatba mentem, ahol m\u00e1r sokan megb\u00fajtak.<\/p>\n<p>&#8211; S mi t\u00f6rt\u00e9nt a h\u00e1bor\u00fa ut\u00e1n?<\/p>\n<p>&#8211; Amikor bej\u00f6ttek az orosz ka\u00adton\u00e1k, elvittek benn\u00fcnket az Ideg\u00e9rbe dolgozni, de megl\u00e9ptem a csoportb\u00f3l. Akkor m\u00e1r megindult az \u00e9let Baglyoson. Sulyok Andor volt a p\u00e1rt vezet\u0151je, \u00e9n is mell\u00e9 \u00e1lltam. L\u00e9trej\u00f6tt a policaj csoport, j\u00f3 n\u00e9h\u00e1nyan voltunk benne. Fenntartottuk a rendet, j\u00e1rtunk a falvakba \u00e9lelmet szerezni az embereknek. A baglyasiak k\u00f6z\u00fcl m\u00e1r sokan dolgoztak a vas\u00fat, a b\u00e1ny\u00e1k helyre\u00e1ll\u00edt\u00e1s\u00e1n. Enni\u00fck kellett.\u201d<\/p>\n<p style=\"text-align: center;\"><a href=\"http:\/\/baglyasalja.hu\/baglyas\/?page_id=24\">VISSZA<\/a><\/p>\n","protected":false},"excerpt":{"rendered":"<p>\u201c- A h\u00e1bor\u00fa alatt hol volt, mit csin\u00e1lt? Bujk\u00e1ltam eg\u00e9szen 1944, december 19-ig. Akkor kidobolt\u00e1k, hogy aki nem vonul be, azt agyonl\u00f6vik. Bementem az ac\u00e9lgy\u00e1ri iskol\u00e1ba a gy\u00fclekez\u0151 helyre \u00e9s egy hadnagynak elpanaszoltam, hogy&#46;&#46;&#46;<\/p>\n","protected":false},"author":1,"featured_media":0,"parent":18,"menu_order":0,"comment_status":"open","ping_status":"open","template":"","meta":{"footnotes":""},"class_list":["post-33","page","type-page","status-publish","hentry"],"_links":{"self":[{"href":"http:\/\/www.baglyasalja.hu\/baglyas\/index.php?rest_route=\/wp\/v2\/pages\/33","targetHints":{"allow":["GET"]}}],"collection":[{"href":"http:\/\/www.baglyasalja.hu\/baglyas\/index.php?rest_route=\/wp\/v2\/pages"}],"about":[{"href":"http:\/\/www.baglyasalja.hu\/baglyas\/index.php?rest_route=\/wp\/v2\/types\/page"}],"author":[{"embeddable":true,"href":"http:\/\/www.baglyasalja.hu\/baglyas\/index.php?rest_route=\/wp\/v2\/users\/1"}],"replies":[{"embeddable":true,"href":"http:\/\/www.baglyasalja.hu\/baglyas\/index.php?rest_route=%2Fwp%2Fv2%2Fcomments&post=33"}],"version-history":[{"count":0,"href":"http:\/\/www.baglyasalja.hu\/baglyas\/index.php?rest_route=\/wp\/v2\/pages\/33\/revisions"}],"up":[{"embeddable":true,"href":"http:\/\/www.baglyasalja.hu\/baglyas\/index.php?rest_route=\/wp\/v2\/pages\/18"}],"wp:attachment":[{"href":"http:\/\/www.baglyasalja.hu\/baglyas\/index.php?rest_route=%2Fwp%2Fv2%2Fmedia&parent=33"}],"curies":[{"name":"wp","href":"https:\/\/api.w.org\/{rel}","templated":true}]}}