{"id":327,"date":"2009-02-03T15:16:15","date_gmt":"2009-02-03T13:16:15","guid":{"rendered":"http:\/\/www.baglyasalja.hu\/baglyas\/?page_id=327"},"modified":"2022-04-20T19:44:53","modified_gmt":"2022-04-20T17:44:53","slug":"ado-1","status":"publish","type":"page","link":"http:\/\/www.baglyasalja.hu\/baglyas\/?page_id=327","title":{"rendered":"Ad\u00f3 1 %"},"content":{"rendered":"<h3><strong>Tisztelt T\u00e1mogat\u00f3ink!<\/strong><\/h3>\n<p style=\"text-align: left;\">Egyes\u00fclet\u00fcnk 1996-ban alakult, 2016-ban \u00fcnnepelj\u00fck 20 \u00e9ves fenn\u00e1ll\u00e1sunkat. A megalakul\u00e1skor c\u00e9lul t\u0171zt\u00fck ki, hogy felt\u00e1rjuk \u00e9s k\u00f6zkinccs\u00e9 tessz\u00fck telep\u00fcl\u00e9s\u00fcnk m\u00faltj\u00e1nak gazdas\u00e1gi, k\u00f6z\u00f6ss\u00e9gi \u00e9s kultur\u00e1lis \u00e9rt\u00e9keit.<\/p>\n<p>Seg\u00edtj\u00fck a ma itt \u00e9l\u0151k m\u0171vel\u0151d\u00e9si ig\u00e9nyeinek kiel\u00e9g\u00edt\u00e9s\u00e9t, \u00e9rt\u00e9keink v\u00e9delm\u00e9t, \u00fajak l\u00e9trehoz\u00e1s\u00e1t, megismertet\u00e9s\u00e9t. Ennek \u00e9rdek\u00e9ben kiadv\u00e1nyokat, \u00fajs\u00e1got adunk ki, programokat szervez\u00fcnk, dokumentum-filmeket k\u00e9sz\u00edt\u00fcnk \u00e9s juttatunk el a helyi \u00e9s orsz\u00e1gos m\u00e9di\u00e1khoz.<\/p>\n<p>Rendszeresen szervez\u00fcnk kir\u00e1ndul\u00e1sokat, k\u00f6z\u00f6ss\u00e9gi sz\u00f3rakoztat\u00f3 \u00f6sszej\u00f6veteleket, megeml\u00e9kez\u00e9seket, j\u00f3t\u00e9konys\u00e1gi \u00e9s \u00fcnnepi hangversenyeket, k\u00f6zhaszn\u00fa munkaalkalmakat, stb.<\/p>\n<p>Legjelent\u0151sebb rendezv\u00e9nyeink a Baglyasi Napok, a B\u00e1ny\u00e1sznap, az Id\u0151sek Kar\u00e1csonya.<\/p>\n<p>Kezdem\u00e9nyez\u00e9s\u00fcnkre ker\u00fclt megrendez\u00e9sre Baglyasalja els\u0151 okleveles eml\u00edt\u00e9s\u00e9nek, vagyis l\u00e9trej\u00f6tt\u00e9nek 700 \u00e9ves \u00e9vfordul\u00f3j\u00e1ra eml\u00e9kez\u0151 rendezv\u00e9nysorozat.<\/p>\n<p>Seg\u00edtj\u00fck az \u00f3voda, iskola \u00e9s a di\u00e1kotthon pedag\u00f3giai munk\u00e1j\u00e1t, m\u0171k\u00f6d\u00e9s\u00e9t. Kapcsolatot tartunk a telep\u00fcl\u00e9sen \u00e9s a v\u00e1rosban m\u0171k\u00f6d\u0151 kultur\u00e1lis int\u00e9zm\u00e9nyekkel, civil szervezetekkel, m\u0171v\u00e9szeti csoportokkal.<\/p>\n<p>K\u00e9rj\u00fck, <a href=\"http:\/\/www.baglyasalja.hu\/web\/1rend.htm\">Ad\u00f3ja 1%-\u00e1nak felaj\u00e1nl\u00e1s\u00e1val<\/a> seg\u00edtse Baglyasalja k\u00f6z\u00f6ss\u00e9gi, kultur\u00e1lis \u00e9let\u00e9nek gazdag\u00edt\u00e1s\u00e1t, term\u00e9szeti \u00e9s \u00e9p\u00edtett \u00e9rt\u00e9keinek v\u00e9delm\u00e9t, k\u00f6zbiztons\u00e1g\u00e1nak jav\u00edt\u00e1s\u00e1t!<\/p>\n<p style=\"text-align: center;\">A BBK&nbsp;ad\u00f3sz\u00e1ma:<em>&nbsp;<\/em><\/p>\n<h2 style=\"text-align: center;\"><strong>18633461\u20131\u201312<\/strong><\/h2>\n<p style=\"text-align: right;\"><em><strong>H\u00e1romn\u00e9 H\u00eddv\u00e9gi Andrea a BBK&nbsp; eln\u00f6ke<\/strong><\/em><\/p>\n\n\n<p><\/p>\n","protected":false},"excerpt":{"rendered":"<p>Tisztelt T\u00e1mogat\u00f3ink! Egyes\u00fclet\u00fcnk 1996-ban alakult, 2016-ban \u00fcnnepelj\u00fck 20 \u00e9ves fenn\u00e1ll\u00e1sunkat. A megalakul\u00e1skor c\u00e9lul t\u0171zt\u00fck ki, hogy felt\u00e1rjuk \u00e9s k\u00f6zkinccs\u00e9 tessz\u00fck telep\u00fcl\u00e9s\u00fcnk m\u00faltj\u00e1nak gazdas\u00e1gi, k\u00f6z\u00f6ss\u00e9gi \u00e9s kultur\u00e1lis \u00e9rt\u00e9keit. Seg\u00edtj\u00fck a ma itt \u00e9l\u0151k m\u0171vel\u0151d\u00e9si ig\u00e9nyeinek&#46;&#46;&#46;<\/p>\n","protected":false},"author":1,"featured_media":0,"parent":0,"menu_order":3,"comment_status":"open","ping_status":"open","template":"","meta":{"footnotes":""},"class_list":["post-327","page","type-page","status-publish","hentry"],"_links":{"self":[{"href":"http:\/\/www.baglyasalja.hu\/baglyas\/index.php?rest_route=\/wp\/v2\/pages\/327","targetHints":{"allow":["GET"]}}],"collection":[{"href":"http:\/\/www.baglyasalja.hu\/baglyas\/index.php?rest_route=\/wp\/v2\/pages"}],"about":[{"href":"http:\/\/www.baglyasalja.hu\/baglyas\/index.php?rest_route=\/wp\/v2\/types\/page"}],"author":[{"embeddable":true,"href":"http:\/\/www.baglyasalja.hu\/baglyas\/index.php?rest_route=\/wp\/v2\/users\/1"}],"replies":[{"embeddable":true,"href":"http:\/\/www.baglyasalja.hu\/baglyas\/index.php?rest_route=%2Fwp%2Fv2%2Fcomments&post=327"}],"version-history":[{"count":1,"href":"http:\/\/www.baglyasalja.hu\/baglyas\/index.php?rest_route=\/wp\/v2\/pages\/327\/revisions"}],"predecessor-version":[{"id":10925,"href":"http:\/\/www.baglyasalja.hu\/baglyas\/index.php?rest_route=\/wp\/v2\/pages\/327\/revisions\/10925"}],"wp:attachment":[{"href":"http:\/\/www.baglyasalja.hu\/baglyas\/index.php?rest_route=%2Fwp%2Fv2%2Fmedia&parent=327"}],"curies":[{"name":"wp","href":"https:\/\/api.w.org\/{rel}","templated":true}]}}