{"id":29,"date":"2008-04-24T15:33:08","date_gmt":"2008-04-24T13:33:08","guid":{"rendered":"http:\/\/baglyasalja.hu\/baglyas\/?page_id=35"},"modified":"2008-04-24T15:33:08","modified_gmt":"2008-04-24T13:33:08","slug":"edocs-istvan","status":"publish","type":"page","link":"http:\/\/www.baglyasalja.hu\/baglyas\/?page_id=29","title":{"rendered":"Ed\u0151cs Istv\u00e1n"},"content":{"rendered":"<p><a name=\"edocs\"><\/a><\/p>\n<p style=\"text-align: center;\"><img loading=\"lazy\" decoding=\"async\" src=\"..\/..\/web\/tortenet_elemei\/foto\/emb10.jpg\" border=\"0\" alt=\"\" width=\"450\" height=\"370\" \/><\/p>\n<p>\u201cMilyen csapatokkal kellett megk\u00fczdeni? Salg\u00f3, Somosk\u0151\u00fajfalu, Salg\u00f3tarj\u00e1nb\u00f3l az \u00fcveg\u00adgy\u00e1r, a SSE, az SBTC, Zagyvap\u00e1lfalva, Kisterenye, M\u00e1tranov\u00e1k, a SAC, Karancsalja. Valamennyi j\u00f3 j\u00e1t\u00e9ker\u0151t k\u00e9pviselt. A SSE \u00e9s az SBTC akkor m\u00e1r az orsz\u00e1gos bajnoks\u00e1gban is sikeresen szerepelt, a tartal\u00e9kg\u00e1rd\u00e1juk is j\u00f3 volt. De j\u00f3 h\u00edre volt Baglyasnak is. A p\u00e1lya, k\u00f6r\u00f6s-k\u00f6r\u00fcl k\u00e9t-h\u00e1romezer n\u00e9z\u0151vel, val\u00f3s\u00e1gos oroszl\u00e1nbarlang volt. Neh\u00e9z m\u00e9rk\u0151z\u00e9seket v\u00edvtak, de a Salg\u00f3-serleget els\u0151 alkalommal a baglyasiak nyert\u00e9k el. \u00dagy, hogy t\u00edz emberre fogyatkoztak \u00e9s Kakukkal h\u00e1romszor ism\u00e9teltett\u00e9k meg a gy\u0151ztes g\u00f3lt jelent\u0151 tizenegyest Somosk\u0151\u00fajfaluban. A \u201etr\u00f3fe\u00e1t\u201d a Hirsch-gy\u00e1ri kult\u00farh\u00e1zban adt\u00e1k \u00e1t a gy\u0151zteseknek. A csapat \u00faj mezbe \u00f6lt\u00f6zve, gyalog meni Salg\u00f3tarj\u00e1nba \u00e9s Szkics\u00e1k doktor vezet\u00e9s\u00e9vel, a f\u00fav\u00f3szenekar k\u00eds\u00e9ret\u00e9ben gyalog vonultak ha haza. Aki csak mozogni tudott a szurkol\u00f3k k\u00f6z\u00fcl, mind vel\u00fck tartott. Val\u00f3s\u00e1gos n\u00e9p\u00fcnnep\u00e9ly volt. Sem azel\u0151tt, sem az\u00f3ta nem \u00fcnnepelt olyan felh\u0151tlen\u00fcl egy\u00fctt a csapat \u00e9s szurkol\u00f3t\u00e1bora, mint akkor.\u201d<\/p>\n<p style=\"text-align: center;\"><a href=\"http:\/\/baglyasalja.hu\/baglyas\/?page_id=24\">VISSZA<\/a><\/p>\n","protected":false},"excerpt":{"rendered":"<p>\u201cMilyen csapatokkal kellett megk\u00fczdeni? Salg\u00f3, Somosk\u0151\u00fajfalu, Salg\u00f3tarj\u00e1nb\u00f3l az \u00fcveg\u00adgy\u00e1r, a SSE, az SBTC, Zagyvap\u00e1lfalva, Kisterenye, M\u00e1tranov\u00e1k, a SAC, Karancsalja. Valamennyi j\u00f3 j\u00e1t\u00e9ker\u0151t k\u00e9pviselt. A SSE \u00e9s az SBTC akkor m\u00e1r az orsz\u00e1gos bajnoks\u00e1gban is&#46;&#46;&#46;<\/p>\n","protected":false},"author":1,"featured_media":0,"parent":18,"menu_order":0,"comment_status":"open","ping_status":"open","template":"","meta":{"footnotes":""},"class_list":["post-29","page","type-page","status-publish","hentry"],"_links":{"self":[{"href":"http:\/\/www.baglyasalja.hu\/baglyas\/index.php?rest_route=\/wp\/v2\/pages\/29","targetHints":{"allow":["GET"]}}],"collection":[{"href":"http:\/\/www.baglyasalja.hu\/baglyas\/index.php?rest_route=\/wp\/v2\/pages"}],"about":[{"href":"http:\/\/www.baglyasalja.hu\/baglyas\/index.php?rest_route=\/wp\/v2\/types\/page"}],"author":[{"embeddable":true,"href":"http:\/\/www.baglyasalja.hu\/baglyas\/index.php?rest_route=\/wp\/v2\/users\/1"}],"replies":[{"embeddable":true,"href":"http:\/\/www.baglyasalja.hu\/baglyas\/index.php?rest_route=%2Fwp%2Fv2%2Fcomments&post=29"}],"version-history":[{"count":0,"href":"http:\/\/www.baglyasalja.hu\/baglyas\/index.php?rest_route=\/wp\/v2\/pages\/29\/revisions"}],"up":[{"embeddable":true,"href":"http:\/\/www.baglyasalja.hu\/baglyas\/index.php?rest_route=\/wp\/v2\/pages\/18"}],"wp:attachment":[{"href":"http:\/\/www.baglyasalja.hu\/baglyas\/index.php?rest_route=%2Fwp%2Fv2%2Fmedia&parent=29"}],"curies":[{"name":"wp","href":"https:\/\/api.w.org\/{rel}","templated":true}]}}