{"id":27,"date":"2008-04-24T15:30:52","date_gmt":"2008-04-24T13:30:52","guid":{"rendered":"http:\/\/baglyasalja.hu\/baglyas\/?page_id=33"},"modified":"2008-04-24T15:30:52","modified_gmt":"2008-04-24T13:30:52","slug":"cseh-jozsef","status":"publish","type":"page","link":"http:\/\/www.baglyasalja.hu\/baglyas\/?page_id=27","title":{"rendered":"Cseh J\u00f3zsef"},"content":{"rendered":"<p class=\"MsoNormal\" style=\"margin-left: 15px; margin-right: 15px;\" align=\"center\"><a name=\"cseh\"> <img loading=\"lazy\" decoding=\"async\" src=\"..\/..\/web\/tortenet_elemei\/foto\/emb08.jpg\" border=\"0\" alt=\"\" width=\"450\" height=\"324\" \/><\/a><\/p>\n<p>\u201c- A b\u00e1ny\u00e1hoz nem csak Cseh J\u00f3zsef k\u00f6t\u00f6tte az \u00e9let\u00e9t, hanem a baglyasiak k\u00f6z\u00fcl sokan m\u00e1sok is. \u00c9rdemes volt?<\/p>\n<p>&#8211; Tulajdonk\u00e9ppen igen. Lak\u00e1st kaptunk, szenet, f\u00e1t \u00e9s a vil\u00e1g\u00edt\u00e1s\u00e9rt sem kellett fizetni. S ha valaki megszorult, a t\u00e9l k\u00f6zep\u00e9n elfogyott a szene, akkor ig\u00e9nyelhetett az oszt\u00e1lyoz\u00f3n sz\u00e9nt\u00f6rmel\u00e9ket. Az is meleget adott. A kereset sem volt \u00e9ppen rossz. S aki rendesen \u201eviselkedett\u201d, annak a munk\u00e1ja is biztos volt. De a baloldali \u00e9rzelm\u0171 embereket, mint Pothornikot, Hovant, az Eppich testv\u00e9reket, Blask\u00f3 Istv\u00e1nt, Sulyok Andr\u00e1st, sz\u00f3val az ilyeneket nem szerett\u00e9k a b\u00e1nya vezet\u0151i. Kitett\u00e9k \u0151ket a munk\u00e1b\u00f3l, a lak\u00e1sb\u00f3l is \u00e9s kereshettek maguknak valami sz\u00fcks\u00e9glak\u00e1st a faluban.<\/p>\n<p>Amikor m\u00e9g az \u00fajs\u00e1got hordtam, a Friss Ujs\u00e1gban olvastam, hogy Pothornik J\u00f3zsefet t\u00e1voll\u00e9t\u00e9ben n\u00e9gy \u00e9v b\u00f6rt\u00f6nre \u00edt\u00e9lt\u00e9k.<\/p>\n<p>&#8211; Mit olvasott m\u00e9g Baglyasr\u00f3l a Friss Ujs\u00e1gban?<\/p>\n<p>&#8211; Azt, hogy a S\u00e1ra lejtakna beny\u00falt a falu al\u00e1 \u00e9s ahogy a szenet termelt\u00e9k ki, \u00fagy repedeztek, s\u00fcllyedtek meg a h\u00e1zak. \u00fagy eml\u00e9kszem, az \u00edr\u00e1s c\u00edme is a \u201eS\u00fcllyed\u0151 falu\u201d volt. Akkor a Hangya Sz\u00f6vetkezettel szemben, a hegyoldalban nyitottak egy kutat\u00f3b\u00e1ny\u00e1t, a tulajdonos a munkan\u00e9lk\u00fclieket foglalkoztatta ott. Bebizonyosodott, hogy a b\u00e1nya okozta a k\u00e1rt \u00e9s \u00edgy k\u00e1rt\u00e9r\u00edt\u00e9st is fizetnie kellett. De az igazs\u00e1ghoz tartozik, a b\u00e1nya \u00e9rdeme az is, hogy a telep\u00fcl\u00e9s \u00e9p\u00fclt, gyarapodott \u00e9s neve nem s\u00fcllyedt el az ismeretlens\u00e9gben.\u201d<\/p>\n<p style=\"text-align: center;\"><a href=\"http:\/\/baglyasalja.hu\/baglyas\/?page_id=24\">VISSZA<\/a><\/p>\n","protected":false},"excerpt":{"rendered":"<p>\u201c- A b\u00e1ny\u00e1hoz nem csak Cseh J\u00f3zsef k\u00f6t\u00f6tte az \u00e9let\u00e9t, hanem a baglyasiak k\u00f6z\u00fcl sokan m\u00e1sok is. \u00c9rdemes volt? &#8211; Tulajdonk\u00e9ppen igen. Lak\u00e1st kaptunk, szenet, f\u00e1t \u00e9s a vil\u00e1g\u00edt\u00e1s\u00e9rt sem kellett fizetni. S ha&#46;&#46;&#46;<\/p>\n","protected":false},"author":1,"featured_media":0,"parent":18,"menu_order":0,"comment_status":"open","ping_status":"open","template":"","meta":{"footnotes":""},"class_list":["post-27","page","type-page","status-publish","hentry"],"_links":{"self":[{"href":"http:\/\/www.baglyasalja.hu\/baglyas\/index.php?rest_route=\/wp\/v2\/pages\/27","targetHints":{"allow":["GET"]}}],"collection":[{"href":"http:\/\/www.baglyasalja.hu\/baglyas\/index.php?rest_route=\/wp\/v2\/pages"}],"about":[{"href":"http:\/\/www.baglyasalja.hu\/baglyas\/index.php?rest_route=\/wp\/v2\/types\/page"}],"author":[{"embeddable":true,"href":"http:\/\/www.baglyasalja.hu\/baglyas\/index.php?rest_route=\/wp\/v2\/users\/1"}],"replies":[{"embeddable":true,"href":"http:\/\/www.baglyasalja.hu\/baglyas\/index.php?rest_route=%2Fwp%2Fv2%2Fcomments&post=27"}],"version-history":[{"count":0,"href":"http:\/\/www.baglyasalja.hu\/baglyas\/index.php?rest_route=\/wp\/v2\/pages\/27\/revisions"}],"up":[{"embeddable":true,"href":"http:\/\/www.baglyasalja.hu\/baglyas\/index.php?rest_route=\/wp\/v2\/pages\/18"}],"wp:attachment":[{"href":"http:\/\/www.baglyasalja.hu\/baglyas\/index.php?rest_route=%2Fwp%2Fv2%2Fmedia&parent=27"}],"curies":[{"name":"wp","href":"https:\/\/api.w.org\/{rel}","templated":true}]}}