{"id":26,"date":"2008-04-24T15:29:45","date_gmt":"2008-04-24T13:29:45","guid":{"rendered":"http:\/\/baglyasalja.hu\/baglyas\/?page_id=32"},"modified":"2008-04-24T15:29:45","modified_gmt":"2008-04-24T13:29:45","slug":"czinka-ferenc","status":"publish","type":"page","link":"http:\/\/www.baglyasalja.hu\/baglyas\/?page_id=26","title":{"rendered":"Czinka Ferenc"},"content":{"rendered":"<p class=\"MsoNormal\" style=\"margin-left: 15px; margin-right: 15px;\" align=\"center\"><a name=\"cinka\"> <img loading=\"lazy\" decoding=\"async\" src=\"..\/..\/web\/tortenet_elemei\/foto\/emb07.jpg\" border=\"0\" alt=\"\" width=\"450\" height=\"373\" \/><\/a><\/p>\n<p>\u201cHogy ki tan\u00edtott meg a lovakkal b\u00e1nni? Senki. Szerettem az \u00e1llatokat \u00e9s magamt\u00f3l r\u00e1j\u00f6ttem, hogyan lesznek kezesek\u2026 Eml\u00e9kszem And\u00f3 G\u00e9za b\u00e1csi el\u0151sz\u00f6r k\u00e9t \u00f6kr\u00f6t b\u00edzott r\u00e1m. Mondtam neki: G\u00e9za b\u00e1csi, ha nem lesz l\u00f3, \u00e9n tov\u00e1bb\u00e1llok. Egyezs\u00e9get aj\u00e1nlott: ha egy h\u00f3napig kitartom a k\u00e9t \u00f6kr\u00f6t, meglesz a l\u00f3. Nem csak l\u00f3, m\u00e9g hint\u00f3 is lett. Megkedvelt a gazda, de a csal\u00e1dja is. A l\u00e1nya Aranka, sokszor m\u00e9g enni sem akart n\u00e9lk\u00fclem. Fizets\u00e9gem is rendes volt, 80 peng\u0151 egy h\u00f3napra. Itt Baglyason akkor kezd\u0151d\u00f6tt a t\u00e1nciskola, Hulik volt a t\u00e1nctan\u00e1r. Nem csak Arank\u00e1t, engem is be\u00edrattak. Pedig 12 peng\u0151be ker\u00fclt egy h\u00f3nap.<\/p>\n<p>T\u00e1ncolni, n\u00f3t\u00e1zni, mulatni mindig szerettem. De r\u00e9szegnek, durv\u00e1nak engem nem igen l\u00e1ttak\u2026 Tudtam, hogy hol van a hat\u00e1r. Baglyason \u00e9n voltam a b\u00e1lkir\u00e1ly. Sz\u00e9pen \u00f6lt\u00f6zk\u00f6dtem, nem volt gond egy \u00f6lt\u00f6ny ruha, \u00faj ing, csokornyakkend\u0151. A l\u00e1nyok sz\u00edvesen t\u00e1ncoltak velem, az \u0151ket k\u00eds\u00e9r\u0151 asszonyok is kedveltek. Ha egy b\u00e1lr\u00f3l elmaradtam, m\u00e1r sz\u00f3v\u00e1 tett\u00e9k, hogy merre j\u00e1rtam. Mert ismertek engem a k\u00f6rny\u00e9kbeli telep\u00fcl\u00e9seken is, Karancsalj\u00e1n, Lapujt\u0151n\u2026<\/p>\n<p>Tarj\u00e1nba is bej\u00e1rtam. Akkoriban az ac\u00e9lgy\u00e1ri kult\u00farotthonba nem volt szabad bemenni cig\u00e1nyembernek. Engem oda is beengedtek.<\/p>\n<p>J\u00f3l megtanultam, hogy mikor van a mulats\u00e1g, mikor a munka ideje. A b\u00e9resked\u00e9sb\u0151l elmaradtam, elmentem Guszt\u00e1v-akn\u00e1ra a b\u00e1ny\u00e1hoz. Tal\u00e1n egy h\u00f3napig tartottak uras\u00e1giba, azt\u00e1n a b\u00e1\u00adnyamester betett a b\u00e1ny\u00e1ba. Ott is megfeleltem. Hat \u00e9vig dolgoztam a b\u00e1ny\u00e1n\u00e1l, onnan vittek be katon\u00e1nak. Amikor elengedtek, egy kev\u00e9s ideig az \u00fcveggy\u00e1rban, a t\u0171zhelygy\u00e1rban voltam, majd a a vas\u00fatn\u00e1l k\u00f6t\u00f6ttem ki. De ott semmit sem kerestem. . .egy kev\u00e9s s\u00f3t adtak. K\u00f6zben voltam gyepmester is. A legv\u00e9g\u00e9n felvettek P\u00e1lfalv\u00e1n a b\u00e1nyag\u00e9pgy\u00e1rba, ahol 23 \u00e9vig maradtam. Onnan j\u00f6ttem el nyugd\u00edjba 1984-ben.\u201d<br \/>\n<a href=\"..\/?page_id=24\"><\/a><\/p>\n<p style=\"text-align: center;\"><a href=\"http:\/\/baglyasalja.hu\/baglyas\/?page_id=24\">VISSZA<\/a><\/p>\n","protected":false},"excerpt":{"rendered":"<p>\u201cHogy ki tan\u00edtott meg a lovakkal b\u00e1nni? Senki. Szerettem az \u00e1llatokat \u00e9s magamt\u00f3l r\u00e1j\u00f6ttem, hogyan lesznek kezesek\u2026 Eml\u00e9kszem And\u00f3 G\u00e9za b\u00e1csi el\u0151sz\u00f6r k\u00e9t \u00f6kr\u00f6t b\u00edzott r\u00e1m. Mondtam neki: G\u00e9za b\u00e1csi, ha nem lesz l\u00f3,&#46;&#46;&#46;<\/p>\n","protected":false},"author":1,"featured_media":0,"parent":18,"menu_order":0,"comment_status":"open","ping_status":"open","template":"","meta":{"footnotes":""},"class_list":["post-26","page","type-page","status-publish","hentry"],"_links":{"self":[{"href":"http:\/\/www.baglyasalja.hu\/baglyas\/index.php?rest_route=\/wp\/v2\/pages\/26","targetHints":{"allow":["GET"]}}],"collection":[{"href":"http:\/\/www.baglyasalja.hu\/baglyas\/index.php?rest_route=\/wp\/v2\/pages"}],"about":[{"href":"http:\/\/www.baglyasalja.hu\/baglyas\/index.php?rest_route=\/wp\/v2\/types\/page"}],"author":[{"embeddable":true,"href":"http:\/\/www.baglyasalja.hu\/baglyas\/index.php?rest_route=\/wp\/v2\/users\/1"}],"replies":[{"embeddable":true,"href":"http:\/\/www.baglyasalja.hu\/baglyas\/index.php?rest_route=%2Fwp%2Fv2%2Fcomments&post=26"}],"version-history":[{"count":0,"href":"http:\/\/www.baglyasalja.hu\/baglyas\/index.php?rest_route=\/wp\/v2\/pages\/26\/revisions"}],"up":[{"embeddable":true,"href":"http:\/\/www.baglyasalja.hu\/baglyas\/index.php?rest_route=\/wp\/v2\/pages\/18"}],"wp:attachment":[{"href":"http:\/\/www.baglyasalja.hu\/baglyas\/index.php?rest_route=%2Fwp%2Fv2%2Fmedia&parent=26"}],"curies":[{"name":"wp","href":"https:\/\/api.w.org\/{rel}","templated":true}]}}