{"id":25,"date":"2008-04-24T15:28:38","date_gmt":"2008-04-24T13:28:38","guid":{"rendered":"http:\/\/baglyasalja.hu\/baglyas\/?page_id=31"},"modified":"2008-04-24T15:28:38","modified_gmt":"2008-04-24T13:28:38","slug":"brecho-lajosne","status":"publish","type":"page","link":"http:\/\/www.baglyasalja.hu\/baglyas\/?page_id=25","title":{"rendered":"Brech\u00f3 Lajosn\u00e9"},"content":{"rendered":"<p class=\"MsoNormal\" style=\"margin-left: 15px; margin-right: 15px;\" align=\"center\"><a name=\"brecho\"> <img loading=\"lazy\" decoding=\"async\" src=\"..\/..\/web\/tortenet_elemei\/foto\/emb06.jpg\" border=\"0\" alt=\"\" width=\"450\" height=\"362\" \/><\/a><\/p>\n<p>\u201c- Baglyason 1945 ut\u00e1n is \u00e9l\u00e9nk kultur\u00e1lis \u00e9let bontakozott ki. Vannak akik ezt \u00f6sszek\u00f6tik Bart\u00f3k Vica \u00e9s f\u00e9rje Brech\u00f3 Lajos nev\u00e9vel.<\/p>\n<p>-Volt egy j\u00f3 sz\u00ednj\u00e1tsz\u00f3k\u00f6r, zenekar, t\u00e1nccsoport, dalk\u00f6r, filmet vet\u00edtettek a kaszin\u00f3ban, ahol t\u00f6bbek k\u00f6z\u00f6tt fot\u00f3-szakk\u00f6r is m\u0171k\u00f6d\u00f6tt. Egy ideig \u00e9n voltam a mozi vezet\u0151je. A p\u00e9nzt\u00e1ros meg Nagy Mariska n\u00e9ni\u2026 Itt m\u00e9g a pl\u00e9b\u00e1nos \u00far, Somoske\u00f6y Gyula is sz\u00edndarabot, kabar\u00e9 m\u0171sort rendezett. Amikor Baglyasra ker\u00fclt, \u00f6sszeh\u00edvott n\u00e9h\u00e1ny le\u00e1nyt \u00e9s fi\u00fat azok k\u00f6z\u00fcl, akik templomba j\u00e1rtak.<\/p>\n<p>\u00c9n is k\u00f6zt\u00fck voltam \u00e9s a m\u0171sorban szerepet is kaptam.<\/p>\n<p>&#8211; J\u00f3l siker\u00fclt az els\u0151 fell\u00e9p\u00e9s?<\/p>\n<p>&#8211; Olyannyira, hogy Verle J\u00e1nos tan\u00edt\u00f3 \u00far elj\u00f6tt hozz\u00e1nk \u00e9s k\u00e9rte a sz\u00fcleimet, engedjenek a sz\u00ednj\u00e1tsz\u00f3csoportba. Akkor m\u00e1r rendszeresen el\u0151ad\u00e1sokat tartottak a kaszin\u00f3ban \u00e9s a tan\u00edt\u00f3 \u00far rendezte a darabokat. \u00c9n csak 14 \u00e9ves voltam, amikor sz\u00ednpadra l\u00e9ptem a feln\u0151ttek k\u00f6z\u00f6tt, feln\u0151tt szerepekben.\u201d<\/p>\n<p style=\"text-align: center;\"><a href=\"http:\/\/baglyasalja.hu\/baglyas\/?page_id=24\">VISSZA<\/a><\/p>\n","protected":false},"excerpt":{"rendered":"<p>\u201c- Baglyason 1945 ut\u00e1n is \u00e9l\u00e9nk kultur\u00e1lis \u00e9let bontakozott ki. Vannak akik ezt \u00f6sszek\u00f6tik Bart\u00f3k Vica \u00e9s f\u00e9rje Brech\u00f3 Lajos nev\u00e9vel. -Volt egy j\u00f3 sz\u00ednj\u00e1tsz\u00f3k\u00f6r, zenekar, t\u00e1nccsoport, dalk\u00f6r, filmet vet\u00edtettek a kaszin\u00f3ban, ahol t\u00f6bbek&#46;&#46;&#46;<\/p>\n","protected":false},"author":1,"featured_media":0,"parent":18,"menu_order":0,"comment_status":"open","ping_status":"open","template":"","meta":{"footnotes":""},"class_list":["post-25","page","type-page","status-publish","hentry"],"_links":{"self":[{"href":"http:\/\/www.baglyasalja.hu\/baglyas\/index.php?rest_route=\/wp\/v2\/pages\/25","targetHints":{"allow":["GET"]}}],"collection":[{"href":"http:\/\/www.baglyasalja.hu\/baglyas\/index.php?rest_route=\/wp\/v2\/pages"}],"about":[{"href":"http:\/\/www.baglyasalja.hu\/baglyas\/index.php?rest_route=\/wp\/v2\/types\/page"}],"author":[{"embeddable":true,"href":"http:\/\/www.baglyasalja.hu\/baglyas\/index.php?rest_route=\/wp\/v2\/users\/1"}],"replies":[{"embeddable":true,"href":"http:\/\/www.baglyasalja.hu\/baglyas\/index.php?rest_route=%2Fwp%2Fv2%2Fcomments&post=25"}],"version-history":[{"count":0,"href":"http:\/\/www.baglyasalja.hu\/baglyas\/index.php?rest_route=\/wp\/v2\/pages\/25\/revisions"}],"up":[{"embeddable":true,"href":"http:\/\/www.baglyasalja.hu\/baglyas\/index.php?rest_route=\/wp\/v2\/pages\/18"}],"wp:attachment":[{"href":"http:\/\/www.baglyasalja.hu\/baglyas\/index.php?rest_route=%2Fwp%2Fv2%2Fmedia&parent=25"}],"curies":[{"name":"wp","href":"https:\/\/api.w.org\/{rel}","templated":true}]}}