{"id":24,"date":"2008-04-24T15:27:25","date_gmt":"2008-04-24T13:27:25","guid":{"rendered":"http:\/\/baglyasalja.hu\/baglyas\/?page_id=30"},"modified":"2008-04-24T15:27:25","modified_gmt":"2008-04-24T13:27:25","slug":"bekesi-gyula","status":"publish","type":"page","link":"http:\/\/www.baglyasalja.hu\/baglyas\/?page_id=24","title":{"rendered":"B\u00e9k\u00e9si Gyula"},"content":{"rendered":"<p align=\"center\"><a name=\"bekesi\"> <img loading=\"lazy\" decoding=\"async\" src=\"..\/..\/web\/tortenet_elemei\/foto\/emb05.jpg\" border=\"0\" alt=\"\" width=\"450\" height=\"411\" \/><\/a><\/p>\n<p>\u201c- Eg\u00e9szen fiatalon kezdtem sportolni, akt\u00edv labdar\u00fag\u00f3 voltam. A nagyb\u00e1csim is ott futballozott Baglyoson. A legn\u00e9pszer\u0171bb sport ez volt. Az \u00e9szaki bajnoks\u00e1gban vett r\u00e9szt a csapat, ahol a SeS\u00e9vel j\u00e1tszott egy\u00fctt. A miskolci ter\u00fclethez tartozott a csoport \u00e9s a baglyasiak komoly eredm\u00e9nyeket \u00e9rtek el. A sport m\u00e1sik sz\u00e1mottev\u0151 ter\u00fclete az atl\u00e9tika volt. Ez a levent\u00e9kn\u00e9l indult meg. Lov\u00e1sz B\u00e9la fut\u00f3bajnok volt, B\u00f3th Laci diszkoszvet\u0151, Bog\u00e1csi Laci s\u00falyl\u00f6k\u0151.<\/p>\n<p>&#8211; Baglyasr\u00f3l a m\u00e1r akkor ismert csapathoz, az SBTC-hez ker\u00fclt. Menyi ideig j\u00e1tszott ott?<\/p>\n<p>&#8211; K\u00e9t \u00e9vig, Kiss Lacival, Hegyi Totyoval, Vincze Dodival j\u00e1tszottam az ifi csapatban. Majd \u00fajra visszaj\u00f6ttem Baglyosra. Az akt\u00edv sportot abbahagytam, de \u00e9n vezettem a mez\u00edtl\u00e1bas csapatot.<\/p>\n<p>&#8211; K\u00e9s\u0151bb, 1945 a t\u00e1n hogyan alakult Baglyasalj\u00e1a a sport\u00e9let?<\/p>\n<p>&#8211; A sport gyorsan \u00fajra\u00e9ledt, sok t\u00e1mogat\u00f3ja volt. Az \u00f6reg Pa\u00e1l b\u00e1csi volt az eln\u00f6k, k\u00e9s\u0151bb \u00e9n \u00e9s Adorj\u00e1n Andris b\u00e1\u00adcsi. A labdar\u00fag\u00f3k az \u00e9szak-magyarorsz\u00e1gi bajnoks\u00e1gban vet\u00adtek r\u00e9szt. K\u00e9s\u0151bb az NB III-ban, 1952 ut\u00e1n pedig az NB II-be ker\u00fcltek.<\/p>\n<p>-Mib\u0151l \u00e9ltek akkoriban a labdar\u00fag\u00f3k? Hol dolgozlak?<\/p>\n<p>&#8211; A csapatban j\u00f3r\u00e9szt baglyasiak j\u00e1tszottak \u00e9s kilencven sz\u00e1zal\u00e9kuk a b\u00e1ny\u00e1n\u00e1l dolgozott. Tal\u00e1n egy-kett\u0151 az \u00fcveggy\u00e1rn\u00e1l, mint And\u00f3 S\u00e1ndor, Kov\u00e1cs Sanyi.<\/p>\n<p>&#8211; Hogyan edzettek, kaptak valami munkaid\u0151 kedvezm\u00e9nyt a j\u00e1t\u00e9kosok?<\/p>\n<p>&#8211; Olyan m\u0171szakbeoszt\u00e1suk volt, hogy d\u00e9lel\u0151tt dolgoztak \u00e9s d\u00e9lut\u00e1n volt az edz\u00e9s. Mert 1950-ig m\u00e9g nem volt munkaid\u0151 kedvezm\u00e9ny. Hetente k\u00e9tszer volt edz\u00e9s, de 1952 ut\u00e1n m\u00e1r h\u00e1romszor \u00e9s munkaid\u0151 kedvezm\u00e9nyt is kaptak.<\/p>\n<p>&#8211; Hogy eml\u00e9kszik vissza, egy\u00adegy m\u00e9rk\u0151z\u00e9sen mennyi n\u00e9z\u0151 volt?<\/p>\n<p>&#8211; Ezren-ezersz\u00e1zan is megn\u00e9zt\u00e9k a m\u00e9rk\u0151z\u00e9st. A halda tele volt emberekkel. Nem csak Baglyasr\u00f3l, Salg\u00f3tarj\u00e1nb\u00f3l is j\u00f6ttek. Villamossal, vagy a hegyen kereszt\u00fcl.<\/p>\n<p>&#8211; Az anyagiakkal minden rendben volt?<\/p>\n<p>&#8211; Am\u00edg a b\u00e1nya t\u00e1mogatta a csapatot, addig igen. A tags\u00e1gi d\u00edj is p\u00f3tolt valamit. J\u00f3l felsze\u00adelt \u00f6lt\u00f6z\u00f6, aut\u00f3 az utaz\u00e1shoz, teh\u00e1t megvolt a lehet\u0151s\u00e9g a sportol\u00e1shoz.\u201d<\/p>\n<p style=\"text-align: center;\"><a href=\"http:\/\/baglyasalja.hu\/baglyas\/?page_id=24\">VISSZA<\/a><\/p>\n","protected":false},"excerpt":{"rendered":"<p>\u201c- Eg\u00e9szen fiatalon kezdtem sportolni, akt\u00edv labdar\u00fag\u00f3 voltam. A nagyb\u00e1csim is ott futballozott Baglyoson. A legn\u00e9pszer\u0171bb sport ez volt. Az \u00e9szaki bajnoks\u00e1gban vett r\u00e9szt a csapat, ahol a SeS\u00e9vel j\u00e1tszott egy\u00fctt. A miskolci ter\u00fclethez&#46;&#46;&#46;<\/p>\n","protected":false},"author":1,"featured_media":0,"parent":18,"menu_order":0,"comment_status":"open","ping_status":"open","template":"","meta":{"footnotes":""},"class_list":["post-24","page","type-page","status-publish","hentry"],"_links":{"self":[{"href":"http:\/\/www.baglyasalja.hu\/baglyas\/index.php?rest_route=\/wp\/v2\/pages\/24","targetHints":{"allow":["GET"]}}],"collection":[{"href":"http:\/\/www.baglyasalja.hu\/baglyas\/index.php?rest_route=\/wp\/v2\/pages"}],"about":[{"href":"http:\/\/www.baglyasalja.hu\/baglyas\/index.php?rest_route=\/wp\/v2\/types\/page"}],"author":[{"embeddable":true,"href":"http:\/\/www.baglyasalja.hu\/baglyas\/index.php?rest_route=\/wp\/v2\/users\/1"}],"replies":[{"embeddable":true,"href":"http:\/\/www.baglyasalja.hu\/baglyas\/index.php?rest_route=%2Fwp%2Fv2%2Fcomments&post=24"}],"version-history":[{"count":0,"href":"http:\/\/www.baglyasalja.hu\/baglyas\/index.php?rest_route=\/wp\/v2\/pages\/24\/revisions"}],"up":[{"embeddable":true,"href":"http:\/\/www.baglyasalja.hu\/baglyas\/index.php?rest_route=\/wp\/v2\/pages\/18"}],"wp:attachment":[{"href":"http:\/\/www.baglyasalja.hu\/baglyas\/index.php?rest_route=%2Fwp%2Fv2%2Fmedia&parent=24"}],"curies":[{"name":"wp","href":"https:\/\/api.w.org\/{rel}","templated":true}]}}