{"id":22,"date":"2008-04-24T15:24:39","date_gmt":"2008-04-24T13:24:39","guid":{"rendered":"http:\/\/baglyasalja.hu\/baglyas\/?page_id=28"},"modified":"2008-04-24T15:24:39","modified_gmt":"2008-04-24T13:24:39","slug":"babolnai-jeno","status":"publish","type":"page","link":"http:\/\/www.baglyasalja.hu\/baglyas\/?page_id=22","title":{"rendered":"B\u00e1bolnai Jen\u0151"},"content":{"rendered":"<p align=\"center\"><a name=\"babolnai\"> <img loading=\"lazy\" decoding=\"async\" src=\"..\/..\/web\/tortenet_elemei\/foto\/emb03.jpg\" border=\"0\" alt=\"\" width=\"450\" height=\"494\" \/><\/a><\/p>\n<p>\u201cA b\u00e1nya sok embert eltartott Baglyoson, de ahogy sz\u00e1molom volt is bel\u0151le t\u00edz-tizenkett\u0151. Itt a Katalin\u00e1n, a Brenzalj\u00e1n, a sz\u00e1nasi hegy alatt, S\u00e1ra-telepen. Sajnos mindegyik nev\u00e9re nem eml\u00e9kszem. De arr\u00f3l hallottam, hogy S\u00e1r\u00e1t Beltelkinek is nevezt\u00e9k, mert a sz\u00e9nmez\u0151 beny\u00falt eg\u00e9szen a falu al\u00e1. Kiszedt\u00e9k onnan, nem kis k\u00e1rt okozva ezzel a h\u00e1zakban. Az \u00f6regekt\u0151l hallottam, hogy a b\u00e1nya mintegy k\u00e1rp\u00f3tl\u00e1sk\u00e9nt \u00e9p\u00edtette meg a falunak a templomot meg az utat- Addig csak egy harangl\u00e1b volt, ott harangoztak delente. A templomban a b\u00e1ny\u00e1szoknak k\u00fcl\u00f6n lobog\u00f3juk volt. \u00dcnnepeiken, vagy ha b\u00e1ny\u00e1szt temettek, azt mindig kivitt\u00e9k- A b\u00e1nya biztos munkahely volt. Olyan, mint a vas\u00fat, vagy a posta. Amikor az \u00c9szak-magyarorsz\u00e1gi K\u0151sz\u00e9nb\u00e1nya Rt. r\u00e9szv\u00e9nyeit felv\u00e1s\u00e1rolta a Salg\u00f3tarj\u00e1ni K\u0151sz\u00e9nb\u00e1nya Rt, a b\u00e1nyamunk\u00e1sok rosszabbul j\u00e1rtak. Kevesebb p\u00e9nz\u00e9rt kellett dolgozniuk. A lak\u00e1s, amiben \u00e9lt\u00fcnk, a b\u00e1ny\u00e1\u00e9 volt- A vil\u00e1g\u00edt\u00e1s\u00e9rt nem fizett\u00fcnk, f\u0171teni val\u00f3 szenet, f\u00e1t is kaptunk. A b\u00e1ny\u00e1nak volt k\u00f3rh\u00e1za, sportp\u00e1ly\u00e1t \u00e9s kaszin\u00f3t is \u00e9p\u00edtett. A kaszin\u00f3ban mozi volt, a zenekar \u00e9s a dalk\u00f6r is itt m\u0171k\u00f6d\u00f6tt, k\u00fcl\u00f6n k\u00f6r\u00f6k voltak a b\u00e1nya vezet\u0151inek, az altiszteknek, az iparosoknak, a b\u00e1ny\u00e1szoknak, volt olvas\u00f3k\u00f6r is. Ki-ki a saj\u00e1t k\u00f6r\u00e9ben mehetett, sz\u00f3rakozhatott. Hanem az\u00e9rt a j\u00f3 iparosnak, a b\u00e1ny\u00e1sznak becs\u00fclete volt a b\u00e1nya vezet\u0151i el\u0151tt.\u201d<\/p>\n<p style=\"text-align: center;\"><a href=\"http:\/\/baglyasalja.hu\/baglyas\/?page_id=24\">VISSZA<\/a><\/p>\n","protected":false},"excerpt":{"rendered":"<p>\u201cA b\u00e1nya sok embert eltartott Baglyoson, de ahogy sz\u00e1molom volt is bel\u0151le t\u00edz-tizenkett\u0151. Itt a Katalin\u00e1n, a Brenzalj\u00e1n, a sz\u00e1nasi hegy alatt, S\u00e1ra-telepen. Sajnos mindegyik nev\u00e9re nem eml\u00e9kszem. De arr\u00f3l hallottam, hogy S\u00e1r\u00e1t Beltelkinek&#46;&#46;&#46;<\/p>\n","protected":false},"author":1,"featured_media":0,"parent":18,"menu_order":4,"comment_status":"open","ping_status":"open","template":"","meta":{"footnotes":""},"class_list":["post-22","page","type-page","status-publish","hentry"],"_links":{"self":[{"href":"http:\/\/www.baglyasalja.hu\/baglyas\/index.php?rest_route=\/wp\/v2\/pages\/22","targetHints":{"allow":["GET"]}}],"collection":[{"href":"http:\/\/www.baglyasalja.hu\/baglyas\/index.php?rest_route=\/wp\/v2\/pages"}],"about":[{"href":"http:\/\/www.baglyasalja.hu\/baglyas\/index.php?rest_route=\/wp\/v2\/types\/page"}],"author":[{"embeddable":true,"href":"http:\/\/www.baglyasalja.hu\/baglyas\/index.php?rest_route=\/wp\/v2\/users\/1"}],"replies":[{"embeddable":true,"href":"http:\/\/www.baglyasalja.hu\/baglyas\/index.php?rest_route=%2Fwp%2Fv2%2Fcomments&post=22"}],"version-history":[{"count":0,"href":"http:\/\/www.baglyasalja.hu\/baglyas\/index.php?rest_route=\/wp\/v2\/pages\/22\/revisions"}],"up":[{"embeddable":true,"href":"http:\/\/www.baglyasalja.hu\/baglyas\/index.php?rest_route=\/wp\/v2\/pages\/18"}],"wp:attachment":[{"href":"http:\/\/www.baglyasalja.hu\/baglyas\/index.php?rest_route=%2Fwp%2Fv2%2Fmedia&parent=22"}],"curies":[{"name":"wp","href":"https:\/\/api.w.org\/{rel}","templated":true}]}}