{"id":219,"date":"2008-10-08T13:54:00","date_gmt":"2008-10-08T11:54:00","guid":{"rendered":"http:\/\/www.baglyasalja.hu\/baglyas\/?page_id=219"},"modified":"2008-10-08T13:54:00","modified_gmt":"2008-10-08T11:54:00","slug":"ovari-janos-kepei","status":"publish","type":"page","link":"http:\/\/www.baglyasalja.hu\/baglyas\/?page_id=219","title":{"rendered":"\u00d3v\u00e1ri J\u00e1nos k\u00e9pei"},"content":{"rendered":"<p>&nbsp;<\/p>\n<p><img decoding=\"async\" src=\"http:\/\/www.baglyasalja.hu\/baglyas\/wp-content\/gallery\/081107\/081107_01.jpg\" alt=\"&Oacute;v&aacute;ri J&aacute;nos\" \/><\/p>\n<p><img decoding=\"async\" src=\"http:\/\/www.baglyasalja.hu\/baglyas\/wp-content\/gallery\/081107\/081107_09.jpg\" alt=\"&Oacute;v&aacute;ri J&aacute;nos\" \/><\/p>\n<p><img decoding=\"async\" src=\"http:\/\/www.baglyasalja.hu\/baglyas\/wp-content\/gallery\/081107\/081107_11.jpg\" alt=\"&Oacute;v&aacute;ri J&aacute;nos\" \/><\/p>\n<p><img decoding=\"async\" src=\"http:\/\/www.baglyasalja.hu\/baglyas\/wp-content\/gallery\/081107\/081107_22.jpg\" alt=\"&Oacute;v&aacute;ri J&aacute;nos\" \/><\/p>\n<p><img decoding=\"async\" src=\"http:\/\/www.baglyasalja.hu\/baglyas\/wp-content\/gallery\/081107\/081107_25.jpg\" alt=\"&Oacute;v&aacute;ri J&aacute;nos\" \/><\/p>\n<p><img decoding=\"async\" src=\"http:\/\/www.baglyasalja.hu\/baglyas\/wp-content\/gallery\/081107\/081107_40.jpg\" alt=\"&Oacute;v&aacute;ri J&aacute;nos\" \/><\/p>\n<p><img decoding=\"async\" src=\"http:\/\/www.baglyasalja.hu\/baglyas\/wp-content\/gallery\/081107\/081107_46.jpg\" alt=\"&Oacute;v&aacute;ri J&aacute;nos\" \/><\/p>\n<p><strong>&nbsp;<\/strong><\/p>\n<p><strong>Tov&aacute;bbi k&eacute;pek:<\/strong><\/p>\n<p>&nbsp;<\/p>\n<p>&nbsp;<\/p>\n\n<p>&nbsp;<\/p>\n","protected":false},"excerpt":{"rendered":"<p>&nbsp; &nbsp; Tov&aacute;bbi k&eacute;pek: &nbsp; &nbsp; &nbsp;<\/p>\n","protected":false},"author":1,"featured_media":0,"parent":15,"menu_order":0,"comment_status":"open","ping_status":"open","template":"","meta":{"footnotes":""},"class_list":["post-219","page","type-page","status-publish","hentry"],"_links":{"self":[{"href":"http:\/\/www.baglyasalja.hu\/baglyas\/index.php?rest_route=\/wp\/v2\/pages\/219","targetHints":{"allow":["GET"]}}],"collection":[{"href":"http:\/\/www.baglyasalja.hu\/baglyas\/index.php?rest_route=\/wp\/v2\/pages"}],"about":[{"href":"http:\/\/www.baglyasalja.hu\/baglyas\/index.php?rest_route=\/wp\/v2\/types\/page"}],"author":[{"embeddable":true,"href":"http:\/\/www.baglyasalja.hu\/baglyas\/index.php?rest_route=\/wp\/v2\/users\/1"}],"replies":[{"embeddable":true,"href":"http:\/\/www.baglyasalja.hu\/baglyas\/index.php?rest_route=%2Fwp%2Fv2%2Fcomments&post=219"}],"version-history":[{"count":0,"href":"http:\/\/www.baglyasalja.hu\/baglyas\/index.php?rest_route=\/wp\/v2\/pages\/219\/revisions"}],"up":[{"embeddable":true,"href":"http:\/\/www.baglyasalja.hu\/baglyas\/index.php?rest_route=\/wp\/v2\/pages\/15"}],"wp:attachment":[{"href":"http:\/\/www.baglyasalja.hu\/baglyas\/index.php?rest_route=%2Fwp%2Fv2%2Fmedia&parent=219"}],"curies":[{"name":"wp","href":"https:\/\/api.w.org\/{rel}","templated":true}]}}