{"id":1782,"date":"2013-01-28T21:50:21","date_gmt":"2013-01-28T19:50:21","guid":{"rendered":"http:\/\/www.baglyasalja.hu\/baglyas\/?page_id=1782"},"modified":"2016-03-03T10:47:17","modified_gmt":"2016-03-03T08:47:17","slug":"kozlemeny-szja-1-felhasznalasarol","status":"publish","type":"page","link":"http:\/\/www.baglyasalja.hu\/baglyas\/?page_id=1782","title":{"rendered":"K\u00f6zlem\u00e9ny SZJA 1% felhaszn\u00e1l\u00e1s\u00e1r\u00f3l"},"content":{"rendered":"<p><strong>2015-ben<\/strong> a szem\u00e9lyi j\u00f6vedelemad\u00f3 1% -nak \u00a0felaj\u00e1nl\u00e1sb\u00f3l Bar\u00e1ti K\u00f6r\u00fcnk \u00a0<strong>114000<\/strong>\u00a0forintot kapott.<\/p>\n<p>Az \u00f6sszegb\u0151l a S\u00c1IK Koll\u00e9giumnak,<strong> 10000<\/strong>\u00a0Ft-t,<\/p>\n<p>a Magyar V\u00f6r\u00f6skereszt Baglyasaljai Szervezet\u00e9nek, <strong>10000<\/strong>\u00a0Ft-t adtunk \u00e1t.<\/p>\n<p>A k\u00fcl\u00f6nb\u00f6zetet, <strong>94000<\/strong>\u00a0forintot egyes\u00fclet\u00fcnk m\u0171k\u00f6d\u00e9si kiad\u00e1sainak fedez\u00e9s\u00e9re ford\u00edtottuk.<\/p>\n<p>&nbsp;<\/p>\n<p style=\"text-align: center;\"><strong>K\u00f6sz\u00f6nj\u00fck t\u00e1mogat\u00f3inknak felaj\u00e1nl\u00e1sukat!<\/strong><\/p>\n","protected":false},"excerpt":{"rendered":"<p>2015-ben a szem\u00e9lyi j\u00f6vedelemad\u00f3 1% -nak \u00a0felaj\u00e1nl\u00e1sb\u00f3l Bar\u00e1ti K\u00f6r\u00fcnk \u00a0114000\u00a0forintot kapott. Az \u00f6sszegb\u0151l a S\u00c1IK Koll\u00e9giumnak, 10000\u00a0Ft-t, a Magyar V\u00f6r\u00f6skereszt Baglyasaljai Szervezet\u00e9nek, 10000\u00a0Ft-t adtunk \u00e1t. A k\u00fcl\u00f6nb\u00f6zetet, 94000\u00a0forintot egyes\u00fclet\u00fcnk m\u0171k\u00f6d\u00e9si kiad\u00e1sainak fedez\u00e9s\u00e9re ford\u00edtottuk. &nbsp;&#46;&#46;&#46;<\/p>\n","protected":false},"author":1,"featured_media":0,"parent":4,"menu_order":0,"comment_status":"open","ping_status":"open","template":"","meta":{"footnotes":""},"class_list":["post-1782","page","type-page","status-publish","hentry"],"_links":{"self":[{"href":"http:\/\/www.baglyasalja.hu\/baglyas\/index.php?rest_route=\/wp\/v2\/pages\/1782","targetHints":{"allow":["GET"]}}],"collection":[{"href":"http:\/\/www.baglyasalja.hu\/baglyas\/index.php?rest_route=\/wp\/v2\/pages"}],"about":[{"href":"http:\/\/www.baglyasalja.hu\/baglyas\/index.php?rest_route=\/wp\/v2\/types\/page"}],"author":[{"embeddable":true,"href":"http:\/\/www.baglyasalja.hu\/baglyas\/index.php?rest_route=\/wp\/v2\/users\/1"}],"replies":[{"embeddable":true,"href":"http:\/\/www.baglyasalja.hu\/baglyas\/index.php?rest_route=%2Fwp%2Fv2%2Fcomments&post=1782"}],"version-history":[{"count":0,"href":"http:\/\/www.baglyasalja.hu\/baglyas\/index.php?rest_route=\/wp\/v2\/pages\/1782\/revisions"}],"up":[{"embeddable":true,"href":"http:\/\/www.baglyasalja.hu\/baglyas\/index.php?rest_route=\/wp\/v2\/pages\/4"}],"wp:attachment":[{"href":"http:\/\/www.baglyasalja.hu\/baglyas\/index.php?rest_route=%2Fwp%2Fv2%2Fmedia&parent=1782"}],"curies":[{"name":"wp","href":"https:\/\/api.w.org\/{rel}","templated":true}]}}