{"id":157,"date":"2016-01-06T22:57:51","date_gmt":"2016-01-06T20:57:51","guid":{"rendered":"http:\/\/www.baglyasalja.hu\/baglyas\/?page_id=157"},"modified":"2017-01-23T23:29:14","modified_gmt":"2017-01-23T21:29:14","slug":"havi-programjaink","status":"publish","type":"page","link":"http:\/\/www.baglyasalja.hu\/baglyas\/?page_id=157","title":{"rendered":"Tervezett programok"},"content":{"rendered":"<h1><strong>TERVEZETT PROGRAMJAINK<\/strong><\/h1>\n<p><strong>-Janu\u00e1r 27. Kult\u00fara napja<\/strong><\/p>\n<p><strong>-Febru\u00e1r 7. \u00dajhelyin\u00e9 Csincsik Orsolya ki\u00e1ll\u00edt\u00e1sa<\/strong><\/p>\n<p><strong>-T\u00e9lb\u00facs\u00faztat\u00f3, Hagyom\u00e1ny\u0151rz\u00e9s<\/strong><\/p>\n<p>&nbsp;<\/p>\n<p>&nbsp;<\/p>\n","protected":false},"excerpt":{"rendered":"<p>TERVEZETT PROGRAMJAINK -Janu\u00e1r 27. Kult\u00fara napja -Febru\u00e1r 7. \u00dajhelyin\u00e9 Csincsik Orsolya ki\u00e1ll\u00edt\u00e1sa -T\u00e9lb\u00facs\u00faztat\u00f3, Hagyom\u00e1ny\u0151rz\u00e9s &nbsp; &nbsp;<\/p>\n","protected":false},"author":1,"featured_media":0,"parent":4,"menu_order":0,"comment_status":"open","ping_status":"open","template":"","meta":{"footnotes":""},"class_list":["post-157","page","type-page","status-publish","hentry"],"_links":{"self":[{"href":"http:\/\/www.baglyasalja.hu\/baglyas\/index.php?rest_route=\/wp\/v2\/pages\/157","targetHints":{"allow":["GET"]}}],"collection":[{"href":"http:\/\/www.baglyasalja.hu\/baglyas\/index.php?rest_route=\/wp\/v2\/pages"}],"about":[{"href":"http:\/\/www.baglyasalja.hu\/baglyas\/index.php?rest_route=\/wp\/v2\/types\/page"}],"author":[{"embeddable":true,"href":"http:\/\/www.baglyasalja.hu\/baglyas\/index.php?rest_route=\/wp\/v2\/users\/1"}],"replies":[{"embeddable":true,"href":"http:\/\/www.baglyasalja.hu\/baglyas\/index.php?rest_route=%2Fwp%2Fv2%2Fcomments&post=157"}],"version-history":[{"count":0,"href":"http:\/\/www.baglyasalja.hu\/baglyas\/index.php?rest_route=\/wp\/v2\/pages\/157\/revisions"}],"up":[{"embeddable":true,"href":"http:\/\/www.baglyasalja.hu\/baglyas\/index.php?rest_route=\/wp\/v2\/pages\/4"}],"wp:attachment":[{"href":"http:\/\/www.baglyasalja.hu\/baglyas\/index.php?rest_route=%2Fwp%2Fv2%2Fmedia&parent=157"}],"curies":[{"name":"wp","href":"https:\/\/api.w.org\/{rel}","templated":true}]}}