{"id":1458,"date":"2012-01-07T08:53:07","date_gmt":"2012-01-07T06:53:07","guid":{"rendered":"http:\/\/www.baglyasalja.hu\/baglyas\/?page_id=1458"},"modified":"2013-02-03T19:08:48","modified_gmt":"2013-02-03T17:08:48","slug":"baglyasko-regeje","status":"publish","type":"page","link":"http:\/\/www.baglyasalja.hu\/baglyas\/?page_id=1458","title":{"rendered":"&#8222;Baglyask\u0151 reg\u00e9je&#8221;"},"content":{"rendered":"<p><object width=\"480\" height=\"360\" classid=\"clsid:d27cdb6e-ae6d-11cf-96b8-444553540000\" codebase=\"http:\/\/download.macromedia.com\/pub\/shockwave\/cabs\/flash\/swflash.cab#version=6,0,40,0\"><param name=\"allowFullScreen\" value=\"true\" \/><param name=\"allowscriptaccess\" value=\"always\" \/><param name=\"src\" value=\"http:\/\/www.youtube.com\/v\/lBx85wFBMF4?hl=hu_HU&amp;version=3\" \/><param name=\"allowfullscreen\" value=\"true\" \/><embed width=\"480\" height=\"360\" type=\"application\/x-shockwave-flash\" src=\"http:\/\/www.youtube.com\/v\/lBx85wFBMF4?hl=hu_HU&amp;version=3\" allowFullScreen=\"true\" allowscriptaccess=\"always\" allowfullscreen=\"true\" \/><\/object><\/p>\n<p><img loading=\"lazy\" decoding=\"async\" class=\"aligncenter\" alt=\"\" src=\"http:\/\/www.baglyasalja.hu\/web\/baglyaskorege.jpg\" width=\"468\" height=\"600\" \/><\/p>\n<p>Az Irodalmi p\u00e1ly\u00e1zaton els\u0151 helyez\u00e9st \u00e9rt el <strong>Dr. F\u00fcst Antal <em> &#8222;Baglyask\u0151 reg\u00e9je&#8221; <\/em><\/strong>c\u00edm\u0171 m\u0171v\u00e9vel.<\/p>\n<p>Az \u00e9rdekl\u0151d\u0151k az al\u00e1bbi linkr\u0151l let\u00f6ltve olvashatj\u00e1k el a d\u00edjnyertes alkot\u00e1st.<\/p>\n<h2 style=\"text-align: center;\"><a title=\"Baglyask\u0151 reg\u00e9je\" href=\"http:\/\/www.baglyasalja.hu\/web\/Baglyasko_ regeje.pdf\" target=\"_blank\"><em>BAGLYASK\u0150 REG\u00c9JE<\/em><\/a><\/h2>\n","protected":false},"excerpt":{"rendered":"<p>Az Irodalmi p\u00e1ly\u00e1zaton els\u0151 helyez\u00e9st \u00e9rt el Dr. F\u00fcst Antal &#8222;Baglyask\u0151 reg\u00e9je&#8221; c\u00edm\u0171 m\u0171v\u00e9vel. Az \u00e9rdekl\u0151d\u0151k az al\u00e1bbi linkr\u0151l let\u00f6ltve olvashatj\u00e1k el a d\u00edjnyertes alkot\u00e1st. BAGLYASK\u0150 REG\u00c9JE<\/p>\n","protected":false},"author":1,"featured_media":0,"parent":903,"menu_order":5,"comment_status":"open","ping_status":"open","template":"","meta":{"footnotes":""},"class_list":["post-1458","page","type-page","status-publish","hentry"],"_links":{"self":[{"href":"http:\/\/www.baglyasalja.hu\/baglyas\/index.php?rest_route=\/wp\/v2\/pages\/1458","targetHints":{"allow":["GET"]}}],"collection":[{"href":"http:\/\/www.baglyasalja.hu\/baglyas\/index.php?rest_route=\/wp\/v2\/pages"}],"about":[{"href":"http:\/\/www.baglyasalja.hu\/baglyas\/index.php?rest_route=\/wp\/v2\/types\/page"}],"author":[{"embeddable":true,"href":"http:\/\/www.baglyasalja.hu\/baglyas\/index.php?rest_route=\/wp\/v2\/users\/1"}],"replies":[{"embeddable":true,"href":"http:\/\/www.baglyasalja.hu\/baglyas\/index.php?rest_route=%2Fwp%2Fv2%2Fcomments&post=1458"}],"version-history":[{"count":0,"href":"http:\/\/www.baglyasalja.hu\/baglyas\/index.php?rest_route=\/wp\/v2\/pages\/1458\/revisions"}],"up":[{"embeddable":true,"href":"http:\/\/www.baglyasalja.hu\/baglyas\/index.php?rest_route=\/wp\/v2\/pages\/903"}],"wp:attachment":[{"href":"http:\/\/www.baglyasalja.hu\/baglyas\/index.php?rest_route=%2Fwp%2Fv2%2Fmedia&parent=1458"}],"curies":[{"name":"wp","href":"https:\/\/api.w.org\/{rel}","templated":true}]}}