{"id":14,"date":"2008-04-24T10:19:12","date_gmt":"2008-04-24T08:19:12","guid":{"rendered":"http:\/\/baglyasalja.hu\/baglyas\/?page_id=20"},"modified":"2018-02-28T12:12:33","modified_gmt":"2018-02-28T10:12:33","slug":"baglyasi-hirmondo","status":"publish","type":"page","link":"http:\/\/www.baglyasalja.hu\/baglyas\/?page_id=14","title":{"rendered":"H\u00edrmond\u00f3"},"content":{"rendered":"<p style=\"text-align: center;\"><a href=\"http:\/\/baglyasalja.hu\/hirmondo\/hirmondo18.1.pdf\"> <img decoding=\"async\" class=\"aligncenter\" src=\"http:\/\/baglyasalja.hu\/hirmondo\/hirmondo.jpg\" alt=\"\" border=\"0\"\/><\/a><\/p>\n<p style=\"text-align: center;\"><strong>A H\u00edrmond\u00f3 <span class=\"menu1\"> let\u00f6lt\u00e9s\u00e9hez \u00e9s megtekint\u00e9s\u00e9hez rendelkeznie kell az Adobe Acrobat Reader telep\u00edtett p\u00e9ld\u00e1ny\u00e1val a sz\u00e1m\u00edt\u00f3g\u00e9p\u00e9n. <\/span><\/strong><\/p>\n<p>&nbsp;<\/p>\n<p style=\"text-align: center;\"><span style=\"text-decoration: underline;\"><strong><span style=\"font-size: x-large; font-family: Castellar;\">2017<\/span><\/strong><\/span><\/p>\n<p style=\"text-align: center;\"><strong><span style=\"font-size: large; font-family: Castellar;\"><strong><a href=\"http:\/\/baglyasalja.hu\/hirmondo\/hirmondo18.1.pdf\">XVIII. \u00e9vfolyam 1. sz\u00e1m<\/a><\/strong><\/span><\/strong><\/p>\n<p>&nbsp;<\/p>\n<p style=\"text-align: center;\"><span style=\"text-decoration: underline;\"><strong><span style=\"font-size: x-large; font-family: Castellar;\">2016<\/span><\/strong><\/span><\/p>\n<p style=\"text-align: center;\"><strong><span style=\"font-size: large; font-family: Castellar;\"><a href=\"http:\/\/baglyasalja.hu\/hirmondo\/hirmondo17.4.pdf\">XVII. \u00e9vfolyam 4. sz\u00e1m<\/a><\/span><\/strong><\/p>\n<p style=\"text-align: center;\"><strong><span style=\"font-size: large; font-family: Castellar;\"><a href=\"http:\/\/baglyasalja.hu\/hirmondo\/hirmondo17.3.pdf\">XVII. \u00e9vfolyam 3. sz\u00e1m<\/a><\/span><\/strong><\/p>\n<p style=\"text-align: center;\"><strong><span style=\"font-size: large; font-family: Castellar;\"><a href=\"http:\/\/baglyasalja.hu\/hirmondo\/hirmondo17.2.pdf\">XVII. \u00e9vfolyam 2. sz\u00e1m<\/a><\/span><\/strong><\/p>\n<p style=\"text-align: center;\"><strong><span style=\"font-size: large; font-family: Castellar;\"><strong><a href=\"http:\/\/baglyasalja.hu\/hirmondo\/hirmondo17.1.pdf\">XVII. \u00e9vfolyam 1. sz\u00e1m<\/a><\/strong><\/span><\/strong><\/p>\n<p>&nbsp;<\/p>\n<p style=\"text-align: center;\"><span style=\"text-decoration: underline;\"><strong><span style=\"font-size: x-large; font-family: Castellar;\">2015<\/span><\/strong><\/span><\/p>\n<p style=\"text-align: center;\"><strong><span style=\"font-size: large; font-family: Castellar;\"><a href=\"http:\/\/baglyasalja.hu\/hirmondo\/hirmondo16.4.pdf\">XVI. \u00e9vfolyam 4. sz\u00e1m<\/a><\/span><\/strong><\/p>\n<p style=\"text-align: center;\"><strong><span style=\"font-size: large; font-family: Castellar;\"><a href=\"http:\/\/baglyasalja.hu\/hirmondo\/hirmondo16.3.pdf\">XVI. \u00e9vfolyam 3. sz\u00e1m<\/a><\/span><\/strong><\/p>\n<p style=\"text-align: center;\"><strong><span style=\"font-size: large; font-family: Castellar;\"><strong><a href=\"http:\/\/baglyasalja.hu\/hirmondo\/hirmondo16.2.pdf\">XVI. \u00e9vfolyam 2. sz\u00e1m<\/a><\/strong><\/span><\/strong><\/p>\n<p style=\"text-align: center;\"><strong><span style=\"font-size: large; font-family: Castellar;\"><strong><a href=\"http:\/\/baglyasalja.hu\/hirmondo\/hirmondo16.1.pdf\">XVI. \u00e9vfolyam 1. sz\u00e1m<\/a><\/strong><\/span><\/strong><\/p>\n<p>&nbsp;<\/p>\n<p style=\"text-align: center;\"><span style=\"text-decoration: underline;\"><strong><span style=\"font-size: x-large; font-family: Castellar;\">2014<\/span><\/strong><\/span><\/p>\n<p style=\"text-align: center;\"><strong><span style=\"font-size: large; font-family: Castellar;\"><strong><a href=\"http:\/\/baglyasalja.hu\/hirmondo\/hirmondo15.4.pdf\">XV. \u00e9vfolyam 4. sz\u00e1m<\/a><\/strong><\/span><\/strong><\/p>\n<p style=\"text-align: center;\"><strong><span style=\"font-size: large; font-family: Castellar;\"><strong><a href=\"http:\/\/baglyasalja.hu\/hirmondo\/hirmondo15.3.pdf\">XV. \u00e9vfolyam 3. sz\u00e1m<\/a><\/strong><\/span><\/strong><\/p>\n<p style=\"text-align: center;\"><strong><span style=\"font-size: large; font-family: Castellar;\"><strong><a href=\"http:\/\/baglyasalja.hu\/hirmondo\/hirmondo15.2.pdf\">XV. \u00e9vfolyam 2. sz\u00e1m<\/a><\/strong><\/span><\/strong><\/p>\n<p style=\"text-align: center;\"><strong><span style=\"font-size: large; font-family: Castellar;\"><strong><a href=\"http:\/\/baglyasalja.hu\/hirmondo\/hirmondo15.1.pdf\">XV. \u00e9vfolyam 1. sz\u00e1m<\/a><\/strong><\/span><\/strong><\/p>\n<p>&nbsp;<\/p>\n<p style=\"text-align: center;\"><span style=\"text-decoration: underline;\"><strong><span style=\"font-size: x-large; font-family: Castellar;\">2013<\/span><\/strong><\/span><\/p>\n<p style=\"text-align: center;\"><strong><span style=\"font-size: large; font-family: Castellar;\"><strong><a href=\"http:\/\/baglyasalja.hu\/hirmondo\/hirmondo14.4.pdf\">XIV. \u00e9vfolyam 4. sz\u00e1m<\/a><\/strong><\/span><\/strong><\/p>\n<p style=\"text-align: center;\"><strong><span style=\"font-size: large; font-family: Castellar;\"><strong><a href=\"http:\/\/baglyasalja.hu\/hirmondo\/hirmondo14.3.pdf\">XIV. \u00e9vfolyam 3. sz\u00e1m<\/a><\/strong><\/span><\/strong><\/p>\n<p style=\"text-align: center;\"><strong><span style=\"font-size: large; font-family: Castellar;\"><strong><a href=\"http:\/\/baglyasalja.hu\/hirmondo\/hirmondo14.2.pdf\">XIV. \u00e9vfolyam 2. sz\u00e1m<\/a><\/strong><\/span><\/strong><\/p>\n<p style=\"text-align: center;\"><strong><span style=\"font-size: large; font-family: Castellar;\"><strong><a href=\"http:\/\/baglyasalja.hu\/hirmondo\/hirmondo14.1.pdf\">XIV. \u00e9vfolyam 1. sz\u00e1m<\/a><\/strong><\/span><\/strong><\/p>\n<p style=\"text-align: center;\"><span style=\"text-decoration: underline;\"><strong><span style=\"font-size: x-large; font-family: Castellar;\">2012<\/span><\/strong><\/span><\/p>\n<p style=\"text-align: center;\"><strong><span style=\"font-size: large; font-family: Castellar;\"><strong><a href=\"http:\/\/baglyasalja.hu\/hirmondo\/hirmondo13.4.pdf\">XIII. \u00e9vfolyam 4. sz\u00e1m<\/a><\/strong><\/span><\/strong><\/p>\n<p style=\"text-align: center;\"><strong><span style=\"font-size: large; font-family: Castellar;\"><strong><a href=\"http:\/\/baglyasalja.hu\/hirmondo\/hirmondo13.3.pdf\">XIII. \u00e9vfolyam 3. sz\u00e1m<\/a><\/strong><\/span><\/strong><\/p>\n<p style=\"text-align: center;\"><strong><span style=\"font-size: large; font-family: Castellar;\"><strong><a href=\"http:\/\/baglyasalja.hu\/hirmondo\/hirmondo13.2.pdf\">XIII. \u00e9vfolyam 2. sz\u00e1m<\/a><\/strong><\/span><\/strong><\/p>\n<p style=\"text-align: center;\"><strong><span style=\"font-size: large; font-family: Castellar;\"><strong><a href=\"http:\/\/baglyasalja.hu\/hirmondo\/hirmondo13.1.pdf\">XIII. \u00e9vfolyam 1. sz\u00e1m<\/a><\/strong><\/span><\/strong><\/p>\n<p style=\"text-align: center;\"><span style=\"text-decoration: underline;\"><strong><span style=\"font-size: x-large; font-family: Castellar;\">2011<\/span><\/strong><\/span><\/p>\n<p style=\"text-align: center;\"><strong><span style=\"font-size: large; font-family: Castellar;\"><strong><a href=\"http:\/\/baglyasalja.hu\/hirmondo\/hirmondo12.4.pdf\">XII. \u00e9vfolyam 4. sz\u00e1m<\/a><\/strong><\/span><\/strong><\/p>\n<p style=\"text-align: center;\"><strong><span style=\"font-size: large; font-family: Castellar;\">XII. \u00e9vfolyam 3. sz\u00e1m<\/span><\/strong><\/p>\n<p style=\"text-align: center;\"><strong><span style=\"font-size: large; font-family: Castellar;\"><a href=\"http:\/\/baglyasalja.hu\/hirmondo\/hirmondo12.2.pdf\"><span style=\"color: #000000;\">XII. \u00e9vfolyam 2. sz\u00e1m<\/span><\/a><\/span><\/strong><\/p>\n<p style=\"text-align: center;\"><strong><span style=\"font-size: large; font-family: Castellar;\"><a href=\"http:\/\/baglyasalja.hu\/hirmondo\/hirmondo12.1.pdf\"><span style=\"color: #000000;\">XII. \u00e9vfolyam 1. sz\u00e1m<\/span><\/a><\/span><\/strong><\/p>\n<p style=\"text-align: center;\"><span style=\"font-family: Castellar; font-size: medium;\"><strong><br \/>\n<\/strong><\/span><\/p>\n<p style=\"text-align: center;\"><span style=\"text-decoration: underline;\"><strong><span style=\"font-size: x-large; font-family: Castellar;\">2010<\/span><\/strong><\/span><\/p>\n<p style=\"text-align: center;\"><strong><span style=\"font-size: large; font-family: Castellar;\"><a href=\"http:\/\/baglyasalja.hu\/hirmondo\/hirmondo11.4.pdf\"><span style=\"color: #000000;\">XI. \u00e9vfolyam 4. sz\u00e1m<\/span><\/a><\/span><\/strong><\/p>\n<p style=\"text-align: center;\"><strong><span style=\"font-size: large; font-family: Castellar;\"><a href=\"http:\/\/baglyasalja.hu\/hirmondo\/hirmondo11.3.pdf\"><span style=\"color: #000000;\">XI. \u00e9vfolyam 3. sz\u00e1m<\/span><\/a><\/span><\/strong><\/p>\n<p style=\"text-align: center;\"><strong><span style=\"font-size: large; font-family: Castellar;\"><a href=\"http:\/\/baglyasalja.hu\/hirmondo\/hirmondo11.2.pdf\"><span style=\"color: #000000;\">XI. \u00e9vfolyam 2. sz\u00e1m<\/span><\/a><\/span><\/strong><\/p>\n<p style=\"text-align: center;\"><strong><span style=\"font-size: large; font-family: Castellar;\"><a href=\"http:\/\/baglyasalja.hu\/hirmondo\/hirmondo11.1.pdf\"><span style=\"color: #000000;\">XI. \u00e9vfolyam 1. sz\u00e1m<\/span><\/a><\/span><\/strong><\/p>\n<p style=\"text-align: center;\"><strong><span style=\"font-size: large; font-family: Castellar;\"><span style=\"color: #000000;\"><br \/>\n<\/span><\/span><\/strong><\/p>\n<p style=\"text-align: center;\"><span style=\"text-decoration: underline;\"><strong><span style=\"font-size: x-large; font-family: Castellar;\">2009<\/span><\/strong><\/span><\/p>\n<p style=\"text-align: center;\"><strong><span style=\"font-size: large; font-family: Castellar;\"><a href=\"http:\/\/baglyasalja.hu\/hirmondo\/hirmondo10.4.pdf\"><span style=\"color: #000000;\">X. \u00e9vfolyam 4. sz\u00e1m<\/span><\/a><\/span><\/strong><\/p>\n<p style=\"text-align: center;\"><strong><span style=\"font-size: large; font-family: Castellar;\"><a href=\"http:\/\/baglyasalja.hu\/hirmondo\/hirmondo10.3.pdf\"><span style=\"color: #000000;\">X. \u00e9vfolyam 3. sz\u00e1m<\/span><\/a><\/span><\/strong><\/p>\n<p style=\"text-align: center;\"><strong><span style=\"font-size: large; font-family: Castellar;\"><a href=\"http:\/\/baglyasalja.hu\/hirmondo\/hirmondo10.2.pdf\"><span style=\"color: #000000;\">X. \u00e9vfolyam 2. sz\u00e1m<\/span><\/a><\/span><\/strong><\/p>\n<p style=\"text-align: center;\"><strong><span style=\"font-size: large; font-family: Castellar;\"><a href=\"http:\/\/baglyasalja.hu\/hirmondo\/hirmondo10.1.pdf\"><span style=\"color: #000000;\">X. \u00e9vfolyam 1. sz\u00e1m<\/span><\/a><\/span><\/strong><\/p>\n<p style=\"text-align: center;\"><span style=\"font-family: Castellar; font-size: medium;\"><strong><br \/>\n<\/strong><\/span><\/p>\n<p style=\"text-align: center;\"><span style=\"text-decoration: underline;\"><strong><span style=\"font-size: x-large; font-family: Castellar;\">2008<\/span><\/strong><\/span><\/p>\n<p style=\"text-align: center;\"><strong><span style=\"font-size: large; font-family: Castellar;\"><a href=\"http:\/\/baglyasalja.hu\/hirmondo\/hirmondo9.4.pdf\"><span style=\"color: #000000;\">IX. \u00e9vfolyam 4. sz\u00e1m<\/span><\/a><\/span><\/strong><\/p>\n<p style=\"text-align: center;\"><strong><span style=\"font-size: large; font-family: Castellar;\"><a href=\"http:\/\/baglyasalja.hu\/hirmondo\/hirmondo9.3.pdf\"><span style=\"color: #000000;\">IX. \u00e9vfolyam 3. sz\u00e1m<\/span><\/a><\/span><\/strong><\/p>\n<p style=\"text-align: center;\"><strong><span style=\"font-size: large; font-family: Castellar;\"> <a href=\"http:\/\/baglyasalja.hu\/hirmondo\/hirmondo9.2.pdf\" target=\"kozep\"> <span style=\"color: #000000;\">IX. \u00e9vfolyam 2. sz\u00e1m<\/span><\/a><\/span><\/strong><\/p>\n<p style=\"text-align: center;\"><strong><span style=\"font-size: large; font-family: Castellar;\"> <a href=\"http:\/\/baglyasalja.hu\/hirmondo\/hirmondo9.1.pdf\" target=\"kozep\"> <span style=\"color: #000000;\">IX. \u00e9vfolyam 1. sz\u00e1m<\/span><\/a><\/span><\/strong><\/p>\n<p>&nbsp;<\/p>\n<p style=\"text-align: center;\"><span style=\"text-decoration: underline;\"><strong><span style=\"font-size: x-large; font-family: Castellar;\">2007<\/span><\/strong><\/span><\/p>\n<p style=\"text-align: center;\"><strong><span style=\"font-size: large; font-family: Castellar;\"> <a href=\"http:\/\/baglyasalja.hu\/hirmondo\/hirmondo8.4.pdf\" target=\"kozep\"> <span style=\"color: #000000;\">VIII. \u00e9vfolyam 4. sz\u00e1m<\/span><\/a><\/span><\/strong><\/p>\n<p style=\"text-align: center;\"><strong><span style=\"font-size: large; font-family: Castellar;\"> <a href=\"http:\/\/baglyasalja.hu\/hirmondo\/hirmondo8.3.pdf\" target=\"kozep\"> <span style=\"color: #000000;\">VIII. \u00e9vfolyam 3. sz\u00e1m<\/span><\/a><\/span><\/strong><\/p>\n<p style=\"text-align: center;\"><strong><span style=\"font-size: large; font-family: Castellar;\"> <a href=\"http:\/\/baglyasalja.hu\/hirmondo\/hirmondo8.2.pdf\" target=\"kozep\"> <span style=\"color: #000000;\">VIII. \u00e9vfolyam 2. sz\u00e1m<\/span><\/a><\/span><\/strong><\/p>\n<p style=\"text-align: center;\"><strong><span style=\"font-size: large; font-family: Castellar;\"> <a href=\"http:\/\/baglyasalja.hu\/hirmondo\/hirmondo8.1.pdf\" target=\"kozep\"> <span style=\"color: #000000;\">VIII. \u00e9vfolyam 1. sz\u00e1m<\/span><\/a><\/span><\/strong><\/p>\n<p>&nbsp;<\/p>\n<p style=\"text-align: center;\"><span style=\"text-decoration: underline;\"><strong><span style=\"font-size: x-large; font-family: Castellar;\">2006<\/span><\/strong><\/span><\/p>\n<p style=\"text-align: center;\"><strong><span style=\"font-size: large; font-family: Castellar;\"> <a href=\"http:\/\/baglyasalja.hu\/hirmondo\/hirmondo7.4.pdf\" target=\"kozep\"> <span style=\"color: #000000;\">VII. \u00e9vfolyam 4. sz\u00e1m<\/span><\/a><\/span><\/strong><\/p>\n<p style=\"text-align: center;\"><strong><span style=\"font-size: large; font-family: Castellar;\"> <a href=\"http:\/\/baglyasalja.hu\/hirmondo\/hirmondo7.3.pdf\" target=\"kozep\"> <span style=\"color: #000000;\">VII. \u00e9vfolyam 3. sz\u00e1m<\/span><\/a><\/span><\/strong><\/p>\n<p style=\"text-align: center;\"><strong><span style=\"font-size: large; font-family: Castellar;\"> <a href=\"http:\/\/baglyasalja.hu\/hirmondo\/hirmondo7.2.pdf\"><span style=\"color: #000000;\"> VII. \u00e9vfolyam 2. sz\u00e1m<\/span><\/a><\/span><\/strong><\/p>\n<p style=\"text-align: center;\"><strong><span style=\"font-size: large; font-family: Castellar;\"> <a href=\"http:\/\/baglyasalja.hu\/hirmondo\/hirmondo7.1..pdf\"> <span style=\"color: #000000;\">VII. \u00e9vfolyam 1. sz\u00e1m<\/span><\/a><\/span><\/strong><\/p>\n<p>&nbsp;<\/p>\n<p style=\"text-align: center;\"><span style=\"text-decoration: underline;\"><strong><span style=\"font-size: x-large; font-family: Castellar;\">2005<\/span><\/strong><\/span><\/p>\n<p style=\"text-align: center;\"><strong><span style=\"font-size: large; font-family: Castellar;\"> <a href=\"http:\/\/baglyasalja.hu\/hirmondo\/hirmondo6.4..pdf\"> <span style=\"color: #000000;\">VI. \u00e9vfolyam 4. sz\u00e1m<\/span><\/a><\/span><\/strong><\/p>\n<p style=\"text-align: center;\"><strong><span style=\"font-size: large; font-family: Castellar;\"> <a href=\"http:\/\/baglyasalja.hu\/hirmondo\/hirmondo6.3..pdf\"> <span style=\"color: #000000;\">VI. \u00e9vfolyam 3. sz\u00e1m<\/span><\/a><\/span><\/strong><\/p>\n<p style=\"text-align: center;\"><strong><span style=\"font-size: large; font-family: Castellar;\"> <a href=\"http:\/\/baglyasalja.hu\/hirmondo\/hirmondo6.2..pdf\"> <span style=\"color: #000000;\">VI. \u00e9vfolyam 2. sz\u00e1m<\/span><\/a><\/span><\/strong><\/p>\n<p style=\"text-align: center;\"><strong><span style=\"font-size: large; font-family: Castellar;\"> <a href=\"http:\/\/baglyasalja.hu\/hirmondo\/hirmondo6.1..pdf\"> <span style=\"color: #000000;\">VI. \u00e9vfolyam 1. sz\u00e1m<\/span><\/a><\/span><\/strong><\/p>\n<p>&nbsp;<\/p>\n<p style=\"text-align: center;\"><span style=\"text-decoration: underline;\"><strong><span style=\"font-size: x-large; font-family: Castellar;\">2004<\/span><\/strong><\/span><\/p>\n<p style=\"text-align: center;\"><strong><span style=\"font-size: large; font-family: Castellar;\"> <a href=\"http:\/\/baglyasalja.hu\/hirmondo\/hirmondo5.4..pdf\"> <span style=\"color: #000000;\">V. \u00e9vfolyam 4. sz\u00e1m<\/span><\/a><\/span><\/strong><\/p>\n<p style=\"text-align: center;\"><strong><span style=\"font-size: large; font-family: Castellar;\"> <a href=\"http:\/\/baglyasalja.hu\/hirmondo\/hirmondo5.3..pdf\"> <span style=\"color: #000000;\">V. \u00e9vfolyam 3. sz\u00e1m<\/span><\/a><\/span><\/strong><\/p>\n<p style=\"text-align: center;\"><strong><span style=\"font-size: large; font-family: Castellar;\"> <a href=\"http:\/\/baglyasalja.hu\/hirmondo\/hirmondo5.2..pdf\"> <span style=\"color: #000000;\">V. \u00e9vfolyam 2. sz\u00e1m<\/span><\/a><\/span><\/strong><\/p>\n<p style=\"text-align: center;\"><strong><span style=\"font-size: large; font-family: Castellar;\"> <a href=\"http:\/\/baglyasalja.hu\/hirmondo\/hirmondo5.1..pdf\"> <span style=\"color: #000000;\">V. \u00e9vfolyam 1. sz\u00e1m<\/span><\/a><\/span><\/strong><\/p>\n<p>&nbsp;<\/p>\n<p style=\"text-align: center;\"><span style=\"text-decoration: underline;\"><strong><span style=\"font-size: x-large; font-family: Castellar;\">2003<\/span><\/strong><\/span><\/p>\n<p style=\"text-align: center;\"><strong><span style=\"font-size: large; font-family: Castellar;\"> <a href=\"http:\/\/baglyasalja.hu\/hirmondo\/hirmondo4.4..pdf\"> <span style=\"color: #000000;\">IV. \u00e9vfolyam 4. sz\u00e1m<\/span><\/a><\/span><\/strong><\/p>\n<p style=\"text-align: center;\"><strong><span style=\"font-size: large; font-family: Castellar;\"> <a href=\"http:\/\/baglyasalja.hu\/hirmondo\/hirmondo4.3..pdf\"> <span style=\"color: #000000;\">IV. \u00e9vfolyam 3. sz\u00e1m<\/span><\/a><\/span><\/strong><\/p>\n<p style=\"text-align: center;\"><strong><span style=\"font-size: large; font-family: Castellar;\"> <a href=\"http:\/\/baglyasalja.hu\/hirmondo\/hirmondo4.2..pdf\"> <span style=\"color: #000000;\">IV. \u00e9vfolyam 2. sz\u00e1m<\/span><\/a><\/span><\/strong><\/p>\n<p style=\"text-align: center;\"><strong><span style=\"font-size: large; font-family: Castellar;\"> <a href=\"http:\/\/baglyasalja.hu\/hirmondo\/hirmondo4.1..pdf\"> <span style=\"color: #000000;\">IV. \u00e9vfolyam 1. sz\u00e1m<\/span><\/a><\/span><\/strong><\/p>\n<p>&nbsp;<\/p>\n<p style=\"text-align: center;\"><span style=\"text-decoration: underline;\"><strong><span style=\"font-size: x-large; font-family: Castellar;\">2002<\/span><\/strong><\/span><\/p>\n<p style=\"text-align: center;\"><strong><span style=\"font-size: large; font-family: Castellar;\"> <a href=\"http:\/\/baglyasalja.hu\/hirmondo\/hirmondo3.4..pdf\"> <span style=\"color: #000000;\">III. \u00e9vfolyam 4. sz\u00e1m<\/span><\/a><\/span><\/strong><\/p>\n<p style=\"text-align: center;\"><strong><span style=\"font-size: large; font-family: Castellar;\"> <a href=\"http:\/\/baglyasalja.hu\/hirmondo\/hirmondo3.3..pdf\"> <span style=\"color: #000000;\">III. \u00e9vfolyam 3. sz\u00e1m<\/span><\/a><\/span><\/strong><\/p>\n<p style=\"text-align: center;\"><strong><span style=\"font-size: large; font-family: Castellar;\"> <a href=\"http:\/\/baglyasalja.hu\/hirmondo\/hirmondo3.2..pdf\"> <span style=\"color: #000000;\">III. \u00e9vfolyam 2. sz\u00e1m<\/span><\/a><\/span><\/strong><\/p>\n<p style=\"text-align: center;\"><strong><span style=\"font-size: large; font-family: Castellar;\"> <a href=\"http:\/\/baglyasalja.hu\/hirmondo\/hirmondo3.1..pdf\"> <span style=\"color: #000000;\">III. \u00e9vfolyam 1. sz\u00e1m<\/span><\/a><\/span><\/strong><\/p>\n<p>&nbsp;<\/p>\n<p style=\"text-align: center;\"><span style=\"text-decoration: underline;\"><strong><span style=\"font-size: x-large; font-family: Castellar;\">2001<\/span><\/strong><\/span><\/p>\n<p style=\"text-align: center;\"><strong><span style=\"font-size: large; font-family: Castellar;\"> <a href=\"http:\/\/baglyasalja.hu\/hirmondo\/hirmondo2.4..pdf\"> <span style=\"color: #000000;\">II. \u00e9vfolyam 4. sz\u00e1m<\/span><\/a><\/span><\/strong><\/p>\n<p style=\"text-align: center;\"><strong><span style=\"font-size: large; font-family: Castellar;\"> <a href=\"http:\/\/baglyasalja.hu\/hirmondo\/hirmondo2.3..pdf\"> <span style=\"color: #000000;\">II. \u00e9vfolyam 3. sz\u00e1m<\/span><\/a><\/span><\/strong><\/p>\n<p style=\"text-align: center;\"><strong><span style=\"font-size: large; font-family: Castellar;\"> <a href=\"http:\/\/baglyasalja.hu\/hirmondo\/hirmondo2.2..pdf\"> <span style=\"color: #000000;\">II. \u00e9vfolyam 2. sz\u00e1m<\/span><\/a><\/span><\/strong><\/p>\n<p style=\"text-align: center;\"><strong><span style=\"font-size: large; font-family: Castellar;\"> <a href=\"http:\/\/baglyasalja.hu\/hirmondo\/hirmondo2.1..pdf\"> <span style=\"color: #000000;\">II. \u00e9vfolyam 1. sz\u00e1m<\/span><\/a><\/span><\/strong><\/p>\n<p>&nbsp;<\/p>\n<p style=\"text-align: center;\"><span style=\"text-decoration: underline;\"><strong><span style=\"font-size: x-large; font-family: Castellar;\">2000<\/span><\/strong><\/span><\/p>\n<p style=\"text-align: center;\"><strong><span style=\"font-size: large; font-family: Castellar;\"> <a href=\"http:\/\/baglyasalja.hu\/hirmondo\/hirmondo1.2..pdf\"> <span style=\"color: #000000;\">I. \u00e9vfolyam 2. sz\u00e1m<\/span><\/a><\/span><\/strong><\/p>\n<p style=\"text-align: center;\"><strong><span style=\"font-size: large; font-family: Castellar;\"> <a href=\"http:\/\/baglyasalja.hu\/hirmondo\/hirmondo1.1..pdf\"> <span style=\"color: #000000;\">I. \u00e9vfolyam 1. sz\u00e1m<\/span><\/a><\/span><\/strong><\/p>\n<p>&nbsp;<\/p>\n","protected":false},"excerpt":{"rendered":"<p>A H\u00edrmond\u00f3 let\u00f6lt\u00e9s\u00e9hez \u00e9s megtekint\u00e9s\u00e9hez rendelkeznie kell az Adobe Acrobat Reader telep\u00edtett p\u00e9ld\u00e1ny\u00e1val a sz\u00e1m\u00edt\u00f3g\u00e9p\u00e9n. &nbsp; 2017 XVIII. \u00e9vfolyam 1. sz\u00e1m &nbsp; 2016 XVII. \u00e9vfolyam 4. sz\u00e1m XVII. \u00e9vfolyam 3. sz\u00e1m XVII. \u00e9vfolyam 2.&#46;&#46;&#46;<\/p>\n","protected":false},"author":1,"featured_media":0,"parent":0,"menu_order":6,"comment_status":"open","ping_status":"open","template":"","meta":{"footnotes":""},"class_list":["post-14","page","type-page","status-publish","hentry"],"_links":{"self":[{"href":"http:\/\/www.baglyasalja.hu\/baglyas\/index.php?rest_route=\/wp\/v2\/pages\/14","targetHints":{"allow":["GET"]}}],"collection":[{"href":"http:\/\/www.baglyasalja.hu\/baglyas\/index.php?rest_route=\/wp\/v2\/pages"}],"about":[{"href":"http:\/\/www.baglyasalja.hu\/baglyas\/index.php?rest_route=\/wp\/v2\/types\/page"}],"author":[{"embeddable":true,"href":"http:\/\/www.baglyasalja.hu\/baglyas\/index.php?rest_route=\/wp\/v2\/users\/1"}],"replies":[{"embeddable":true,"href":"http:\/\/www.baglyasalja.hu\/baglyas\/index.php?rest_route=%2Fwp%2Fv2%2Fcomments&post=14"}],"version-history":[{"count":0,"href":"http:\/\/www.baglyasalja.hu\/baglyas\/index.php?rest_route=\/wp\/v2\/pages\/14\/revisions"}],"wp:attachment":[{"href":"http:\/\/www.baglyasalja.hu\/baglyas\/index.php?rest_route=%2Fwp%2Fv2%2Fmedia&parent=14"}],"curies":[{"name":"wp","href":"https:\/\/api.w.org\/{rel}","templated":true}]}}